{"id":955,"date":"2020-04-23T17:42:26","date_gmt":"2020-04-23T15:42:26","guid":{"rendered":"http:\/\/sindicatdebarri.org\/?page_id=955"},"modified":"2020-04-25T12:53:34","modified_gmt":"2020-04-25T10:53:34","slug":"los-juegos-del-hambre","status":"publish","type":"page","link":"https:\/\/sindicatdebarri.org\/index.php\/es\/comite-revolucionario-de-alimentos-del-poble-sec\/los-juegos-del-hambre\/","title":{"rendered":"LOS JUEGOS DEL HAMBRE"},"content":{"rendered":"<p><strong>LOS JUEGOS DEL HAMBRE 2020 &#8211; COMUNICAT URGENT DE LES XARXES DE SUPORT MUTU\u00a0<\/strong><\/p>\n<p>La crisi del coronavirus ha agreujat la situaci\u00f3 de precarietat en qu\u00e8 ja moltes de nosaltres ens trob\u00e0vem abans, evidenciant la desigualtat social i les mis\u00e8ries d&#8217;un sistema que no funciona o, m\u00e9s ben dit, funciona per a unes poques i deixa la resta pel cam\u00ed.<\/p>\n<p>Per fer front a l\u2019emerg\u00e8ncia social, les ve\u00efnes hem volgut atendre les nostres necessitats oferint-nos ajuda m\u00fatua, demostrant que \u00e9s l&#8217;\u00fanica resposta possible al col\u00b7lapse institucional. Per aix\u00f2, als barris es van engegar xarxes de suport mutu i diverses iniciatives d\u2019autoorganitzaci\u00f3 ve\u00efnal. Les estructures de suport mutu que ja funcionaven abans (sindicats d&#8217;habitatge, xarxes d&#8217;aliments, col\u00b7lectius migrants i antiracistes, etc.) es van adaptar r\u00e0pidament. Tamb\u00e9 s&#8217;han posat en marxa noves i diverses iniciatives solid\u00e0ries motivades per la necessitat, moltes de les quals tiren endavant gr\u00e0cies a l&#8217;esfor\u00e7 i la implicaci\u00f3 de les persones migrants. Les xarxes d&#8217;aliments, a dia 23 d&#8217;abril, estan donant cobertura a m\u00e9s de 5.500 persones a l&#8217;\u00e0rea metropolitana de Barcelona.<\/p>\n<p>Per\u00f2 ens trobem que dia rere dia les circumst\u00e0ncies de les persones m\u00e9s vulnerables empitjoren sense que els responsables pol\u00edtics se&#8217;n facin c\u00e0rrec i les xarxes de suport mutu, desbordades, no arribem a donar resposta a la forta demanda que hi ha. Moltes persones i fam\u00edlies que ja viv\u00edem al dia abans de la crisi ara no tenim ni per comprar aliments o altres productes de primera necessitat.<\/p>\n<p><strong>Denunciem<\/strong> <strong>que<\/strong>:<\/p>\n<p>&#8211; Les administracions p\u00fabliques no han pres mesures efectives per pal\u00b7liar l&#8217;impacte psicosocial i econ\u00f2mic d\u2019aquesta crisi, que s&#8217;acarnissa amb les persones m\u00e9s vulnerades i que no ha comen\u00e7at amb la pand\u00e8mia, sin\u00f3 que s&#8217;ha fet m\u00e9s palesa. Considerem insuficients i gaireb\u00e9 rid\u00edculs els punts que s&#8217;han habilitat per repartir \u00e0pats diaris a la ciutat de Barcelona i a ciutats ve\u00efnes de la perif\u00e8ria com l&#8217;Hospitalet de Llobregat, Badalona o Santa Coloma de Gramenet. Som milers de ve\u00efnes a cada barri que tenim les necessitats b\u00e0siques sense cobrir. Denunciem el seu col\u00b7laboracionisme amb l\u2019Estat d\u2019alarma, que posa m\u00e9s \u00e8mfasi en la centralitzaci\u00f3 i la militaritzaci\u00f3 que en all\u00f2 social.<\/p>\n<p>&#8211; Serveis Socials, en lloc de donar solucions, generen llistes d\u2019espera i ens deriven a les xarxes de suport mutu fam\u00edlies que dif\u00edcilment podrem atendre amb una capacitat limitada. Deixen a la gent penjada d&#8217;un tel\u00e8fon tanta estona que sovint se&#8217;ls acaba el saldo sense obtenir una resposta.<\/p>\n<p>&#8211; Les xarxes solid\u00e0ries estem patint assetjament policial i multes per part de la Gu\u00e0rdia Urbana de Barcelona, en especial els col\u00b7lectius m\u00e9s vulnerats: les persones migrades i racialitzades. Assenyalem l&#8217;Ajuntament com a responsable directe d\u2019aquesta repressi\u00f3. Denunciem la seva hipocresia, la falta de suport, protecci\u00f3 i reconeixement de la tasca imprescindible de sosteniment col\u00b7lectiu. Denunciem que en lloc de revisar actuacions policials abusives i delictives, siguem nosaltres qui h\u00e0gim de rec\u00f3rrer sancions administratives quantioses.<\/p>\n<p><strong>Per aix\u00f2, exigim als responsables pol\u00edtics mesures socials urgents que serveixin realment per ajudar les persones m\u00e9s enll\u00e0 dels titulars:\u00a0<\/strong><\/p>\n<p>&#8211; Fi de la persecuci\u00f3 a les xarxes de suport mutu. Expedient i acomiadament dels policies que fan ab\u00fas de poder amagant racisme i classisme darrere de la seva obstaculitzaci\u00f3.<\/p>\n<p>&#8211; Obertura de bancs d\u2019aliments amb productes de primera necessitat. Les xarxes de suport mutu no podem abastar m\u00e9s, no volem substituir Serveis Socials ni servir de crossa a les institucions.<\/p>\n<p>&#8211; Ajudes econ\u00f2miques i de tot tipus a les persones sense recursos. Calen mesures extraordin\u00e0ries per abastar la nova borsa de pobresa, que no deixa de cr\u00e9ixer.<\/p>\n<p>&#8211; Suspensi\u00f3 del lloguer per situacions de vulnerabilitat durant la crisi. Calen solucions d&#8217;habitatge urgents en lloc de morat\u00f2ries que nom\u00e9s generen m\u00e9s deute i crisi. S&#8217;ha de prorrogar la prohibici\u00f3 dels desnonaments i desallotjaments, en tots els casos, ja que els que s&#8217;han susp\u00e8s avui es multiplicaran dem\u00e0 sense aquesta mesura.<\/p>\n<p>&#8211; Suspensi\u00f3 del pagament de les factures dels serveis b\u00e0sics (llum, aigua, tel\u00e8fon, internet, etc.) amb manteniment del servei a c\u00e0rrec de les companyies &#8220;voltors&#8221; que es lucren amb les necessitats b\u00e0siques.<\/p>\n<p>&#8211; Regularitzaci\u00f3 immediata de les persones migrades. La privaci\u00f3 dels drets m\u00e9s b\u00e0sics, conseq\u00fc\u00e8ncia de no disposar d\u2019un perm\u00eds de resid\u00e8ncia, les situa ara m\u00e9s encara en una especial vulnerabilitat a l&#8217;hora d&#8217;accedir a totes les ajudes.<\/p>\n<p>El capitalisme \u00e9s un sistema assass\u00ed que nom\u00e9s ent\u00e9n de beneficis econ\u00f2mics, pel que ha de sotmetre la Vida \u00edntegrament als criteris de l&#8217;Economia Pol\u00edtica. Nosaltres ens situem en defensa de la Vida i enfront de la Mort.<\/p>\n<p><strong>La solidaritat, la nostra millor arma!<\/strong><\/p>\n<p>Firmants:<\/p>\n<p>&#8211; Comit\u00e8 Revolucionari d&#8217;Aliments del Poble Sec<br \/>\n&#8211; Sindicat de Barri del Poble Sec<br \/>\n&#8211; Ateneu Cooperatiu La Base del Poble Sec<br \/>\n&#8211; Xarxa d&#8217;Aliments de Vallcarca<br \/>\n&#8211; Xarxa Popular d&#8217;Aliments del Raval &#8211; Xarxa suport mutu del Raval<br \/>\n&#8211; Xarxa d&#8217;aliments L&#8217;Hospitalet<br \/>\n&#8211; Xarxa de suport mutu de l&#8217;Esquerra de l&#8217;Eixample<br \/>\n&#8211; Xarxa de suport mutu del Casc Antic<br \/>\n&#8211; Xarxa Popular d&#8217;Aliments Maresme &#8211; Suport Mutu Maresme<br \/>\n&#8211; Xarxa solid\u00e0ria de Badalona<br \/>\n&#8211; Xarxa solid\u00e0ria Gramenet<br \/>\n&#8211; Las Espigadoras-BCN<br \/>\n&#8211; Xarxa de Suport Mutu de la Trini<br \/>\n&#8211; Xarxa d&#8217;aliments de Sants<br \/>\n&#8211; Sindicato Popular de Vendedores Ambulantes<br \/>\n&#8211; Xarxa de Suport Mutu Sant Andreu i Bon Pastor<br \/>\n&#8211; Tancada Migrant<br \/>\n&#8211; Xarxa Safa-Poblet<br \/>\n&#8211; Red de cuidados antiracistas<br \/>\n&#8211; Vecines en Red Ciutat Vella<br \/>\n&#8211; El Lokal<br \/>\n&#8211; Comite de Vaga de Lloguers dels 3 Turons<\/p>\n<div id=\"magicdomid137\" class=\"ace-line\"><\/div>\n","protected":false},"excerpt":{"rendered":"<p>LOS JUEGOS DEL HAMBRE 2020 &#8211; COMUNICAT URGENT DE LES XARXES DE SUPORT MUTU\u00a0 La crisi del coronavirus ha agreujat [&hellip;]<\/p>\n","protected":false},"author":1,"featured_media":0,"parent":950,"menu_order":0,"comment_status":"closed","ping_status":"closed","template":"","meta":[],"_links":{"self":[{"href":"https:\/\/sindicatdebarri.org\/index.php\/wp-json\/wp\/v2\/pages\/955"}],"collection":[{"href":"https:\/\/sindicatdebarri.org\/index.php\/wp-json\/wp\/v2\/pages"}],"about":[{"href":"https:\/\/sindicatdebarri.org\/index.php\/wp-json\/wp\/v2\/types\/page"}],"author":[{"embeddable":true,"href":"https:\/\/sindicatdebarri.org\/index.php\/wp-json\/wp\/v2\/users\/1"}],"replies":[{"embeddable":true,"href":"https:\/\/sindicatdebarri.org\/index.php\/wp-json\/wp\/v2\/comments?post=955"}],"version-history":[{"count":5,"href":"https:\/\/sindicatdebarri.org\/index.php\/wp-json\/wp\/v2\/pages\/955\/revisions"}],"predecessor-version":[{"id":991,"href":"https:\/\/sindicatdebarri.org\/index.php\/wp-json\/wp\/v2\/pages\/955\/revisions\/991"}],"up":[{"embeddable":true,"href":"https:\/\/sindicatdebarri.org\/index.php\/wp-json\/wp\/v2\/pages\/950"}],"wp:attachment":[{"href":"https:\/\/sindicatdebarri.org\/index.php\/wp-json\/wp\/v2\/media?parent=955"}],"curies":[{"name":"wp","href":"https:\/\/api.w.org\/{rel}","templated":true}]}}