{"id":948,"date":"2020-04-23T17:19:34","date_gmt":"2020-04-23T15:19:34","guid":{"rendered":"http:\/\/sindicatdebarri.org\/?page_id=948"},"modified":"2020-04-26T04:43:50","modified_gmt":"2020-04-26T02:43:50","slug":"comite-revolucionari-daliments-del-poble-sec","status":"publish","type":"page","link":"https:\/\/sindicatdebarri.org\/index.php\/comite-revolucionari-daliments-del-poble-sec\/","title":{"rendered":"Comit\u00e8 Revolucionari d&#8217;Aliments del Poble Sec"},"content":{"rendered":"\n<figure class=\"wp-block-image size-large\"><img decoding=\"async\" loading=\"lazy\" width=\"618\" height=\"616\" src=\"http:\/\/sindicatdebarri.org\/wp-content\/uploads\/2020\/03\/logo.xarxa_.png\" alt=\"\" class=\"wp-image-584\" srcset=\"https:\/\/sindicatdebarri.org\/wp-content\/uploads\/2020\/03\/logo.xarxa_.png 618w, https:\/\/sindicatdebarri.org\/wp-content\/uploads\/2020\/03\/logo.xarxa_-300x300.png 300w, https:\/\/sindicatdebarri.org\/wp-content\/uploads\/2020\/03\/logo.xarxa_-150x150.png 150w\" sizes=\"(max-width: 618px) 100vw, 618px\" \/><\/figure>\n\n\n\n<div style=\"height:63px\" aria-hidden=\"true\" class=\"wp-block-spacer\"><\/div>\n\n\n<p>El Comit\u00e8 ha nascut precipitadament al comen\u00e7ament d&#8217;aquesta crisi sanit\u00e0ria a partir de l&#8217;experi\u00e8ncia pr\u00e8via de la <strong>Xarxa d&#8217;Aliments del Poble Sec<\/strong>, organitzaci\u00f3 comunit\u00e0ria no caritativa i participativa de recollida i distribuci\u00f3 d&#8217;aliments gratu\u00efts, emmarcada dins el <strong>Sindicat de Barri del Poble Sec<\/strong> en col\u00b7laboraci\u00f3 amb l&#8217;associaci\u00f3 <strong>Espigoladors<\/strong>, projecte de lluita contra el desaprofitament i p\u00e8rdua d&#8217;aliments, amb una llarga traject\u00f2ria i s\u00f2lida organitzaci\u00f3, a m\u00e9s de l&#8217;<strong>Ateneu Cooperatiu La Base<\/strong>, espai per la lluita social i creaci\u00f3 de comunitat al Barri del Poble Sec.<\/p>\n<p>Es tracta d&#8217;una reacci\u00f3 davant l'&#8221;Estat d&#8217;Alarma&#8221; i la realitat que s&#8217;est\u00e0 visibilitzant davant els nostres ulls: el capitalisme \u00e9s un sistema assass\u00ed que nom\u00e9s ent\u00e9n de beneficis econ\u00f2mics, pel que ha de sotmetre la Vida en la seva totalitat als criteris de l&#8217;Economia Pol\u00edtica. Nosaltres ens situem en la defensa de la Vida, enfront la Mort a la que el capitalisme est\u00e0 necess\u00e0riament lligat.<\/p>\n<p>La falta de preparaci\u00f3 i l&#8217;absoluta improvisaci\u00f3 a la que es veuen sotmesos tots els poder davant d&#8217;aquesta pand\u00e8mia ha creat un buit en el que no ens queda altre remei que ocupar-lo nosaltres mateixos: vetllar, en la mesura del possible, per la superviv\u00e8ncia de la nostra comunitat. Sabem que gent nostra, del Sindicat de Barri, est\u00e0 tenint problemes d&#8217;acc\u00e9s al menjar per falta de diners. Podem deduir que hi ha molta m\u00e9s gent al nostre barri en la mateixa situaci\u00f3, i als propers dies intentarem arribar a totes elles per tots els mitjans que puguem.<\/p>\n<p><strong>Nom\u00e9s el poble salva el poble,. I ho fem a gust!<\/strong><\/p>\n<hr \/>","protected":false},"excerpt":{"rendered":"<p>El Comit\u00e8 ha nascut precipitadament al comen\u00e7ament d&#8217;aquesta crisi sanit\u00e0ria a partir de l&#8217;experi\u00e8ncia pr\u00e8via de la Xarxa d&#8217;Aliments del [&hellip;]<\/p>\n","protected":false},"author":1,"featured_media":0,"parent":0,"menu_order":0,"comment_status":"closed","ping_status":"closed","template":"","meta":[],"_links":{"self":[{"href":"https:\/\/sindicatdebarri.org\/index.php\/wp-json\/wp\/v2\/pages\/948"}],"collection":[{"href":"https:\/\/sindicatdebarri.org\/index.php\/wp-json\/wp\/v2\/pages"}],"about":[{"href":"https:\/\/sindicatdebarri.org\/index.php\/wp-json\/wp\/v2\/types\/page"}],"author":[{"embeddable":true,"href":"https:\/\/sindicatdebarri.org\/index.php\/wp-json\/wp\/v2\/users\/1"}],"replies":[{"embeddable":true,"href":"https:\/\/sindicatdebarri.org\/index.php\/wp-json\/wp\/v2\/comments?post=948"}],"version-history":[{"count":3,"href":"https:\/\/sindicatdebarri.org\/index.php\/wp-json\/wp\/v2\/pages\/948\/revisions"}],"predecessor-version":[{"id":997,"href":"https:\/\/sindicatdebarri.org\/index.php\/wp-json\/wp\/v2\/pages\/948\/revisions\/997"}],"wp:attachment":[{"href":"https:\/\/sindicatdebarri.org\/index.php\/wp-json\/wp\/v2\/media?parent=948"}],"curies":[{"name":"wp","href":"https:\/\/api.w.org\/{rel}","templated":true}]}}