{"id":866,"date":"2020-04-08T13:07:07","date_gmt":"2020-04-08T11:07:07","guid":{"rendered":"http:\/\/sindicatdebarri.org\/?page_id=866"},"modified":"2020-04-08T13:07:07","modified_gmt":"2020-04-08T11:07:07","slug":"tengo-problemas-con-la-vivienda","status":"publish","type":"page","link":"https:\/\/sindicatdebarri.org\/index.php\/es\/recursos-2\/que-hacer-si\/tengo-problemas-con-la-vivienda\/","title":{"rendered":"&#8230;tengo problemas con la vivienda."},"content":{"rendered":"<p><span style=\"font-size: 12pt;\"><strong><span class=\"tlid-translation translation\" lang=\"es\"><span class=\"\" title=\"\">Tienes problemas<\/span> <span title=\"\">de vivienda<\/span><span title=\"\">?<\/span> <span title=\"\">Quieres<\/span> <span title=\"\">que nos enfrentamos<\/span> <span title=\"\">juntas<\/span><span title=\"\">?<\/span><br \/><br \/><span title=\"\">Qu\u00e9 debes hacer<\/span><span title=\"\">:<\/span><br \/><br \/><span title=\"\">1<\/span> <span title=\"\">\/<\/span><\/span><\/strong><span class=\"tlid-translation translation\" lang=\"es\"><span title=\"\">Asistir a<\/span><\/span><span class=\"tlid-translation translation\" lang=\"es\"><span class=\"\" title=\"\">la sesi\u00f3n de<\/span> <span title=\"\">Bienvenida<\/span> <span title=\"\">del Sindicat<\/span> <span title=\"\">de<\/span> <span title=\"\">Barri<\/span><\/span><span class=\"tlid-translation translation\" lang=\"es\"><span title=\"\">.<\/span><\/span><strong><span class=\"tlid-translation translation\" lang=\"es\"><br \/><br \/><span title=\"\">2<\/span> <span title=\"\">\/<\/span><\/span><\/strong><span class=\"tlid-translation translation\" lang=\"es\"><span title=\"\">Rellenar <\/span><\/span><span class=\"tlid-translation translation\" lang=\"es\"><span title=\"\">con tus datos<\/span> <span title=\"\">la<\/span> <span title=\"\">Ficha<\/span> <span title=\"\">de<\/span> <span title=\"\">Caso<\/span> <span title=\"\">de Vivienda y<\/span> <span title=\"\">llevarla a<\/span> <span title=\"\">la pr\u00f3xima asamblea<\/span> <span title=\"\">del Sindicato<\/span> <span title=\"\">el lunes <\/span><\/span><span class=\"tlid-translation translation\" lang=\"es\"><span title=\"\">siguiente.<\/span><\/span><strong><span class=\"tlid-translation translation\" lang=\"es\"><br \/><br \/><span title=\"\">3<\/span> <span title=\"\">\/<\/span><\/span><\/strong><span class=\"tlid-translation translation\" lang=\"es\"><span title=\"\">Conseguir <\/span><\/span><span class=\"tlid-translation translation\" lang=\"es\"><span title=\"\">el m\u00e1ximo<\/span> <span title=\"\">de informaci\u00f3n de la <\/span><\/span><span class=\"tlid-translation translation\" lang=\"es\"><span title=\"\">propiedad.<\/span><\/span><\/span><\/p>\r\n<p style=\"padding-left: 40px;\"><span style=\"font-size: 12pt;\"><strong><span class=\"tlid-translation translation\" lang=\"es\"><span title=\"\">a<\/span> <span title=\"\">\/<\/span><\/span><\/strong><span class=\"tlid-translation translation\" lang=\"es\"><span title=\"\">Trae <\/span><\/span><span class=\"tlid-translation translation\" lang=\"es\"><span title=\"\">TODA<\/span> <span title=\"\">la documentaci\u00f3n<\/span><span title=\"\">:<\/span> <span title=\"\">contrato<\/span> <span title=\"\">de alquiler<\/span><span title=\"\">, notificaciones<\/span> <span title=\"\">del juzgado,<\/span> <span title=\"\">burofax<\/span> <span title=\"\">de la propiedad<\/span><\/span><span class=\"tlid-translation translation\" lang=\"es\"><span title=\"\">&#8230;<\/span><\/span><strong><span class=\"tlid-translation translation\" lang=\"es\"><br \/><br \/><span title=\"\">b<\/span> <span title=\"\">\/<\/span><\/span><\/strong><span class=\"tlid-translation translation\" lang=\"es\"><span title=\"\">Investigar <\/span><\/span><span class=\"tlid-translation translation\" lang=\"es\"><span title=\"\">qui\u00e9n es el<\/span> <span title=\"\">propietario<\/span> <span title=\"\">yendo<\/span> <span title=\"\">al<\/span> <span title=\"\">Registro de la Propiedad<\/span> <span title=\"\">(<\/span><span class=\"\" title=\"\">Paseo<\/span> <span title=\"\">de la Zona<\/span> <span title=\"\">Franca<\/span><span title=\"\">, 109<\/span><span title=\"\">,<\/span> <span title=\"\">Horario: lunes a<\/span> <span title=\"\">viernes de<\/span> <span title=\"\">9 a<\/span> <span title=\"\">14h<\/span> <span title=\"\">y<\/span> <span class=\"\" title=\"\">de 15 a<\/span> <span class=\"\" title=\"\">17h)<\/span> <span title=\"\">y conseguir<\/span> <span title=\"\">la<\/span> <span title=\"\">Nota<\/span> <span title=\"\">Simple<\/span> <span title=\"\">de Propiedad<\/span><\/span><span class=\"tlid-translation translation\" lang=\"es\"><span title=\"\">.<\/span><\/span><strong><span class=\"tlid-translation translation\" lang=\"es\"><br \/><br \/><span title=\"\">c<\/span> <span title=\"\">\/<\/span><\/span><\/strong><span class=\"tlid-translation translation\" lang=\"es\"><span title=\"\">Hablar con<\/span><\/span><span class=\"tlid-translation translation\" lang=\"es\"><span title=\"\">las<\/span> <span class=\"\" title=\"\">vecinas<\/span> <span title=\"\">de la finca<\/span> <span title=\"\">y conocer la<\/span> <span title=\"\">situaci\u00f3n<\/span> <span title=\"\">del resto<\/span> <span class=\"\" title=\"\">de pisos<\/span><span title=\"\">.<\/span> <span class=\"\" title=\"\">Es importante<\/span> <span title=\"\">saber<\/span> <span title=\"\">si hay m\u00e1s<\/span> <span title=\"\">pisos<\/span> <span title=\"\">de la misma<\/span> <span class=\"\" title=\"\">propiedad y<\/span> <span title=\"\">si la<\/span> <span title=\"\">propiedad<\/span> <span title=\"\">tambi\u00e9n los<\/span> <span title=\"\">quiere subir<\/span> <span title=\"\">el alquiler<\/span> <span class=\"\" title=\"\">o finalizar <\/span><\/span><span class=\"tlid-translation translation\" lang=\"es\"><span class=\"\" title=\"\">el contrato<\/span><\/span><strong><span class=\"tlid-translation translation\" lang=\"es\"><span class=\"\" title=\"\">.<\/span><\/span><\/strong><\/span><\/p>\r\n<div class=\"oSioSc\">\r\n<div id=\"tw-target\">\r\n<div id=\"kAz1tf\" class=\"g9WsWb\">\r\n<p id=\"tw-target-text-container\" class=\"tw-ta-container hide-focus-ring tw-nfl\" tabindex=\"0\"><span lang=\"es\"><strong>4<\/strong> \/ Importante: Aparte de ir al Sindicato tienes que ir a explicar tu caso a: <\/span><\/p>\r\n<p class=\"tw-ta-container hide-focus-ring tw-nfl\" style=\"padding-left: 40px;\" tabindex=\"0\"><span lang=\"es\"><strong>a<\/strong> \/<strong> Servicios Sociales<\/strong> (c \/ Rosario, 15, Horario: de lunes a viernes de 9 a 13h, y martes y jueves de 16 a 18h) <\/span><\/p>\r\n<p class=\"tw-ta-container hide-focus-ring tw-nfl\" style=\"padding-left: 40px;\" tabindex=\"0\"><span lang=\"es\"><strong>b<\/strong> \/ <strong>Oficina de Vivienda<\/strong> (c \/ Antonio de Capmany, 23. Horario: de lunes a viernes de 8:30 a 14: 30h)<\/span><\/p>\r\n<\/div>\r\n<\/div>\r\n<\/div>\r\n<hr \/>\r\n<p id=\"tw-target-text\" class=\"tw-data-text tw-text-large tw-ta\" dir=\"ltr\" data-placeholder=\"Traducci\u00f3\"><em><strong><span lang=\"es\">Has recibido una carta de desahucio? <\/span><\/strong><\/em><\/p>\r\n<p class=\"tw-data-text tw-text-large tw-ta\" dir=\"ltr\" data-placeholder=\"Traducci\u00f3\"><em><strong><span lang=\"es\">Tranquila, no est\u00e1s sola, desde el Sindicato de barrio nos organizaremos para detenerlo y abrir un proceso de negociaci\u00f3n con la Propiedad <\/span><\/strong><\/em><\/p>\r\n<p class=\"tw-data-text tw-text-large tw-ta\" dir=\"ltr\" data-placeholder=\"Traducci\u00f3\"><span lang=\"es\">Si tienes una carta de desahucio o sabes que no te quieren renovar el contrato, estos son los pasos a seguir: <\/span><\/p>\r\n<p class=\"tw-data-text tw-text-large tw-ta\" dir=\"ltr\" data-placeholder=\"Traducci\u00f3\"><span lang=\"es\"><strong>5<\/strong> \/ Abrir un proceso negociador con la propiedad. Escribir a la propiedad y \/ o administrador para mostrar nuestro desacuerdo con la subida, finalizaci\u00f3n del contrato o desahucio. Desde el Sindicato se facilitar\u00e1 una carta tipo para enviar. <\/span><\/p>\r\n<p class=\"tw-data-text tw-text-large tw-ta\" dir=\"ltr\" data-placeholder=\"Traducci\u00f3\"><span lang=\"es\"><strong>6<\/strong> \/ En caso de no recibir respuesta o que \u00e9sta sea negativa, se intentar\u00e1 concretar una reuni\u00f3n con la propiedad y \/ o administrador. A esta reuni\u00f3n asistiremos una o dos personas del Sindicato contigo para tratar de llegar a un acuerdo. <\/span><\/p>\r\n<p class=\"tw-data-text tw-text-large tw-ta\" dir=\"ltr\" data-placeholder=\"Traducci\u00f3\"><span lang=\"es\"><strong>7<\/strong> \/ Si llegado a este punto la propiedad no cede, ser\u00e1 el momento de discutir los siguientes pasos a seguir colectivamente. <\/span><\/p>\r\n<p class=\"tw-data-text tw-text-large tw-ta\" dir=\"ltr\" data-placeholder=\"Traducci\u00f3\"><em><strong><span lang=\"es\">Pero, sobre todo, mucha calma !!<\/span><\/strong><\/em><\/p>\r\n<div id=\"tw-target-text-container\" class=\"tw-ta-container hide-focus-ring tw-nfl\" tabindex=\"0\">\r\n<ul>\r\n<li><span lang=\"es\">Nadie en prisi\u00f3n por dejar de pagar, no es un delito. <\/span><\/li>\r\n<li><span lang=\"es\">No te pueden sacar tus hijos\/as por haber dejado de pagar. <\/span><\/li>\r\n<li><span lang=\"es\">Tus hijos\/as no heredan la deuda. <\/span><\/li>\r\n<li><span lang=\"es\">No te pueden<\/span><span lang=\"es\"> expulsar del pa\u00eds por haber dejado de pagar. <\/span><\/li>\r\n<li><span lang=\"es\">Es un procedimiento r\u00e1pido, nos tenemos que implicar r\u00e1pidamente. <\/span><\/li>\r\n<li><span lang=\"es\">No has hecho nada malo, no eres un delincuente. <\/span><\/li>\r\n<li><span lang=\"es\">Es probable que tengas que hacer frente a cartas y llamadas antes del juicio. <\/span><\/li>\r\n<li><span lang=\"es\">No est\u00e1s sola, no desesperes.<\/span><\/li>\r\n<\/ul>\r\n<\/div>\r\n<blockquote>\r\n<div class=\"oSioSc\">\r\n<div id=\"tw-target\">\r\n<div id=\"kAz1tf\" class=\"g9WsWb\">\r\n<div id=\"tw-target-text-container\" class=\"tw-ta-container hide-focus-ring tw-nfl\" tabindex=\"0\">\u00a0<\/div>\r\n<\/div>\r\n<\/div>\r\n<\/div>\r\n<\/blockquote>\r\n<hr \/>\r\n<p><span style=\"font-size: 12pt;\"><strong><u>SERVICIOS SOCIALES<\/u><\/strong><\/span><\/p>\r\n<div id=\"tw-target\">\r\n<div id=\"kAz1tf\" class=\"g9WsWb\">\r\n<div id=\"tw-target-text-container\" class=\"tw-ta-container hide-focus-ring tw-nfl\" tabindex=\"0\">\r\n<p id=\"tw-target-text\" class=\"tw-data-text tw-text-large tw-ta\" dir=\"ltr\" data-placeholder=\"Traducci\u00f3\"><span lang=\"es\">En cualquier fase del proceso es muy importante utilizar los recursos de la Administraci\u00f3n para refuerza nuestra negociaci\u00f3n: ir a Servicios Sociales y pedir cu\u00e1l ser\u00eda la opci\u00f3n de realojamiento prevista en caso de producirse el desahucio.<\/span><\/p>\r\n<\/div>\r\n<\/div>\r\n<\/div>\r\n<hr \/>\r\n<p><span style=\"font-size: 12pt;\"><strong><u>OFICINA D\u2019HABITATGE<\/u><\/strong><\/span><\/p>\r\n<p id=\"tw-target-text\" class=\"tw-data-text tw-text-large tw-ta\" dir=\"ltr\" data-placeholder=\"Traducci\u00f3\"><span lang=\"es\">Podemos pedir informaci\u00f3n sobre las ayudas al alquiler. Es muy importante reclamar nuestros derechos para conseguir lo que es nuestro! <\/span><\/p>\r\n<ul>\r\n<li><span lang=\"es\">Informaci\u00f3n y asesoramiento legal en materia de vivienda. <\/span><\/li>\r\n<li><span lang=\"es\">Mediaci\u00f3n en el alquiler: relaciones propietario-inquilino, problem\u00e1ticas vecinales, acoso inmobiliario.<\/span><\/li>\r\n<li><span lang=\"es\">Prestaciones permanentes para pagar el alquiler. <\/span><\/li>\r\n<li><span lang=\"es\">Prestaciones de especial urgencia: alquiler\/hipoteca y desahucio.<\/span><\/li>\r\n<\/ul>\r\n<hr class=\"wp-block-separator\" \/>","protected":false},"excerpt":{"rendered":"<p>Tienes problemas de vivienda? Quieres que nos enfrentamos juntas? Qu\u00e9 debes hacer: 1 \/Asistir ala sesi\u00f3n de Bienvenida del Sindicat [&hellip;]<\/p>\n","protected":false},"author":1,"featured_media":0,"parent":795,"menu_order":0,"comment_status":"closed","ping_status":"closed","template":"","meta":[],"_links":{"self":[{"href":"https:\/\/sindicatdebarri.org\/index.php\/wp-json\/wp\/v2\/pages\/866"}],"collection":[{"href":"https:\/\/sindicatdebarri.org\/index.php\/wp-json\/wp\/v2\/pages"}],"about":[{"href":"https:\/\/sindicatdebarri.org\/index.php\/wp-json\/wp\/v2\/types\/page"}],"author":[{"embeddable":true,"href":"https:\/\/sindicatdebarri.org\/index.php\/wp-json\/wp\/v2\/users\/1"}],"replies":[{"embeddable":true,"href":"https:\/\/sindicatdebarri.org\/index.php\/wp-json\/wp\/v2\/comments?post=866"}],"version-history":[{"count":4,"href":"https:\/\/sindicatdebarri.org\/index.php\/wp-json\/wp\/v2\/pages\/866\/revisions"}],"predecessor-version":[{"id":870,"href":"https:\/\/sindicatdebarri.org\/index.php\/wp-json\/wp\/v2\/pages\/866\/revisions\/870"}],"up":[{"embeddable":true,"href":"https:\/\/sindicatdebarri.org\/index.php\/wp-json\/wp\/v2\/pages\/795"}],"wp:attachment":[{"href":"https:\/\/sindicatdebarri.org\/index.php\/wp-json\/wp\/v2\/media?parent=866"}],"curies":[{"name":"wp","href":"https:\/\/api.w.org\/{rel}","templated":true}]}}