{"id":864,"date":"2020-04-08T12:43:25","date_gmt":"2020-04-08T10:43:25","guid":{"rendered":"http:\/\/sindicatdebarri.org\/?page_id=864"},"modified":"2020-04-08T12:43:25","modified_gmt":"2020-04-08T10:43:25","slug":"no-puc-pagar-la-hipoteca","status":"publish","type":"page","link":"https:\/\/sindicatdebarri.org\/index.php\/es\/recursos-2\/que-hacer-si\/no-puc-pagar-la-hipoteca\/","title":{"rendered":"&#8230;no puc pagar la hipoteca."},"content":{"rendered":"<p>Si tienes una hipoteca que no puedes pagar y la propiedad de tucasa es de un banco o un fondo buitre, posiblemente puedes conseguir un alquiler social que te permita quedarte en tu casa. Hasta 33 entidades (bancos, cajas, fondos) forman parte del Fondo Social de Viviendas.<\/p>\n<p><strong>\u00bfQui\u00e9n puede obtener un alquiler social?<\/strong><\/p>\n<p>Quienes perdiesen su vivienda habitual despu\u00e9s del 31 de diciembre de 2017 y a favor de alguna de las entidades de cr\u00e9dito participantes en el convenio. Adem\u00e1s de esto, las<br \/>\npersonas tienen que encontrarse en alguna de estas situaciones:<\/p>\n<ul>\n<li>El procedimiento de ejecuci\u00f3n hipotecaria debe haber dado lugar a una adjudicaci\u00f3n de vivienda, pero todav\u00eda no se ha producido el desalojo.<\/li>\n<li>Se ha desalojado la persona o personas por medio de una demanda de ejecuci\u00f3n por impago de la hipoteca o un pr\u00e9stamo no hipotecario.<\/li>\n<li>Se haya producido una daci\u00f3n el pago, pese a que todav\u00eda no se haya dejado la vivienda.<\/li>\n<\/ul>\n<p><strong>E ir a la asamblea del Sindicat de Barri y exponer tu caso para afrontarlo colectivamente!!<\/strong><\/p>\n","protected":false},"excerpt":{"rendered":"<p>Si tienes una hipoteca que no puedes pagar y la propiedad de tucasa es de un banco o un fondo [&hellip;]<\/p>\n","protected":false},"author":1,"featured_media":0,"parent":795,"menu_order":0,"comment_status":"closed","ping_status":"closed","template":"","meta":[],"_links":{"self":[{"href":"https:\/\/sindicatdebarri.org\/index.php\/wp-json\/wp\/v2\/pages\/864"}],"collection":[{"href":"https:\/\/sindicatdebarri.org\/index.php\/wp-json\/wp\/v2\/pages"}],"about":[{"href":"https:\/\/sindicatdebarri.org\/index.php\/wp-json\/wp\/v2\/types\/page"}],"author":[{"embeddable":true,"href":"https:\/\/sindicatdebarri.org\/index.php\/wp-json\/wp\/v2\/users\/1"}],"replies":[{"embeddable":true,"href":"https:\/\/sindicatdebarri.org\/index.php\/wp-json\/wp\/v2\/comments?post=864"}],"version-history":[{"count":1,"href":"https:\/\/sindicatdebarri.org\/index.php\/wp-json\/wp\/v2\/pages\/864\/revisions"}],"predecessor-version":[{"id":865,"href":"https:\/\/sindicatdebarri.org\/index.php\/wp-json\/wp\/v2\/pages\/864\/revisions\/865"}],"up":[{"embeddable":true,"href":"https:\/\/sindicatdebarri.org\/index.php\/wp-json\/wp\/v2\/pages\/795"}],"wp:attachment":[{"href":"https:\/\/sindicatdebarri.org\/index.php\/wp-json\/wp\/v2\/media?parent=864"}],"curies":[{"name":"wp","href":"https:\/\/api.w.org\/{rel}","templated":true}]}}