{"id":862,"date":"2020-04-08T12:31:14","date_gmt":"2020-04-08T10:31:14","guid":{"rendered":"http:\/\/sindicatdebarri.org\/?page_id=862"},"modified":"2020-04-08T12:43:47","modified_gmt":"2020-04-08T10:43:47","slug":"no-me-puedo-pagar-el-alquiler","status":"publish","type":"page","link":"https:\/\/sindicatdebarri.org\/index.php\/es\/recursos-2\/que-hacer-si\/no-me-puedo-pagar-el-alquiler\/","title":{"rendered":"&#8230;no me puedo pagar el alquiler."},"content":{"rendered":"<p>No est\u00e1s sola, somos muchas las que no llegamos a final de mes, no tener dinero no es un crimen. Es imprescindible compartir con nuestra gente cercana, amigos, vecinos y<br \/>\nfamiliares nuestras dificultades. No escondamos m\u00e1s este problema que afecta a tantos hogares del barrio.<br \/>\nSi ves que pronto no podr\u00e1s pagar, ya puedes empezar la defensa de tu vivienda para no tener que irte de tu casa. Una vez se deja de pagar el alquiler (s\u00f3lo por dejar de pagar una mensualidad) el proceso es muy r\u00e1pido, de 1 a 6 meses recibir\u00e1s la demanda del juzgado. Qu\u00e9date en el piso mientras buscamos maneras de resolver esta situaci\u00f3n y prioriza las necesidades b\u00e1sicas de tu familia, comida, educaci\u00f3n, salud, la vida va primero!<\/p>\n<p><strong>Pasos a seguir:<\/strong><\/p>\n<ol>\n<li>Leer atentamente y entender el Contrato de Alquiler<\/li>\n<li>Conseguir toda la informaci\u00f3n posible del propietario (ver p\u00e1gina on estiguin els protocols de primers passos)<\/li>\n<li>Acudir a los organismos p\u00fablicos que pueden retrasar un poco este proceso (Ver p\u00e1gina donde est\u00e9n protocolos de primeros pasos)<\/li>\n<li>Abrir un canal de negociaci\u00f3n con el propietario (ver p\u00e1gina on estiguin els protocols de primers passos)No est\u00e0s sola, som\u00a0 moltes les que no podem arribar a final de mes,\u00a0 o tenir diners no \u00e9s un crim. \u00c9s imprescindible compartir amb la gent del nostre voltant, amics, ve\u00efnes i familiars les nostres dificultats. No hem d\u2019amagar aquest problema que afecta a tantes llars del nostre barri.<\/li>\n<\/ol>\n<p><strong>E ir a la asamblea del Sindicat de Barri y exponer tu caso para afrontarlo colectivamente!!<\/strong><\/p>\n","protected":false},"excerpt":{"rendered":"<p>No est\u00e1s sola, somos muchas las que no llegamos a final de mes, no tener dinero no es un crimen. [&hellip;]<\/p>\n","protected":false},"author":1,"featured_media":0,"parent":795,"menu_order":0,"comment_status":"closed","ping_status":"closed","template":"","meta":[],"_links":{"self":[{"href":"https:\/\/sindicatdebarri.org\/index.php\/wp-json\/wp\/v2\/pages\/862"}],"collection":[{"href":"https:\/\/sindicatdebarri.org\/index.php\/wp-json\/wp\/v2\/pages"}],"about":[{"href":"https:\/\/sindicatdebarri.org\/index.php\/wp-json\/wp\/v2\/types\/page"}],"author":[{"embeddable":true,"href":"https:\/\/sindicatdebarri.org\/index.php\/wp-json\/wp\/v2\/users\/1"}],"replies":[{"embeddable":true,"href":"https:\/\/sindicatdebarri.org\/index.php\/wp-json\/wp\/v2\/comments?post=862"}],"version-history":[{"count":1,"href":"https:\/\/sindicatdebarri.org\/index.php\/wp-json\/wp\/v2\/pages\/862\/revisions"}],"predecessor-version":[{"id":863,"href":"https:\/\/sindicatdebarri.org\/index.php\/wp-json\/wp\/v2\/pages\/862\/revisions\/863"}],"up":[{"embeddable":true,"href":"https:\/\/sindicatdebarri.org\/index.php\/wp-json\/wp\/v2\/pages\/795"}],"wp:attachment":[{"href":"https:\/\/sindicatdebarri.org\/index.php\/wp-json\/wp\/v2\/media?parent=862"}],"curies":[{"name":"wp","href":"https:\/\/api.w.org\/{rel}","templated":true}]}}