{"id":858,"date":"2020-04-08T12:21:13","date_gmt":"2020-04-08T10:21:13","guid":{"rendered":"http:\/\/sindicatdebarri.org\/?page_id=858"},"modified":"2020-04-08T12:21:13","modified_gmt":"2020-04-08T10:21:13","slug":"mi-finca-esta-en-mal-estado","status":"publish","type":"page","link":"https:\/\/sindicatdebarri.org\/index.php\/es\/recursos-2\/que-hacer-si\/mi-finca-esta-en-mal-estado\/","title":{"rendered":"&#8230;mi finca est\u00e1 en mal estado."},"content":{"rendered":"<p>Si tu finca est\u00e1 en mal estado o ves que la propiedad est\u00e1 omitiendo sus deberes es posible que te encuentres en un caso de mobbing inmobiliario. Esta es una pr\u00e1ctica com\u00fan entre propietarios con el objetivo de perturbarte en el uso pac\u00edfico de tu vivienda con el fin de forzarte a adoptar una decisi\u00f3n no deseada sobre el derecho con el que te ampara la ley. Es decir, tu propietario puede tener otros planes con la finca, y t\u00fa le sobras.<\/p>\n<ol>\n<li>Recopila toda la informaci\u00f3n de incumplimiento: fotos, videos, etc.<\/li>\n<li>Ve a la Oficina de Habitatge y expl\u00edcales tu caso con las pruebas que has tomado.<\/li>\n<li>Manda un burofax a la propiedad, este es un documento oficial que te puede servir delante de un juez, si alg\u00fan d\u00eda te fuera necesario.<\/li>\n<li>Organ\u00edzate con otras vecinas para que ellas tambi\u00e9n reporten la situaci\u00f3n.<\/li>\n<\/ol>\n<p><strong>E ir a la asamblea del Sindicat de Barri y exponer la situaci\u00f3n para afrontarla colectivamente!!<\/strong><\/p>\n","protected":false},"excerpt":{"rendered":"<p>Si tu finca est\u00e1 en mal estado o ves que la propiedad est\u00e1 omitiendo sus deberes es posible que te [&hellip;]<\/p>\n","protected":false},"author":1,"featured_media":0,"parent":795,"menu_order":0,"comment_status":"closed","ping_status":"closed","template":"","meta":[],"_links":{"self":[{"href":"https:\/\/sindicatdebarri.org\/index.php\/wp-json\/wp\/v2\/pages\/858"}],"collection":[{"href":"https:\/\/sindicatdebarri.org\/index.php\/wp-json\/wp\/v2\/pages"}],"about":[{"href":"https:\/\/sindicatdebarri.org\/index.php\/wp-json\/wp\/v2\/types\/page"}],"author":[{"embeddable":true,"href":"https:\/\/sindicatdebarri.org\/index.php\/wp-json\/wp\/v2\/users\/1"}],"replies":[{"embeddable":true,"href":"https:\/\/sindicatdebarri.org\/index.php\/wp-json\/wp\/v2\/comments?post=858"}],"version-history":[{"count":1,"href":"https:\/\/sindicatdebarri.org\/index.php\/wp-json\/wp\/v2\/pages\/858\/revisions"}],"predecessor-version":[{"id":859,"href":"https:\/\/sindicatdebarri.org\/index.php\/wp-json\/wp\/v2\/pages\/858\/revisions\/859"}],"up":[{"embeddable":true,"href":"https:\/\/sindicatdebarri.org\/index.php\/wp-json\/wp\/v2\/pages\/795"}],"wp:attachment":[{"href":"https:\/\/sindicatdebarri.org\/index.php\/wp-json\/wp\/v2\/media?parent=858"}],"curies":[{"name":"wp","href":"https:\/\/api.w.org\/{rel}","templated":true}]}}