{"id":856,"date":"2020-04-08T12:15:11","date_gmt":"2020-04-08T10:15:11","guid":{"rendered":"http:\/\/sindicatdebarri.org\/?page_id=856"},"modified":"2020-04-08T12:15:11","modified_gmt":"2020-04-08T10:15:11","slug":"quiero-alquilar-un-piso","status":"publish","type":"page","link":"https:\/\/sindicatdebarri.org\/index.php\/es\/recursos-2\/que-hacer-si\/quiero-alquilar-un-piso\/","title":{"rendered":"&#8230;quiero alquilar un piso."},"content":{"rendered":"<p>Es importante leer con atenci\u00f3n el contracto y comprobar que contiene la cl\u00e1usulas y condiciones m\u00ednimas obligadas por ley. Daos 48-72 horas para leer el contrato y negociarlo.<\/p>\n<ul>\n<li>El contenido del contrato de alquiler es la voluntad de las dos partes, no firmes nada que no recoja las condiciones negociadas entre los dos.<\/li>\n<li>El precio y el objeto (lo que estamos alquilando) debe quedar claro \u2022 La ley establece una duraci\u00f3n m\u00ednima de cumplimiento del arrendador de 3 a\u00f1os.<\/li>\n<li>El IPC del precio de alquiler solo puede actualizarse tras los primeros 3 a\u00f1os de contrato, solo si se realizan mejoras en la finca y la subida est\u00e1 limitada por ley.<\/li>\n<li>Derecho a tanteo: Este derecho aparece en todos los contratos, es la capacidad de una persona de exigir a otra, con relaci\u00f3n a la compraventa de un bien concreto, que se lo venda a \u00e9l por el precio que ya ten\u00eda acordado con un tercero. Es decir, t\u00fa tienes prioridad de compra sobre el piso que rentas. Adem\u00e1s por ley el propietario debe avisarte si vende el piso. En algunos contractos te hacen renunciar a este derecho, puedes negarte.<\/li>\n<\/ul>\n","protected":false},"excerpt":{"rendered":"<p>Es importante leer con atenci\u00f3n el contracto y comprobar que contiene la cl\u00e1usulas y condiciones m\u00ednimas obligadas por ley. Daos [&hellip;]<\/p>\n","protected":false},"author":1,"featured_media":0,"parent":795,"menu_order":0,"comment_status":"closed","ping_status":"closed","template":"","meta":[],"_links":{"self":[{"href":"https:\/\/sindicatdebarri.org\/index.php\/wp-json\/wp\/v2\/pages\/856"}],"collection":[{"href":"https:\/\/sindicatdebarri.org\/index.php\/wp-json\/wp\/v2\/pages"}],"about":[{"href":"https:\/\/sindicatdebarri.org\/index.php\/wp-json\/wp\/v2\/types\/page"}],"author":[{"embeddable":true,"href":"https:\/\/sindicatdebarri.org\/index.php\/wp-json\/wp\/v2\/users\/1"}],"replies":[{"embeddable":true,"href":"https:\/\/sindicatdebarri.org\/index.php\/wp-json\/wp\/v2\/comments?post=856"}],"version-history":[{"count":1,"href":"https:\/\/sindicatdebarri.org\/index.php\/wp-json\/wp\/v2\/pages\/856\/revisions"}],"predecessor-version":[{"id":857,"href":"https:\/\/sindicatdebarri.org\/index.php\/wp-json\/wp\/v2\/pages\/856\/revisions\/857"}],"up":[{"embeddable":true,"href":"https:\/\/sindicatdebarri.org\/index.php\/wp-json\/wp\/v2\/pages\/795"}],"wp:attachment":[{"href":"https:\/\/sindicatdebarri.org\/index.php\/wp-json\/wp\/v2\/media?parent=856"}],"curies":[{"name":"wp","href":"https:\/\/api.w.org\/{rel}","templated":true}]}}