{"id":831,"date":"2020-04-07T16:57:50","date_gmt":"2020-04-07T14:57:50","guid":{"rendered":"http:\/\/sindicatdebarri.org\/?page_id=831"},"modified":"2020-04-07T17:00:39","modified_gmt":"2020-04-07T15:00:39","slug":"estructuras-populares","status":"publish","type":"page","link":"https:\/\/sindicatdebarri.org\/index.php\/es\/sindicat-de-barri-del-poble-sec-2\/estructuras-populares\/","title":{"rendered":"Estructuras Populares"},"content":{"rendered":"<p id=\"tw-target-text\" class=\"tw-data-text tw-text-large tw-ta\" dir=\"ltr\" data-placeholder=\"Traducci\u00f3\">En el Sindicat de Barri creemos <span lang=\"es\">que debemos fortalecer los lazos dentro del Sindicato y con el vecindario m\u00e1s all\u00e1 de las actividades habituales del Sindicato. Por eso fomentamos activamente la creaci\u00f3n y participaci\u00f3n en Estructuras Populares en el Poble Sec: <\/span><\/p>\n<p class=\"tw-data-text tw-text-large tw-ta\" dir=\"ltr\" data-placeholder=\"Traducci\u00f3\"><strong><span lang=\"es\">Xarxa d&#8217;Aliments del Poble Sec <\/span><\/strong><\/p>\n<p class=\"tw-data-text tw-text-large tw-ta\" dir=\"ltr\" data-placeholder=\"Traducci\u00f3\"><strong><span lang=\"es\">Grupo de Mujeres del Sindicat de Barri <\/span><\/strong><\/p>\n<p class=\"tw-data-text tw-text-large tw-ta\" dir=\"ltr\" data-placeholder=\"Traducci\u00f3\"><strong><span lang=\"es\">Equipo de F\u00fatbol del SdB <\/span><\/strong><\/p>\n<p class=\"tw-data-text tw-text-large tw-ta\" dir=\"ltr\" data-placeholder=\"Traducci\u00f3\"><strong><span lang=\"es\">Grupo de Autodefensa del SdB<\/span><\/strong><\/p>\n<p>&nbsp;<\/p>\n","protected":false},"excerpt":{"rendered":"<p>En el Sindicat de Barri creemos que debemos fortalecer los lazos dentro del Sindicato y con el vecindario m\u00e1s all\u00e1 [&hellip;]<\/p>\n","protected":false},"author":1,"featured_media":0,"parent":826,"menu_order":0,"comment_status":"closed","ping_status":"closed","template":"","meta":[],"_links":{"self":[{"href":"https:\/\/sindicatdebarri.org\/index.php\/wp-json\/wp\/v2\/pages\/831"}],"collection":[{"href":"https:\/\/sindicatdebarri.org\/index.php\/wp-json\/wp\/v2\/pages"}],"about":[{"href":"https:\/\/sindicatdebarri.org\/index.php\/wp-json\/wp\/v2\/types\/page"}],"author":[{"embeddable":true,"href":"https:\/\/sindicatdebarri.org\/index.php\/wp-json\/wp\/v2\/users\/1"}],"replies":[{"embeddable":true,"href":"https:\/\/sindicatdebarri.org\/index.php\/wp-json\/wp\/v2\/comments?post=831"}],"version-history":[{"count":1,"href":"https:\/\/sindicatdebarri.org\/index.php\/wp-json\/wp\/v2\/pages\/831\/revisions"}],"predecessor-version":[{"id":832,"href":"https:\/\/sindicatdebarri.org\/index.php\/wp-json\/wp\/v2\/pages\/831\/revisions\/832"}],"up":[{"embeddable":true,"href":"https:\/\/sindicatdebarri.org\/index.php\/wp-json\/wp\/v2\/pages\/826"}],"wp:attachment":[{"href":"https:\/\/sindicatdebarri.org\/index.php\/wp-json\/wp\/v2\/media?parent=831"}],"curies":[{"name":"wp","href":"https:\/\/api.w.org\/{rel}","templated":true}]}}