{"id":829,"date":"2020-04-07T16:53:21","date_gmt":"2020-04-07T14:53:21","guid":{"rendered":"http:\/\/sindicatdebarri.org\/?page_id=829"},"modified":"2023-05-24T14:26:03","modified_gmt":"2023-05-24T12:26:03","slug":"demandas-de-la-huelga-de-alquileres","status":"publish","type":"page","link":"https:\/\/sindicatdebarri.org\/index.php\/es\/campanas\/campanas-pasades\/huelga-de-alquileres\/demandas-de-la-huelga-de-alquileres\/","title":{"rendered":"Demandas de la Huelga de Alquileres"},"content":{"rendered":"<div class=\"entry-content\">\n<h3 align=\"JUSTIFY\"><span lang=\"ca-ES\">Cu\u00e1les son las demandas de la Huelga de Alquileres:<\/span><\/h3>\n<p>M\u00e1s de 200 organizaciones nos unimos en esta huelga de alquileres para exigir al Gobierno medidas que cubran los derechos m\u00e1s b\u00e1sicos durante el confinamiento.<br \/>\nLas demandas son claras:<\/p>\n<ul>\n<li><strong>S<\/strong><strong>uspensi\u00f3n de los pagos del alquiler e hipotecarios a la vivienda habitual y locales de peque\u00f1os comercios<\/strong>. Tambi\u00e9n la condonaci\u00f3n de las deudas inquilinas e hipotecarias contra\u00eddas a ra\u00edz de la pandemia. Es necesario aliviar la asfixia econ\u00f3mica de la poblaci\u00f3n. Adem\u00e1s, hay m\u00e1s de tres millones de trabajadores aut\u00f3nomos en todo el Estado que tienen bajada la verja de sus comercios.<br \/>\nEn este aspecto, tambi\u00e9n interpelamos a la responsabilidad social de los arrendadores, teniendo en cuenta de las ventajas fiscales de las que disfrutan y pagamos entre todos.<\/li>\n<li><strong>Suspensi\u00f3n del pago de los suministros<\/strong>\u00a0b\u00e1sicos de agua, luz y gas. Hablamos de servicios b\u00e1sicos para garantizar la vida de las familias. Endesa, Iberdrola y Naturgy cosecharon m\u00e1s de 5.700 millones de beneficios en el \u00faltimo a\u00f1o. Lo que supone que el encarecimiento de las facturas aument\u00f3 35 veces m\u00e1s que el consumo de energ\u00eda.<\/li>\n<li><strong>Poner las viviendas vac\u00edas a disposici\u00f3n de las personas que no disponen de una. <\/strong>Hay m\u00e1s de 35.000 personas sin hogar que necesitan una vivienda.<\/li>\n<\/ul>\n<p>Sin embargo, no nos quedamos aqu\u00ed.<br \/>\nSomos conscientes de que las consecuencias socioecon\u00f3micas se mantendr\u00e1n m\u00e1s all\u00e1 del confinamiento.<br \/>\nPor ello, nos adelantamos a este contexto proponiendo<strong> soluciones post-confinamiento:<\/strong><\/p>\n<ul>\n<li><strong>Mantener la suspensi\u00f3n del pago del alquiler el tiempo que sea necesario<\/strong> a aquellas personas en situaci\u00f3n de vulnerabilidad.<\/li>\n<li><strong>Suspensi\u00f3n indefinida de los desahucios y persecuci\u00f3n de los desahucios ilegales<\/strong>. No aceptamos que vuelvan los desalojos tras el confinamiento. Antes de la pandemia, el n\u00famero de desahuciosdesalojos que se hab\u00eda alcanzado desde 2008 ya superaba el mill\u00f3n de desahucios.<\/li>\n<li><strong>Regulaci\u00f3n del precio del alquiler. <\/strong>Ingresos bajos frente a precios altos es la f\u00f3rmula de la asfixia econ\u00f3mica. EAdem\u00e1s, exigimos la bajada inmediata del precio del alquiler y que este vaya ligado a la renta disponible de los hogares. Los contratos de alquiler tienen que ser estables, que se renueven de manera autom\u00e1tica, y se ponga fin as\u00ed a la actual precariedad e incertidumbre.<\/li>\n<li><strong>Que no se retroceda en medidas de protecci\u00f3n tomadas durante el confinamiento.<\/strong>\u00a0Manteniendo el alta de los suministros b\u00e1sicos a las personas vulnerables, el r\u00e9gimen de viviendas de alquiler para pisos tur\u00edsticos y sustentar la moratoria de desahucios.<\/li>\n<li>Compromiso de <strong>no tomar represalias contra las huelguistas.\u00a0<\/strong>Prohibiendo las demandas por impago a las inquilinas que se hayan unido a la huelga.<\/li>\n<li><strong>Expropiaci\u00f3n de pisos a fondo buitres y bancos. <\/strong>Debemos corresponsabilizar a aquellos actores que han hecho negocio con unel bien de primera necesidad como es la vivienda. Fondos buitres y bancos deben contribuir conproporcionar en dotar recursos para superar las consecuencias habitacionales de la pandemia. Recordemos que la banca fue rescatada con m\u00e1s de 65.000 millones de dinero p\u00fablico y los fondos buitre son maquinarias de evasi\u00f3n fiscal.<\/li>\n<\/ul>\n<p>Hay que acabar con la l\u00f3gica perversa de que las crisis sean sufragadas con recursos p\u00fablicos. Durante esta pandemia ha quedado patente que necesitamos unos servicios p\u00fablicos fuertes. Conceder privilegios a las grandes fortunas inmobiliarias mientras se recortan derechos sociales ha puesto nuestras vidas en riesgo. Las entidades financieras y los grandes propietarios de este pa\u00eds tienen que arrimar el hombro.<\/p>\n<p>Los fondos buitre, socimi, bancos e inmobiliarias no van a tener problemas en asumir los costes de la suspensi\u00f3n de los alquileres. En relaci\u00f3n a los arrendadores que tienen un \u00fanica vivienda en propiedad y necesiten estos ingresos para cubrir sus necesidades b\u00e1sicas, tambi\u00e9n deben estar amparados por el Gobierno, como ya est\u00e1n haciendo a otros sectores.<\/p>\n<p><strong>Es la hora de rescatar a las personas. Es el momento de confinar privilegios. La suspensi\u00f3n del pago de los alquileres es el primer paso necesario para devolver la funci\u00f3n social a la vivienda y superar las consecuencias sociales de la pandemia.<\/strong><\/p>\n<h3>Si el Gobierno no escucha, nosotras nos organizamos.<\/h3>\n<\/div>\n","protected":false},"excerpt":{"rendered":"<p>Cu\u00e1les son las demandas de la Huelga de Alquileres: M\u00e1s de 200 organizaciones nos unimos en esta huelga de alquileres [&hellip;]<\/p>\n","protected":false},"author":1,"featured_media":0,"parent":756,"menu_order":0,"comment_status":"closed","ping_status":"closed","template":"","meta":[],"_links":{"self":[{"href":"https:\/\/sindicatdebarri.org\/index.php\/wp-json\/wp\/v2\/pages\/829"}],"collection":[{"href":"https:\/\/sindicatdebarri.org\/index.php\/wp-json\/wp\/v2\/pages"}],"about":[{"href":"https:\/\/sindicatdebarri.org\/index.php\/wp-json\/wp\/v2\/types\/page"}],"author":[{"embeddable":true,"href":"https:\/\/sindicatdebarri.org\/index.php\/wp-json\/wp\/v2\/users\/1"}],"replies":[{"embeddable":true,"href":"https:\/\/sindicatdebarri.org\/index.php\/wp-json\/wp\/v2\/comments?post=829"}],"version-history":[{"count":1,"href":"https:\/\/sindicatdebarri.org\/index.php\/wp-json\/wp\/v2\/pages\/829\/revisions"}],"predecessor-version":[{"id":830,"href":"https:\/\/sindicatdebarri.org\/index.php\/wp-json\/wp\/v2\/pages\/829\/revisions\/830"}],"up":[{"embeddable":true,"href":"https:\/\/sindicatdebarri.org\/index.php\/wp-json\/wp\/v2\/pages\/756"}],"wp:attachment":[{"href":"https:\/\/sindicatdebarri.org\/index.php\/wp-json\/wp\/v2\/media?parent=829"}],"curies":[{"name":"wp","href":"https:\/\/api.w.org\/{rel}","templated":true}]}}