{"id":818,"date":"2020-04-07T11:44:10","date_gmt":"2020-04-07T09:44:10","guid":{"rendered":"http:\/\/sindicatdebarri.org\/?page_id=818"},"modified":"2020-04-07T11:58:02","modified_gmt":"2020-04-07T09:58:02","slug":"quien-somos-como-funcionamos","status":"publish","type":"page","link":"https:\/\/sindicatdebarri.org\/index.php\/es\/sindicat-de-barri-del-poble-sec-2\/quien-somos-como-funcionamos\/","title":{"rendered":"Quien somos? Como funcionamos?"},"content":{"rendered":"<h4>Somos el Sindicat de Barri del Poble Sec<\/h4>\n<hr \/>\n<h4>Quien somos?<\/h4>\n<hr \/>\n<p><span lang=\"es\">Vivimos en un momento en el que hay que volver a organizarse para defendernos de la explotaci\u00f3n y la reconfiguraci\u00f3n capitalista de nuestros entornos. Las viviendas, los barrios e incluso los territorios se han transformado en espacios al servicio del consumo y de la propiedad de grandes empresas privadas. En este proceso, nuestra vida es cada vez m\u00e1s individualizada, hasta el punto que desconocemos a las personas y las necesidades de quien vive a nuestro alrededor. <\/span><\/p>\n<p><span lang=\"es\">As\u00ed, <strong>estamos creando las condiciones para una nueva organizaci\u00f3n en nuestros barrios que ponga en el centro a las personas y en la potencia de una vida en com\u00fan<\/strong>. Hemos recuperado, para hacerlo, la funci\u00f3n de un sindicato en su origen, actualiz\u00e1ndola al contexto en el que vivimos, apostando por la idea del Sindicat de Barri: <\/span><\/p>\n<p><span lang=\"es\">&#8211; Un <strong>espacio de apoyo mutuo<\/strong> que podr\u00e1 resolver las necesidades b\u00e1sicas, construyendo alternativas gracias a la cooperaci\u00f3n y al compromiso de las personas. <\/span><\/p>\n<p><span lang=\"es\">&#8211; Un <strong>lugar donde juntar las luchas de todas las generaciones<\/strong> para empoderarnos a trav\u00e9s de la colectivizaci\u00f3n de nuestros problemas: vivienda, suministros, cuidados, trabajo &#8230; <\/span><\/p>\n<p><span lang=\"es\">-Un dispositivo que no quiere representar las luchas, sino expresarlas en sus diferentes formas para <strong>mejorar las condiciones de vida de todas las personas que participan<\/strong> en ello, creando nuevos lazos y nuevas amistades. <\/span><\/p>\n<p><span lang=\"es\">Un sindicato tradicional serv\u00eda, y sirve en teor\u00eda, para incidir a trav\u00e9s de la visibilidad y la presencia de la organizaci\u00f3n en las condiciones de aquellas personas invisibilizadas y sometidas a su puesto de trabajo, y sobre todo en las f\u00e1bricas. Ahora, cuando el trabajo es cada vez m\u00e1s escaso y la extracci\u00f3n de la riqueza se extiende fuera de las f\u00e1bricas, <strong>es m\u00e1s que necesario visibilizar lo que est\u00e1 invisibilizado en la soledad de nuestras calles y hogares.<\/strong><\/span><\/p>\n<p>&nbsp;<\/p>\n<hr \/>\n<h4>Como funcionamos?<\/h4>\n<hr \/>\n<div class=\"oSioSc\">\n<div id=\"tw-target\">\n<div id=\"kAz1tf\" class=\"g9WsWb\">\n<div id=\"tw-target-text-container\" class=\"tw-ta-container hide-focus-ring tw-nfl\" tabindex=\"0\">\n<p id=\"tw-target-text\" class=\"tw-data-text tw-text-large tw-ta\" dir=\"ltr\" data-placeholder=\"Traducci\u00f3\"><span lang=\"es\">El Sindicat se re\u00fane todos los lunes en Asamblea para dar asesoramiento colectivo a todas las personas afectadas. Este es el espacio donde exponemos nuestra situaci\u00f3n y conjuntamente pensamos la estrategia para resolverla.<\/span><\/p>\n<p class=\"tw-data-text tw-text-large tw-ta\" dir=\"ltr\" data-placeholder=\"Traducci\u00f3\"><span lang=\"es\">Adem\u00e1s de las asambleas, trabajamos en comisiones para profundizar en las diversas tareas del Sindicat.<\/span><\/p>\n<\/div>\n<\/div>\n<\/div>\n<\/div>\n","protected":false},"excerpt":{"rendered":"<p>Somos el Sindicat de Barri del Poble Sec Quien somos? Vivimos en un momento en el que hay que volver [&hellip;]<\/p>\n","protected":false},"author":1,"featured_media":0,"parent":826,"menu_order":0,"comment_status":"closed","ping_status":"closed","template":"","meta":[],"_links":{"self":[{"href":"https:\/\/sindicatdebarri.org\/index.php\/wp-json\/wp\/v2\/pages\/818"}],"collection":[{"href":"https:\/\/sindicatdebarri.org\/index.php\/wp-json\/wp\/v2\/pages"}],"about":[{"href":"https:\/\/sindicatdebarri.org\/index.php\/wp-json\/wp\/v2\/types\/page"}],"author":[{"embeddable":true,"href":"https:\/\/sindicatdebarri.org\/index.php\/wp-json\/wp\/v2\/users\/1"}],"replies":[{"embeddable":true,"href":"https:\/\/sindicatdebarri.org\/index.php\/wp-json\/wp\/v2\/comments?post=818"}],"version-history":[{"count":1,"href":"https:\/\/sindicatdebarri.org\/index.php\/wp-json\/wp\/v2\/pages\/818\/revisions"}],"predecessor-version":[{"id":819,"href":"https:\/\/sindicatdebarri.org\/index.php\/wp-json\/wp\/v2\/pages\/818\/revisions\/819"}],"up":[{"embeddable":true,"href":"https:\/\/sindicatdebarri.org\/index.php\/wp-json\/wp\/v2\/pages\/826"}],"wp:attachment":[{"href":"https:\/\/sindicatdebarri.org\/index.php\/wp-json\/wp\/v2\/media?parent=818"}],"curies":[{"name":"wp","href":"https:\/\/api.w.org\/{rel}","templated":true}]}}