{"id":814,"date":"2020-04-07T11:27:11","date_gmt":"2020-04-07T09:27:11","guid":{"rendered":"http:\/\/sindicatdebarri.org\/?page_id=814"},"modified":"2023-05-24T14:26:03","modified_gmt":"2023-05-24T12:26:03","slug":"material-de-interes","status":"publish","type":"page","link":"https:\/\/sindicatdebarri.org\/index.php\/es\/campanas\/campanas-pasades\/huelga-de-alquileres\/material-de-interes\/","title":{"rendered":"Material de Inter\u00e9s"},"content":{"rendered":"<h4>Compartimos aqu\u00ed algunos materiales que pueden ser de inter\u00e9s, iremos a\u00f1adiendo m\u00e1s a medida que se generen nuevos contenidos:<\/h4>\r\n<p>&nbsp;<\/p>\r\n<p><strong>Mini Guia: Como participar en una Huelga de Alquileres<\/strong>: <a href=\"http:\/\/sindicatdebarri.org\/wp-content\/uploads\/2020\/04\/Miniguia-Vaga-de-Lloguers-VKK-3.2.pdf\">AQU\u00cd<\/a><\/p>\r\n<p><strong>Como hacer una asambleo online con Jitsi: <\/strong><a href=\"http:\/\/sindicatdebarri.org\/wp-content\/uploads\/2020\/04\/comohacer_asambleasonline_general.pdf\">AQU\u00cd<\/a><\/p>\r\n<p><strong>Guia Legal para la Huelga de Alquileres:<\/strong> <a href=\"http:\/\/sindicatdebarri.org\/wp-content\/uploads\/2020\/04\/guialegal.pdf\">AQU\u00cd<\/a><\/p>\r\n<p><strong>Dudas sobre la Huelga de Alquileres: <\/strong><a href=\"http:\/\/sindicatdebarri.org\/wp-content\/uploads\/2020\/04\/Dudas-frecuentes_SIGC.pdf\">AQU\u00cd<\/a><\/p>\r\n<p><strong>Como obtener un servicio de \u00edndice para conocer todas las propiedades de alguien<\/strong>: <a href=\"http:\/\/sindicatdebarri.org\/wp-content\/uploads\/2020\/04\/GUIA-OBTENCION-NOTA-INVERSA-REGISTRO-PROPIEDAD.pdf\">AQU\u00cd<\/a><\/p>\r\n\r\n<p>&nbsp;<\/p>\r\n","protected":false},"excerpt":{"rendered":"<p>Compartimos aqu\u00ed algunos materiales que pueden ser de inter\u00e9s, iremos a\u00f1adiendo m\u00e1s a medida que se generen nuevos contenidos: &nbsp; [&hellip;]<\/p>\n","protected":false},"author":1,"featured_media":0,"parent":756,"menu_order":0,"comment_status":"closed","ping_status":"closed","template":"","meta":[],"_links":{"self":[{"href":"https:\/\/sindicatdebarri.org\/index.php\/wp-json\/wp\/v2\/pages\/814"}],"collection":[{"href":"https:\/\/sindicatdebarri.org\/index.php\/wp-json\/wp\/v2\/pages"}],"about":[{"href":"https:\/\/sindicatdebarri.org\/index.php\/wp-json\/wp\/v2\/types\/page"}],"author":[{"embeddable":true,"href":"https:\/\/sindicatdebarri.org\/index.php\/wp-json\/wp\/v2\/users\/1"}],"replies":[{"embeddable":true,"href":"https:\/\/sindicatdebarri.org\/index.php\/wp-json\/wp\/v2\/comments?post=814"}],"version-history":[{"count":4,"href":"https:\/\/sindicatdebarri.org\/index.php\/wp-json\/wp\/v2\/pages\/814\/revisions"}],"predecessor-version":[{"id":966,"href":"https:\/\/sindicatdebarri.org\/index.php\/wp-json\/wp\/v2\/pages\/814\/revisions\/966"}],"up":[{"embeddable":true,"href":"https:\/\/sindicatdebarri.org\/index.php\/wp-json\/wp\/v2\/pages\/756"}],"wp:attachment":[{"href":"https:\/\/sindicatdebarri.org\/index.php\/wp-json\/wp\/v2\/media?parent=814"}],"curies":[{"name":"wp","href":"https:\/\/api.w.org\/{rel}","templated":true}]}}