{"id":799,"date":"2020-04-06T23:19:31","date_gmt":"2020-04-06T21:19:31","guid":{"rendered":"http:\/\/sindicatdebarri.org\/?page_id=799"},"modified":"2021-12-15T13:13:38","modified_gmt":"2021-12-15T12:13:38","slug":"ven","status":"publish","type":"page","link":"https:\/\/sindicatdebarri.org\/index.php\/es\/ven\/","title":{"rendered":"VEN!!!"},"content":{"rendered":"<hr \/>\n<div class=\"oSioSc\">\n<div id=\"tw-target\">\n<div id=\"kAz1tf\" class=\"g9WsWb\">\n<div id=\"tw-target-text-container\" class=\"tw-ta-container hide-focus-ring tw-nfl\" tabindex=\"0\">\n<h5 id=\"tw-target-text\" class=\"tw-data-text tw-text-large tw-ta\" dir=\"ltr\" data-placeholder=\"Traducci\u00f3\"><strong><span lang=\"es\">Vives en el barrio del Poble Sec o en los alrededores? Tienes alg\u00fan conflicto con tu alquiler, con tu hipoteca? Alg\u00fan otro conflicto en temas de vivienda? <\/span><\/strong><\/h5>\n<h5 class=\"tw-data-text tw-text-large tw-ta\" dir=\"ltr\" data-placeholder=\"Traducci\u00f3\"><strong><span lang=\"es\">Ven a la Asamblea semanal del Sindicat de Barri del Poble Sec !!<\/span><\/strong><\/h5>\n<\/div>\n<\/div>\n<\/div>\n<\/div>\n<hr \/>\n<p id=\"tw-target-text\" class=\"tw-data-text tw-text-large tw-ta\" dir=\"ltr\" data-placeholder=\"Traducci\u00f3\"><span lang=\"es\">Tienes ganas de colaborar y formar parte de una organizaci\u00f3n que pone en el centro a las personas y la potencia de la vida en com\u00fan? Participar de un colectivo intergeneracional de barrio para empoderarnos mediante la colectivizaci\u00f3n de nuestras problem\u00e1ticas: vivienda, suministros, cuidados, trabajo &#8230;? <\/span><\/p>\n<p class=\"tw-data-text tw-text-large tw-ta\" dir=\"ltr\" data-placeholder=\"Traducci\u00f3\"><span lang=\"es\">Quieres participar de una organizaci\u00f3n que no quiere representar luchas, sino expresarlas en sus diferentes formas para mejorar las condiciones de vida de las personas que participan, creando nuevos v\u00ednculos y amistades? <\/span><\/p>\n<p class=\"tw-data-text tw-text-large tw-ta\" dir=\"ltr\" data-placeholder=\"Traducci\u00f3\"><span lang=\"es\">Ven al Sindicat de Barri !!<\/span><\/p>\n<p class=\"tw-data-text tw-text-large tw-ta\" dir=\"ltr\" data-placeholder=\"Traducci\u00f3\"><strong><span lang=\"es\">Todos el lunes nos encontramos en La Base, c. Hortas, 10, en asamblea abierta, para hacer frente colectivamente a nuestras problem\u00e1ticas compartidas. Pongamos las personas en el centro, hag\u00e1monos fuertes!<\/span><\/strong><\/p>\n","protected":false},"excerpt":{"rendered":"<p>Vives en el barrio del Poble Sec o en los alrededores? Tienes alg\u00fan conflicto con tu alquiler, con tu hipoteca? [&hellip;]<\/p>\n","protected":false},"author":1,"featured_media":0,"parent":0,"menu_order":0,"comment_status":"closed","ping_status":"closed","template":"","meta":[],"_links":{"self":[{"href":"https:\/\/sindicatdebarri.org\/index.php\/wp-json\/wp\/v2\/pages\/799"}],"collection":[{"href":"https:\/\/sindicatdebarri.org\/index.php\/wp-json\/wp\/v2\/pages"}],"about":[{"href":"https:\/\/sindicatdebarri.org\/index.php\/wp-json\/wp\/v2\/types\/page"}],"author":[{"embeddable":true,"href":"https:\/\/sindicatdebarri.org\/index.php\/wp-json\/wp\/v2\/users\/1"}],"replies":[{"embeddable":true,"href":"https:\/\/sindicatdebarri.org\/index.php\/wp-json\/wp\/v2\/comments?post=799"}],"version-history":[{"count":3,"href":"https:\/\/sindicatdebarri.org\/index.php\/wp-json\/wp\/v2\/pages\/799\/revisions"}],"predecessor-version":[{"id":1069,"href":"https:\/\/sindicatdebarri.org\/index.php\/wp-json\/wp\/v2\/pages\/799\/revisions\/1069"}],"wp:attachment":[{"href":"https:\/\/sindicatdebarri.org\/index.php\/wp-json\/wp\/v2\/media?parent=799"}],"curies":[{"name":"wp","href":"https:\/\/api.w.org\/{rel}","templated":true}]}}