{"id":793,"date":"2020-04-06T23:07:01","date_gmt":"2020-04-06T21:07:01","guid":{"rendered":"http:\/\/sindicatdebarri.org\/?page_id=793"},"modified":"2023-05-24T14:26:03","modified_gmt":"2023-05-24T12:26:03","slug":"lafiraolavida-2","status":"publish","type":"page","link":"https:\/\/sindicatdebarri.org\/index.php\/es\/campanas\/lafiraolavida-2\/","title":{"rendered":"LaFiraoLaVida"},"content":{"rendered":"\r\n<p class=\"wp-block-image\"><span style=\"font-family: Georgia, Palatino;\"><img decoding=\"async\" loading=\"lazy\" width=\"1024\" height=\"212\" class=\"wp-image-284\" src=\"http:\/\/sindicatdebarri.org\/wp-content\/uploads\/2019\/12\/cropped-cap.33-1-1024x212.jpg\" alt=\"\" srcset=\"https:\/\/sindicatdebarri.org\/wp-content\/uploads\/2019\/12\/cropped-cap.33-1-1024x212.jpg 1024w, https:\/\/sindicatdebarri.org\/wp-content\/uploads\/2019\/12\/cropped-cap.33-1-300x62.jpg 300w, https:\/\/sindicatdebarri.org\/wp-content\/uploads\/2019\/12\/cropped-cap.33-1-768x159.jpg 768w, https:\/\/sindicatdebarri.org\/wp-content\/uploads\/2019\/12\/cropped-cap.33-1.jpg 1440w\" sizes=\"(max-width: 1024px) 100vw, 1024px\" \/><\/span><\/p>\r\n<p><span style=\"font-family: Georgia, Palatino;\">\r\n\r\n<\/span><\/p>\r\n<hr class=\"wp-block-separator is-style-wide\" \/>\r\n<p><span style=\"font-family: Georgia, Palatino;\">\r\n\r\n<\/span><\/p>\r\n<p id=\"tw-target-text\" class=\"tw-data-text tw-text-large tw-ta\" dir=\"ltr\" data-placeholder=\"Traducci\u00f3\"><span lang=\"es\" style=\"font-family: Georgia, Palatino;\">Desde el Sindicato de Barrio participamos de la Plataforma #LaFiraOLaVida, que reclama que el uso de los terrenos municipales de la Feria Montju\u00efc pase al control de la ciudadan\u00eda y sirva para, entre otras cosas, ayudar a satisfacer la necesidad de vivienda p\u00fablica y accesible para todos.<\/span><\/p>\r\n<p><span style=\"font-family: Georgia, Palatino;\">\r\n\r\n<\/span><\/p>\r\n<hr class=\"wp-block-separator is-style-wide\" \/>\r\n<p><span style=\"font-family: Georgia, Palatino;\"><\/span><\/p>\r\n<header class=\"entry-header\">\r\n<div class=\"DHcWmd\">\u00a0<\/div>\r\n<div id=\"tw-target\">\r\n<div id=\"kAz1tf\" class=\"g9WsWb\">\r\n<h4 id=\"tw-target-text-container\" class=\"tw-ta-container hide-focus-ring tw-nfl\" tabindex=\"0\"><span lang=\"es\" style=\"font-family: Georgia, Palatino;\">Manifiesto <\/span><\/h4>\r\n<p class=\"tw-ta-container hide-focus-ring tw-nfl\" tabindex=\"0\"><strong><span lang=\"es\" style=\"font-family: Georgia, Palatino;\">Manifiesto para un debate transparente y democr\u00e1tico sobre el futuro de los terrenos municipales del recinto ferial de Montju\u00efc. <\/span><\/strong><\/p>\r\n<p class=\"tw-ta-container hide-focus-ring tw-nfl\" tabindex=\"0\"><span lang=\"es\" style=\"font-family: Georgia, Palatino;\">Nos dicen que en Barcelona no hay casi suelo municipal para construir la vivienda p\u00fablica que la ciudad necesita, pero esto no es cierto. <\/span><\/p>\r\n<p class=\"tw-ta-container hide-focus-ring tw-nfl\" tabindex=\"0\"><span lang=\"es\" style=\"font-family: Georgia, Palatino;\">El recinto ferial de Montju\u00efc ocupa <strong>27 hect\u00e1reas de suelo p\u00fablico municipal, muy c\u00e9ntrico<\/strong>, que el Ayuntamiento tiene alquilado al Consorcio de la Feria, hasta diciembre de 2025, por una mensualidad de dos c\u00e9ntimos de euro el metro cuadrado. <\/span><\/p>\r\n<p class=\"tw-ta-container hide-focus-ring tw-nfl\" tabindex=\"0\"><span lang=\"es\" style=\"font-family: Georgia, Palatino;\">As\u00ed pues, hay suficiente tiempo hasta el 2025 para<strong> abrir un debate y decidir qu\u00e9 haremos con este espacio de 27 hect\u00e1reas de propiedad municipal<\/strong>, donde ser\u00eda posible construir hasta 10.000 viviendas, en un proyecto sostenible mod\u00e9lico y un entorno de alta calidad ambiental. <\/span><\/p>\r\n<p class=\"tw-ta-container hide-focus-ring tw-nfl\" tabindex=\"0\"><span lang=\"es\" style=\"font-family: Georgia, Palatino;\">Pero, por una decisi\u00f3n unilateral y opaca y sin ning\u00fan debate previo ni proceso participativo, el Ayuntamiento ya ha firmado con la Generalitat de Catalu\u00f1a y la C\u00e1mara de Comercio un acuerdo que, bajo el lema &#8220;Una feria, dos recintos&#8221;, prev\u00e9 destinar 380 millones de euros a la ampliaci\u00f3n del recinto ferial de L&#8217;Hospitalet y la renovaci\u00f3n del de Montju\u00efc. Con este acuerdo, el Ayuntamiento asume y da por bueno un proyecto impulsado por Fira de Barcelona, \u200b\u200bllamado &#8220;Univers Montju\u00efc&#8221;, del que no se han dado a conocer m\u00e1s detalles, salvo que seguir\u00e1 siendo un recinto cerrado destinado a acoger grandes eventos y que ya se ha previsto inaugurar con motivo de la celebraci\u00f3n del centenario de la Exposici\u00f3n Universal de 1929. <\/span><\/p>\r\n<p class=\"tw-ta-container hide-focus-ring tw-nfl\" tabindex=\"0\"><span lang=\"es\" style=\"font-family: Georgia, Palatino;\">Como ciudadan\u00eda y vecinas de Barcelona, \u200b\u200bnos preguntamos: <strong>\u00bfqui\u00e9n ha decidido que es prioritario para la ciudad invertir recursos p\u00fablicos en acoger grandes eventos? <\/strong><\/span><\/p>\r\n<p class=\"tw-ta-container hide-focus-ring tw-nfl\" tabindex=\"0\"><span lang=\"es\" style=\"font-family: Georgia, Palatino;\">Barcelona no necesita m\u00e1s Feria, ni m\u00e1s gentrificaci\u00f3n, ni m\u00e1s empleo precario, ni m\u00e1s econom\u00eda extractiva, ni m\u00e1s corbatas, ni m\u00e1s contaminaci\u00f3n, ni m\u00e1s pistas en el aeropuerto del Prat, ni m\u00e1s cruceros en el puerto, ni m\u00e1s turismo de congresos &#8230; . No necesita profundizar a\u00fan m\u00e1s en un modelo econ\u00f3mico que entiende la ciudad como un gran espacio de negocio, mientras externaliza todos los problemas que el propio modelo provoca. <\/span><\/p>\r\n<p class=\"tw-ta-container hide-focus-ring tw-nfl\" tabindex=\"0\"><span lang=\"es\" style=\"font-family: Georgia, Palatino;\">Lo que necesitamos en Barcelona es <strong>m\u00e1s vivienda p\u00fablica y poner fin a un modelo de ciudad que beneficia las \u00e9lites y aplasta las clases populares. <\/strong><\/span><\/p>\r\n<p class=\"tw-ta-container hide-focus-ring tw-nfl\" tabindex=\"0\"><span lang=\"es\" style=\"font-family: Georgia, Palatino;\">Tenemos la posibilidad de <strong>construir al pie de Montju\u00efc un barrio abierto y lleno de vida<\/strong>, con zonas verdes, calles transversales que unan el Poble Sec y la Font de la Guatlla, instalaciones, talleres, peque\u00f1o comercio y vivienda para miles de vecinas.<\/span><\/p>\r\n<div class=\"oSioSc\">\r\n<div id=\"tw-target\">\r\n<div id=\"kAz1tf\" class=\"g9WsWb\">\r\n<div id=\"tw-target-text-container\" class=\"tw-ta-container hide-focus-ring tw-nfl\" tabindex=\"0\">\r\n<p id=\"tw-target-text\" class=\"tw-data-text tw-text-large tw-ta\" dir=\"ltr\" data-placeholder=\"Traducci\u00f3\"><strong><span lang=\"es\">\u00bfQu\u00e9 elegiremos? <\/span><\/strong><\/p>\r\n<p class=\"tw-data-text tw-text-large tw-ta\" dir=\"ltr\" data-placeholder=\"Traducci\u00f3\"><span lang=\"es\">Recinto cerrado para las \u00e9lites o barrio abierto para las vecinas? La Feria o la vida? <\/span><\/p>\r\n<p class=\"tw-data-text tw-text-large tw-ta\" dir=\"ltr\" data-placeholder=\"Traducci\u00f3\"><strong><span lang=\"es\">-Exigimos que el Ayuntamiento renuncie a ratificar el acuerdo firmado el pasado mes de febrero y haga p\u00fablicos todos los detalles del proyecto &#8220;Universo Montju\u00efc&#8221;, de renovaci\u00f3n del recinto ferial. <\/span><\/strong><\/p>\r\n<p class=\"tw-data-text tw-text-large tw-ta\" dir=\"ltr\" data-placeholder=\"Traducci\u00f3\"><strong><span lang=\"es\">-Exigimos que el Ayuntamiento abra un debate para deliberar con la sociedad civil organizada, desde ahora hasta diciembre de 2025, cu\u00e1l debe ser el destino de los terrenos municipales que ahora ocupa la Feria de Montju\u00efc.<\/span><\/strong><\/p>\r\n<\/div>\r\n<\/div>\r\n<\/div>\r\n<\/div>\r\n<\/div>\r\n<\/div>\r\n<\/header>\r\n<p>mas info: <a href=\"http:\/\/www.lafiraolavida.cat\">lafiraolavida.cat<\/a><\/p>\r\n","protected":false},"excerpt":{"rendered":"<p>Desde el Sindicato de Barrio participamos de la Plataforma #LaFiraOLaVida, que reclama que el uso de los terrenos municipales de [&hellip;]<\/p>\n","protected":false},"author":1,"featured_media":0,"parent":841,"menu_order":0,"comment_status":"closed","ping_status":"closed","template":"","meta":[],"_links":{"self":[{"href":"https:\/\/sindicatdebarri.org\/index.php\/wp-json\/wp\/v2\/pages\/793"}],"collection":[{"href":"https:\/\/sindicatdebarri.org\/index.php\/wp-json\/wp\/v2\/pages"}],"about":[{"href":"https:\/\/sindicatdebarri.org\/index.php\/wp-json\/wp\/v2\/types\/page"}],"author":[{"embeddable":true,"href":"https:\/\/sindicatdebarri.org\/index.php\/wp-json\/wp\/v2\/users\/1"}],"replies":[{"embeddable":true,"href":"https:\/\/sindicatdebarri.org\/index.php\/wp-json\/wp\/v2\/comments?post=793"}],"version-history":[{"count":1,"href":"https:\/\/sindicatdebarri.org\/index.php\/wp-json\/wp\/v2\/pages\/793\/revisions"}],"predecessor-version":[{"id":794,"href":"https:\/\/sindicatdebarri.org\/index.php\/wp-json\/wp\/v2\/pages\/793\/revisions\/794"}],"up":[{"embeddable":true,"href":"https:\/\/sindicatdebarri.org\/index.php\/wp-json\/wp\/v2\/pages\/841"}],"wp:attachment":[{"href":"https:\/\/sindicatdebarri.org\/index.php\/wp-json\/wp\/v2\/media?parent=793"}],"curies":[{"name":"wp","href":"https:\/\/api.w.org\/{rel}","templated":true}]}}