{"id":738,"date":"2019-11-15T19:55:08","date_gmt":"2019-11-15T18:55:08","guid":{"rendered":"http:\/\/sindicatdebarri.org\/?page_id=190"},"modified":"2020-04-08T12:35:19","modified_gmt":"2020-04-08T10:35:19","slug":"los-5-puntos","status":"publish","type":"page","link":"https:\/\/sindicatdebarri.org\/index.php\/es\/los-5-puntos\/","title":{"rendered":"Los 5 puntos para la defensa de la vivienda en el barrio"},"content":{"rendered":"\n<hr class=\"wp-block-separator is-style-wide\"\/>\n\n\n<div class=\"entry-content\">\n<p><b>Manifiesto de 5 puntos<\/b><\/p>\n<hr \/>\n<p><b>DEFENDEMOS NUESTRO BARRIO<\/b><\/p>\n<p align=\"justify\">La situaci\u00f3n de la casa se ha convertido en una pesadilla para las personas que viven en alquiler en Poble Sec. En los \u00faltimos dos a\u00f1os, los precios han aumentado m\u00e1s de un 20%. La mayor\u00eda de los vecinos tenemos que dedicar la mayor parte de nuestros ingresos a pagarlo. Cuando se acaban los nuevos contratos de tres a\u00f1os, los propietarios y las agencias inmobiliarias te pueden pedir el precio que quieran. Quien no puede pagarlo va directamente a la calle. Y si necesitas encontrar otro piso en alquiler, tendr\u00e1s que pagar unos miles de euros de dep\u00f3sito al propietario y las comisiones a la agencia inmobiliaria de turno. Esta situaci\u00f3n no ha ca\u00eddo del cielo, sino que tiene nombres y apellidos. Fondos de inversi\u00f3n internacionales que han descubierto los grandes beneficios que ofrece el mercado inmobiliario en una ciudad tur\u00edstica como Barcelona. Una legislaci\u00f3n de alquiler que da todas las facilidades a la propiedad. Propietarios locales que ya conoc\u00edan y se aprovechan de esta situaci\u00f3n. Agencias inmobiliarias que inflan los precios para aumentar sus comisiones. Una industria tur\u00edstica que margina y expulsa a los vecinos de los barrios centrales de la ciudad.<\/p>\n<p align=\"justify\">Todo esto ha creado una situaci\u00f3n de emergencia que requiere la adopci\u00f3n de medidas dr\u00e1sticas para evitar que nos echen del barrio. Por eso decimos:<br \/><b><\/b><\/p>\n<p align=\"justify\"><b>1. \u2029\u00a1Limitaci\u00f3n de precios de alquiler! Todos los economistas y organismos internacionales est\u00e1n de acuerdo en que los costos de vivienda no pueden exceder el 30% de la renta disponible. Por esta raz\u00f3n el precio del metro cuadrado en Poble Sec nunca puede superar los 8 euros, ya que el ingreso medio mensual en el barrio es de 1086 euros.<\/p>\n<p align=\"justify\"><b>2. \u00a1Renovaci\u00f3n autom\u00e1tica de contratos de alquile<\/b>r! Los contratos de alquiler deben prorrogarse autom\u00e1ticamente por el mismo per\u00edodo. No aceptaremos un aumento de alquiler superior a la variaci\u00f3n en el IPC, ni una rescisi\u00f3n arbitraria del contrato.<br \/><b><\/b><\/p>\n<p align=\"justify\"><b>3. \u00a1Ni es un desalojo m\u00e1s!<\/b> Durante los \u00faltimos dos a\u00f1os, hemos perdido a un gran n\u00famero de vecinos y vecinos debido a la precariedad laboral y los precios desorbitados de los pisos. No aceptaremos m\u00e1s desalojos de vecinos. En caso de desalojo, el realojamiento debe ser en el barrio.<br \/><b><\/b><\/p>\n<p align=\"justify\"><b>4. \u00a1Reducci\u00f3n dr\u00e1stica del alojamiento tur\u00edstico!\u00a0El<\/b> barrio ha perdido muchas viviendas debido a la construcci\u00f3n de hoteles y la apertura de apartamentos tur\u00edsticos. Este hecho ha impuesto una escasez de viviendas que ha multiplicado las ganancias de propietarios y especuladores. Es necesario evitar la apertura de m\u00e1s alojamientos tur\u00edsticos y reducir su n\u00famero revocando una parte importante de las licencias y cerrando aquellas que no est\u00e1n regularizadas.<br \/><b><\/b><\/p>\n<p align=\"justify\"><b>5. \u00a1La vivienda no puede ser un negoc<\/b>io!\u00a0Porque es una necesidad b\u00e1sica como la educaci\u00f3n y la salud de calidad. Es necesario promover otros modelos como las cooperativas de vivienda y otras formas de convivencia comunitaria. No s\u00f3lo son m\u00e1s baratos, sino que tambi\u00e9n ayudar\u00e1n a reconstruir una vida comunitaria que este modelo de ciudad ha destrozado con la l\u00f3gica de las ganancias.<\/p>\n<p>Por todo esto&#8230;<\/p>\n<p><b>EXIGIMOS<\/b><\/p>\n<p align=\"justify\">A los inmuebles y propietarios: Dejar de especular con el precio de los alquileres, empezando a revertir la subida en los \u00faltimos tiempos.<\/p>\n<p align=\"justify\">En las instituciones: Detener los desahucios de inmediato y evitar el desplazamiento de personas a trav\u00e9s del realojamiento en el propio barrio, aumentando el parque de viviendas sociales y cooperativas y asegurando el uso social de la vivienda forzando la movilizaci\u00f3n de los pisos vac\u00edos.<\/p>\n<p><b>NOS COMPROMETEMOS:<\/b><\/p>\n<p align=\"justify\">Para luchar juntas para que ning\u00fan vecino tenga que salir del barrio por razones econ\u00f3micas y debido a la especulaci\u00f3n.<\/p>\n<\/div>\n<p>\u00a0<\/p>\n<p><span style=\"font-size: 14pt;\"><strong>Entidades que apoyan los 5 punto<\/strong><\/span><br \/>s: Coordinadora de Jubilats i Pensionistes de AAVV BCN \/ AMPA CEIP Jacint Verdaguer \/ Parr\u00f2quies de Poble Sec \/ La Raposa Llibreria feminista \/ Plataforma Som Paral\u00b7lel \/ Coordinadora d\u2019entitats \/ Bab\u00e0lia Crian\u00e7a Compartida \/ Castellers de Poble Sec \/ Laboratori Reversible \/ Banc del temps de Poble Sec \/ L\u2019Etnogr\u00e0fica Antropologia per a la transformaci\u00f3 social \/ AFA Escola Poble Sec \/ Altaveu de Poble Sec \/ Associaci\u00f3 C\u00farcuma \/ El Monstre de Paper \/ Raons P\u00fabliques \/ Sindicat de Barri \/ Ateneu La Base \/ Cooperasec \/ Trocasec<\/p>\n<p>\u00a0<\/p>","protected":false},"excerpt":{"rendered":"<p>Manifiesto de 5 puntos DEFENDEMOS NUESTRO BARRIO La situaci\u00f3n de la casa se ha convertido en una pesadilla para las [&hellip;]<\/p>\n","protected":false},"author":1,"featured_media":0,"parent":0,"menu_order":0,"comment_status":"closed","ping_status":"closed","template":"","meta":[],"_links":{"self":[{"href":"https:\/\/sindicatdebarri.org\/index.php\/wp-json\/wp\/v2\/pages\/738"}],"collection":[{"href":"https:\/\/sindicatdebarri.org\/index.php\/wp-json\/wp\/v2\/pages"}],"about":[{"href":"https:\/\/sindicatdebarri.org\/index.php\/wp-json\/wp\/v2\/types\/page"}],"author":[{"embeddable":true,"href":"https:\/\/sindicatdebarri.org\/index.php\/wp-json\/wp\/v2\/users\/1"}],"replies":[{"embeddable":true,"href":"https:\/\/sindicatdebarri.org\/index.php\/wp-json\/wp\/v2\/comments?post=738"}],"version-history":[{"count":1,"href":"https:\/\/sindicatdebarri.org\/index.php\/wp-json\/wp\/v2\/pages\/738\/revisions"}],"predecessor-version":[{"id":787,"href":"https:\/\/sindicatdebarri.org\/index.php\/wp-json\/wp\/v2\/pages\/738\/revisions\/787"}],"wp:attachment":[{"href":"https:\/\/sindicatdebarri.org\/index.php\/wp-json\/wp\/v2\/media?parent=738"}],"curies":[{"name":"wp","href":"https:\/\/api.w.org\/{rel}","templated":true}]}}