{"id":425,"date":"2020-03-28T10:16:56","date_gmt":"2020-03-28T09:16:56","guid":{"rendered":"http:\/\/sindicatdebarri.org\/?page_id=425"},"modified":"2023-05-24T14:26:03","modified_gmt":"2023-05-24T12:26:03","slug":"feliciano-es-queda","status":"publish","type":"page","link":"https:\/\/sindicatdebarri.org\/index.php\/campanyes\/campanyes-passades\/feliciano-es-queda\/","title":{"rendered":"Feliciano es Queda"},"content":{"rendered":"<p align=\"justify\">La situaci\u00f3 de l\u2019habitatge a Barcelona s\u2019ha convertit en un malson per a moltes. Els barris on hem crescut es veuen sotmesos a una ofensiva per part de fons voltors internacionals, immobili\u00e0ries i propietaris avariciosos que pretenen guanyar molts diners a costa de destruir els nostres vincles, les nostres comunitats, en resum, les nostres vides.<\/p>\n<p align=\"justify\">Els culpables d\u2019aquesta situaci\u00f3 tenen noms i cognoms. A Poble Sec un dels responsables \u00e9s la immobil\u00e0ria Norvet, propietat de l\u2019israeli\u00e0 Alon Yunger. Aquests especuladors i gentrificadors responsables de l\u2019expulsi\u00f3 de centenars de ve\u00efnes mitjan\u00e7ant desnonaments invisibles, m\u00f2bing immobiliari o contractant els matons de l\u2019empresa Desokupa, pretenen ara, desnonar el nostre company Feliciano, com tamb\u00e9 a les companyes de la PAH Barcelona del Bloc Arag\u00f3 477.<\/p>\n<p align=\"justify\">Norvet va comprar la finca del carrer Murillo 12, on Feliciano viu amb els seus fills des de fa m\u00e9s de 15 anys, amb l\u2019objectiu de fer-hi apartaments de luxe. Des de llavors desenes de puntals travessen l\u2019escala de l\u2019edifici, un n\u00favol de pols envaeix di\u00e0riament l\u2019espai i el soroll persistent de les obres ha fet que les 20 fam\u00edlies que vivien al bloc s\u2019hagin vist obligades a abandonar les seves cases. Pr\u00e0cticament nom\u00e9s queda en Feliciano i els seus fills.<\/p>\n<p align=\"justify\">La lluita del nostre company per mantenir casa seva no ha estat f\u00e0cil. Durant aquest temps ha patit tot tipus d\u2019assetjaments i una den\u00fancia que amena\u00e7a d\u2019expulsar-lo. En l\u2019\u00faltim any hem aturat, gr\u00e0cies a la for\u00e7a col\u00b7lectiva, tots els intents de desnonament del Feliciano. Els hi vam parar unes obres de construcci\u00f3 d\u2019un altre bloc de pisos de luxe al barri, els hi hem okupat les oficines centrals i hem visitat la botiga. Gr\u00e0cies a la pressi\u00f3 del conflicte l\u2019Ajuntament els hi ha susp\u00e8s dues obres per incomplir la llic\u00e8ncia. Tot i aix\u00f2, Norvet no sembla voler cedir davant la pressi\u00f3 ve\u00efnal, i ara, ens ha imposat un desnonament amb data oberta del 15 al 30 de Mar\u00e7.<\/p>\n<p align=\"justify\">Des del Sindicat de barri no pensem abandonar, per\u00f2 som conscients que no podem assumir aquest nou repte soles. Per aix\u00f2, fem una crida a tots els col\u00b7lectius i entitats, tant del barri, com de la ciutat, a lluitar juntes per evitar que el Feliciano i els seus fills siguin expulsats del Poble Sec.<\/p>\n<p align=\"justify\">Exigim la suspensi\u00f3 immediata de l\u2019ordre de desnonament per part de Norvet i la concessi\u00f3 d\u2019un lloguer social dins del barri!<\/p>\n<p align=\"left\">Demostrem-los la nostra for\u00e7a. Defensar el Feliciano \u00e9s defensar Barcelona dels especuladors!<\/p>\n<p align=\"right\">Barcelona, 14 de Mar\u00e7 de 2018<\/p>\n","protected":false},"excerpt":{"rendered":"<p>La situaci\u00f3 de l\u2019habitatge a Barcelona s\u2019ha convertit en un malson per a moltes. Els barris on hem crescut es [&hellip;]<\/p>\n","protected":false},"author":1,"featured_media":0,"parent":429,"menu_order":0,"comment_status":"closed","ping_status":"closed","template":"","meta":[],"_links":{"self":[{"href":"https:\/\/sindicatdebarri.org\/index.php\/wp-json\/wp\/v2\/pages\/425"}],"collection":[{"href":"https:\/\/sindicatdebarri.org\/index.php\/wp-json\/wp\/v2\/pages"}],"about":[{"href":"https:\/\/sindicatdebarri.org\/index.php\/wp-json\/wp\/v2\/types\/page"}],"author":[{"embeddable":true,"href":"https:\/\/sindicatdebarri.org\/index.php\/wp-json\/wp\/v2\/users\/1"}],"replies":[{"embeddable":true,"href":"https:\/\/sindicatdebarri.org\/index.php\/wp-json\/wp\/v2\/comments?post=425"}],"version-history":[{"count":1,"href":"https:\/\/sindicatdebarri.org\/index.php\/wp-json\/wp\/v2\/pages\/425\/revisions"}],"predecessor-version":[{"id":426,"href":"https:\/\/sindicatdebarri.org\/index.php\/wp-json\/wp\/v2\/pages\/425\/revisions\/426"}],"up":[{"embeddable":true,"href":"https:\/\/sindicatdebarri.org\/index.php\/wp-json\/wp\/v2\/pages\/429"}],"wp:attachment":[{"href":"https:\/\/sindicatdebarri.org\/index.php\/wp-json\/wp\/v2\/media?parent=425"}],"curies":[{"name":"wp","href":"https:\/\/api.w.org\/{rel}","templated":true}]}}