{"id":354,"date":"2019-12-05T22:03:21","date_gmt":"2019-12-05T21:03:21","guid":{"rendered":"http:\/\/sindicatdebarri.org\/?page_id=354"},"modified":"2020-04-07T11:08:02","modified_gmt":"2020-04-07T09:08:02","slug":"vine","status":"publish","type":"page","link":"https:\/\/sindicatdebarri.org\/index.php\/vine\/","title":{"rendered":"VINE!!!"},"content":{"rendered":"<hr \/>\n<h5 style=\"tab-stops: 375.65pt;\">Vius al barri del Poble Sec o als voltants? Tens algun conflicte amb el teu lloguer, amb la teva hipoteca? Algun altre conflicte en temes d&#8217;habitatge?<\/h5>\n<h5>Vine a l&#8217;Assemblea setmanal del Sindicat de Barri del Poble Sec!!<\/h5>\n<hr \/>\n<p>Tens ganes de col\u00b7laborar i formar part d\u2019una organitzaci\u00f3 que posa al centre les persones i la pot\u00e8ncia de la vida en com\u00fa? Participar d\u2019un col\u00b7lectiu intergeneracional de barri per empoderar-nos mitjan\u00e7ant la col\u00b7lectivitzaci\u00f3 de les nostres problem\u00e0tiques: habitatge, subministres, cures, treball&#8230;?<\/p>\n<p>Vols participar d&#8217;una organitzaci\u00f3 que no vol representar lluites, sin\u00f3 expressar-les en les seves diferents formes per millorar les condicions de vida de les persones que hi participen, creant nous vincles i amistats?<\/p>\n<p>Vine al Sindicat de Barri!!<\/p>\n<p><strong>Tots el dilluns ens trobem a La Base, c. Hortes, 10, en assemblea oberta, per fer front col\u00b7lectivament a les nostres problem\u00e0tiques compartides. Posem les persones al centre, fem-nos fortes!<\/strong><\/p>\n","protected":false},"excerpt":{"rendered":"<p>Vius al barri del Poble Sec o als voltants? Tens algun conflicte amb el teu lloguer, amb la teva hipoteca? [&hellip;]<\/p>\n","protected":false},"author":1,"featured_media":0,"parent":0,"menu_order":0,"comment_status":"closed","ping_status":"closed","template":"","meta":[],"_links":{"self":[{"href":"https:\/\/sindicatdebarri.org\/index.php\/wp-json\/wp\/v2\/pages\/354"}],"collection":[{"href":"https:\/\/sindicatdebarri.org\/index.php\/wp-json\/wp\/v2\/pages"}],"about":[{"href":"https:\/\/sindicatdebarri.org\/index.php\/wp-json\/wp\/v2\/types\/page"}],"author":[{"embeddable":true,"href":"https:\/\/sindicatdebarri.org\/index.php\/wp-json\/wp\/v2\/users\/1"}],"replies":[{"embeddable":true,"href":"https:\/\/sindicatdebarri.org\/index.php\/wp-json\/wp\/v2\/comments?post=354"}],"version-history":[{"count":5,"href":"https:\/\/sindicatdebarri.org\/index.php\/wp-json\/wp\/v2\/pages\/354\/revisions"}],"predecessor-version":[{"id":811,"href":"https:\/\/sindicatdebarri.org\/index.php\/wp-json\/wp\/v2\/pages\/354\/revisions\/811"}],"wp:attachment":[{"href":"https:\/\/sindicatdebarri.org\/index.php\/wp-json\/wp\/v2\/media?parent=354"}],"curies":[{"name":"wp","href":"https:\/\/api.w.org\/{rel}","templated":true}]}}