{"id":322,"date":"2019-12-05T16:20:34","date_gmt":"2019-12-05T15:20:34","guid":{"rendered":"http:\/\/sindicatdebarri.org\/?page_id=322"},"modified":"2020-04-03T09:52:53","modified_gmt":"2020-04-03T07:52:53","slug":"em-pugen-el-lloguer","status":"publish","type":"page","link":"https:\/\/sindicatdebarri.org\/index.php\/recursos\/que-fer-si\/em-pugen-el-lloguer\/","title":{"rendered":"&#8230;em pugen el lloguer."},"content":{"rendered":"<ul>\n<li>Durant la vig\u00e8ncia del contracte, el lloguer nom\u00e9s podr\u00e0 ser actualitzat pel llogador despr\u00e9s d\u2019un any de vig\u00e8ncia i per mutu acord de les dues parts.<\/li>\n<li>Si el propietari vol augmentar el preu del lloguer ha de notificar-ho amb 30 dies d\u2019antelaci\u00f3 abans de la finalitzaci\u00f3 del contracte, del contrari es renova amb les mateixes condicions<\/li>\n<li>Si el contracte est\u00e0 arribant a la seva fi han de notificar-te que no el renovaran amb les mateixes condicions mitjan\u00e7ant un document que acrediti el contingut i la data d\u2019entrega (p.ex. burofax). NO SERVEIX una trucada telef\u00f2nica o una carta informal. Si reps una trucada o una carta no responguis, aix\u00f2 et donar\u00e0 m\u00e9s temps per que tornin a escriure i potser s\u2019esgoti el termini de 30 dies.<\/li>\n<\/ul>\n<p>Si la pujada del lloguer coincideix amb la finalitzaci\u00f3 del contracte s\u2019ha d\u2019obrir un proc\u00e9s de negociaci\u00f3 amb la propietat per poder mantenir les condicions vigents.<\/p>\n<p><strong>I anar a l&#8217;assemblea de Sindicat de Barri i exposar la teva situaci\u00f3 per mirar de fer-hi front col\u00b7lectivament!!<\/strong><\/p>\n","protected":false},"excerpt":{"rendered":"<p>Durant la vig\u00e8ncia del contracte, el lloguer nom\u00e9s podr\u00e0 ser actualitzat pel llogador despr\u00e9s d\u2019un any de vig\u00e8ncia i per [&hellip;]<\/p>\n","protected":false},"author":1,"featured_media":0,"parent":304,"menu_order":0,"comment_status":"closed","ping_status":"closed","template":"","meta":[],"_links":{"self":[{"href":"https:\/\/sindicatdebarri.org\/index.php\/wp-json\/wp\/v2\/pages\/322"}],"collection":[{"href":"https:\/\/sindicatdebarri.org\/index.php\/wp-json\/wp\/v2\/pages"}],"about":[{"href":"https:\/\/sindicatdebarri.org\/index.php\/wp-json\/wp\/v2\/types\/page"}],"author":[{"embeddable":true,"href":"https:\/\/sindicatdebarri.org\/index.php\/wp-json\/wp\/v2\/users\/1"}],"replies":[{"embeddable":true,"href":"https:\/\/sindicatdebarri.org\/index.php\/wp-json\/wp\/v2\/comments?post=322"}],"version-history":[{"count":2,"href":"https:\/\/sindicatdebarri.org\/index.php\/wp-json\/wp\/v2\/pages\/322\/revisions"}],"predecessor-version":[{"id":325,"href":"https:\/\/sindicatdebarri.org\/index.php\/wp-json\/wp\/v2\/pages\/322\/revisions\/325"}],"up":[{"embeddable":true,"href":"https:\/\/sindicatdebarri.org\/index.php\/wp-json\/wp\/v2\/pages\/304"}],"wp:attachment":[{"href":"https:\/\/sindicatdebarri.org\/index.php\/wp-json\/wp\/v2\/media?parent=322"}],"curies":[{"name":"wp","href":"https:\/\/api.w.org\/{rel}","templated":true}]}}