{"id":319,"date":"2019-12-05T16:08:09","date_gmt":"2019-12-05T15:08:09","guid":{"rendered":"http:\/\/sindicatdebarri.org\/?page_id=319"},"modified":"2020-04-03T09:53:40","modified_gmt":"2020-04-03T07:53:40","slug":"la-meva-finca-esta-en-mal-estat","status":"publish","type":"page","link":"https:\/\/sindicatdebarri.org\/index.php\/recursos\/que-fer-si\/la-meva-finca-esta-en-mal-estat\/","title":{"rendered":"&#8230;la meva finca est\u00e0 en mal estat."},"content":{"rendered":"<p>Si la teva finca est\u00e0 en mal estat o veus que la propietat est\u00e0 incomplint els seus deures de manteniment \u00e9s possible que et trobis en un cas de mobbing immobiliari. \u00c9s una pr\u00e0ctica com\u00fa entre propietaris amb l\u2019objectiu de pertorbar-te en l\u2019\u00fas pac\u00edfic del teu habitatge, amb la finalitat de for\u00e7ar-te a adoptar una decisi\u00f3 no desitjada sobre el dret amb que t\u2019empara la llei. \u00c9s a dir, el teu propietari t\u00e9 altres plans per la finca, on tu hi sobres.<\/p>\n<ol>\n<li>Recopila tota la informaci\u00f3 de l\u2019incompliment: fotos, v\u00eddeos, etc.<\/li>\n<li>V\u00e9s a l\u2019Oficina d\u2019Habitatge i explica\u2019ls el teu cas amb les proves que hagis aconseguit reunir.<\/li>\n<li>Envia un burofax a la propietat; \u00e9s un document oficial que et pot servir davant d\u2019un jutge, si algun dia fos necessari.<\/li>\n<li>Organitza\u2019t amb altres ve\u00efnes per tal que elles tamb\u00e9 facin el mateix i pugueu ser mes fortes col\u00b7lectivament.<\/li>\n<\/ol>\n<p><strong>I anar a l&#8217;assemblea de Sindicat de Barri i exposar la teva situaci\u00f3 per mirar de fer-hi front col\u00b7lectivament!!<\/strong><\/p>\n","protected":false},"excerpt":{"rendered":"<p>Si la teva finca est\u00e0 en mal estat o veus que la propietat est\u00e0 incomplint els seus deures de manteniment [&hellip;]<\/p>\n","protected":false},"author":1,"featured_media":0,"parent":304,"menu_order":0,"comment_status":"closed","ping_status":"closed","template":"","meta":[],"_links":{"self":[{"href":"https:\/\/sindicatdebarri.org\/index.php\/wp-json\/wp\/v2\/pages\/319"}],"collection":[{"href":"https:\/\/sindicatdebarri.org\/index.php\/wp-json\/wp\/v2\/pages"}],"about":[{"href":"https:\/\/sindicatdebarri.org\/index.php\/wp-json\/wp\/v2\/types\/page"}],"author":[{"embeddable":true,"href":"https:\/\/sindicatdebarri.org\/index.php\/wp-json\/wp\/v2\/users\/1"}],"replies":[{"embeddable":true,"href":"https:\/\/sindicatdebarri.org\/index.php\/wp-json\/wp\/v2\/comments?post=319"}],"version-history":[{"count":2,"href":"https:\/\/sindicatdebarri.org\/index.php\/wp-json\/wp\/v2\/pages\/319\/revisions"}],"predecessor-version":[{"id":336,"href":"https:\/\/sindicatdebarri.org\/index.php\/wp-json\/wp\/v2\/pages\/319\/revisions\/336"}],"up":[{"embeddable":true,"href":"https:\/\/sindicatdebarri.org\/index.php\/wp-json\/wp\/v2\/pages\/304"}],"wp:attachment":[{"href":"https:\/\/sindicatdebarri.org\/index.php\/wp-json\/wp\/v2\/media?parent=319"}],"curies":[{"name":"wp","href":"https:\/\/api.w.org\/{rel}","templated":true}]}}