{"id":314,"date":"2019-12-05T15:53:48","date_gmt":"2019-12-05T14:53:48","guid":{"rendered":"http:\/\/sindicatdebarri.org\/?page_id=314"},"modified":"2020-04-03T09:53:49","modified_gmt":"2020-04-03T07:53:49","slug":"no-em-volen-renovar-el-contracte","status":"publish","type":"page","link":"https:\/\/sindicatdebarri.org\/index.php\/recursos\/que-fer-si\/no-em-volen-renovar-el-contracte\/","title":{"rendered":"&#8230;no em volen renovar el contracte."},"content":{"rendered":"<ol>\n<li>S\u2019ha d\u2019assegurar que el propietari respecti el termini m\u00ednim de duraci\u00f3 del contracte i de la pr\u00f2rroga, en cas que n\u2019hi hagi.<\/li>\n<li>La comunicaci\u00f3 de la no renovaci\u00f3 ha de fer-se 30 dies abans de la finalitzaci\u00f3 del contracte i mitjan\u00e7ant un document que acrediti el contingut i la data d\u2019entrega (ex. Burofax). No serveix una trucada telef\u00f2nica o una carta informal! Si reps una trucada telef\u00f2nica no responguis, aix\u00f2 et donar\u00e0 m\u00e9s temps per que et tornin a escriure i potser s\u2019esgoti el termini de 30 dies.<\/li>\n<\/ol>\n<p>Qu\u00e8 passa si el contracte ha arribat al final de la durada establerta i el meu llogador no ha notificat la seva voluntat de finalitzar-lo?<\/p>\n<p>Segons l\u2019article 1556 del Codi Civil si despr\u00e9s de la finalitzaci\u00f3 del contracte segueixes al pis m\u00e9s de 15 dies amb el consentiment del llogador i no t\u2019ha requerit que l\u2019abandonis, el contracte seguir\u00e0 en vigor:<\/p>\n<ol>\n<li>Per anys quan el lloguer sigui anual, es prorroga d\u2019any a any.<\/li>\n<li>Per mesos quan el lloguer sigui mensual, es prorroga de mes a mes.<\/li>\n<li>Per dies quan el contracte sigui diari, es prorroga de dia a dia.<\/li>\n<\/ol>\n<p><strong>I anar a l&#8217;assemblea de Sindicat de Barri i exposar la teva situaci\u00f3 per mirar de fer-hi front col\u00b7lectivament!!<\/strong><\/p>\n","protected":false},"excerpt":{"rendered":"<p>S\u2019ha d\u2019assegurar que el propietari respecti el termini m\u00ednim de duraci\u00f3 del contracte i de la pr\u00f2rroga, en cas que [&hellip;]<\/p>\n","protected":false},"author":1,"featured_media":0,"parent":304,"menu_order":0,"comment_status":"closed","ping_status":"closed","template":"","meta":[],"_links":{"self":[{"href":"https:\/\/sindicatdebarri.org\/index.php\/wp-json\/wp\/v2\/pages\/314"}],"collection":[{"href":"https:\/\/sindicatdebarri.org\/index.php\/wp-json\/wp\/v2\/pages"}],"about":[{"href":"https:\/\/sindicatdebarri.org\/index.php\/wp-json\/wp\/v2\/types\/page"}],"author":[{"embeddable":true,"href":"https:\/\/sindicatdebarri.org\/index.php\/wp-json\/wp\/v2\/users\/1"}],"replies":[{"embeddable":true,"href":"https:\/\/sindicatdebarri.org\/index.php\/wp-json\/wp\/v2\/comments?post=314"}],"version-history":[{"count":2,"href":"https:\/\/sindicatdebarri.org\/index.php\/wp-json\/wp\/v2\/pages\/314\/revisions"}],"predecessor-version":[{"id":317,"href":"https:\/\/sindicatdebarri.org\/index.php\/wp-json\/wp\/v2\/pages\/314\/revisions\/317"}],"up":[{"embeddable":true,"href":"https:\/\/sindicatdebarri.org\/index.php\/wp-json\/wp\/v2\/pages\/304"}],"wp:attachment":[{"href":"https:\/\/sindicatdebarri.org\/index.php\/wp-json\/wp\/v2\/media?parent=314"}],"curies":[{"name":"wp","href":"https:\/\/api.w.org\/{rel}","templated":true}]}}