{"id":186,"date":"2019-11-15T19:54:24","date_gmt":"2019-11-15T18:54:24","guid":{"rendered":"http:\/\/sindicatdebarri.org\/?page_id=186"},"modified":"2020-04-08T13:59:32","modified_gmt":"2020-04-08T11:59:32","slug":"el-barri","status":"publish","type":"page","link":"https:\/\/sindicatdebarri.org\/index.php\/sindicat-de-barri-del-poble-sec\/el-barri\/","title":{"rendered":"El Barri"},"content":{"rendered":"<hr class=\"wp-block-separator is-style-wide\" \/>\r\n\r\n\r\n<h5 class=\"wp-block-heading\">El Poble Sec<\/h5>\r\n\r\n\r\n<hr class=\"wp-block-separator is-style-wide\" \/>\r\n\r\n\r\n<figure class=\"wp-block-image\"><img decoding=\"async\" loading=\"lazy\" width=\"1024\" height=\"375\" class=\"wp-image-216\" src=\"http:\/\/sindicatdebarri.org\/wp-content\/uploads\/2019\/11\/PSec.BASE-Model-1024x375.jpg\" alt=\"Poble Sec\" srcset=\"https:\/\/sindicatdebarri.org\/wp-content\/uploads\/2019\/11\/PSec.BASE-Model-1024x375.jpg 1024w, https:\/\/sindicatdebarri.org\/wp-content\/uploads\/2019\/11\/PSec.BASE-Model-300x110.jpg 300w, https:\/\/sindicatdebarri.org\/wp-content\/uploads\/2019\/11\/PSec.BASE-Model-768x281.jpg 768w\" sizes=\"(max-width: 1024px) 100vw, 1024px\" \/><\/figure>\r\n\r\n\r\n<hr class=\"wp-block-separator is-style-wide\" \/>\r\n\r\n\r\n<p>El Poble Sec \u00e9s un barri dens (si exceptuem Montju\u00efc) amb una poblaci\u00f3 actual d&#8217;unes 40.000 persones.<\/p>\r\n\r\n\r\n\r\n<p>La situaci\u00f3 de l&#8217;habitatge s&#8217;ha convertit en un malson per les que vivim al Poble Sec. Durant els \u00faltims dos anys els preus del lloguer han pujat en m\u00e9s del 30%, fent que la majoria dels ve\u00efns i ve\u00efnes li haguem de dedicar la major part dels nostres ingressos. Quan s&#8217;acaben els nous contractes de tres anys els propietaris i les ag\u00e8ncies immobili\u00e0ries et poden demanar el preu que vulguin. Qui no ho pot pagar va directament al carrer. I si necessites buscar un altre pis de lloguer, haur\u00e0s de pagar uns quants milers d&#8217;euros de dip\u00f2sit al propietari i d&#8217;honoraris a l&#8217;ag\u00e8ncia immobili\u00e0ria de torn.<\/p>\r\n\r\n\r\n\r\n<p>Aquesta situaci\u00f3 no ha caigut del cel sin\u00f3 que t\u00e9 noms i cognoms:<\/p>\r\n\r\n\r\n\r\n<p>Fons d&#8217;inversions internacionals que han descobert els grans beneficis que ofereix el mercat immobiliari en una ciutat tur\u00edstica com Barcelona. Una legislaci\u00f3 en mat\u00e8ria de lloguer que d\u00f3na totes les facilitats a la propietat. Uns propietaris locals que ja ho sabien i aprofiten la conjuntura. Unes ag\u00e8ncies immobili\u00e0ries que inflen els preus per augmentar les seves comissions. Una ind\u00fastria tur\u00edstica que margina i expulsa els ve\u00efns i ve\u00efnes dels barris c\u00e8ntrics de la ciutat.<\/p>\r\n\r\n\r\n\r\n<p>Davant aquesta situaci\u00f3 d&#8217;emerg\u00e8ncia, diferents entitats, espais i persones de barri hem decidit organitzar-nos, i fer front de forma col\u00b7lectiva a el proc\u00e9s d&#8217;expulsi\u00f3 que moltes patim soles, i en silenci.<\/p>\r\n","protected":false},"excerpt":{"rendered":"<p>El Poble Sec El Poble Sec \u00e9s un barri dens (si exceptuem Montju\u00efc) amb una poblaci\u00f3 actual d&#8217;unes 40.000 persones. [&hellip;]<\/p>\n","protected":false},"author":1,"featured_media":0,"parent":168,"menu_order":0,"comment_status":"closed","ping_status":"closed","template":"","meta":[],"_links":{"self":[{"href":"https:\/\/sindicatdebarri.org\/index.php\/wp-json\/wp\/v2\/pages\/186"}],"collection":[{"href":"https:\/\/sindicatdebarri.org\/index.php\/wp-json\/wp\/v2\/pages"}],"about":[{"href":"https:\/\/sindicatdebarri.org\/index.php\/wp-json\/wp\/v2\/types\/page"}],"author":[{"embeddable":true,"href":"https:\/\/sindicatdebarri.org\/index.php\/wp-json\/wp\/v2\/users\/1"}],"replies":[{"embeddable":true,"href":"https:\/\/sindicatdebarri.org\/index.php\/wp-json\/wp\/v2\/comments?post=186"}],"version-history":[{"count":13,"href":"https:\/\/sindicatdebarri.org\/index.php\/wp-json\/wp\/v2\/pages\/186\/revisions"}],"predecessor-version":[{"id":891,"href":"https:\/\/sindicatdebarri.org\/index.php\/wp-json\/wp\/v2\/pages\/186\/revisions\/891"}],"up":[{"embeddable":true,"href":"https:\/\/sindicatdebarri.org\/index.php\/wp-json\/wp\/v2\/pages\/168"}],"wp:attachment":[{"href":"https:\/\/sindicatdebarri.org\/index.php\/wp-json\/wp\/v2\/media?parent=186"}],"curies":[{"name":"wp","href":"https:\/\/api.w.org\/{rel}","templated":true}]}}