{"id":168,"date":"2019-11-15T19:03:43","date_gmt":"2019-11-15T18:03:43","guid":{"rendered":"http:\/\/sindicatdebarri.org\/?page_id=168"},"modified":"2020-04-07T11:54:55","modified_gmt":"2020-04-07T09:54:55","slug":"sindicat-de-barri-del-poble-sec","status":"publish","type":"page","link":"https:\/\/sindicatdebarri.org\/index.php\/sindicat-de-barri-del-poble-sec\/","title":{"rendered":"Sindicat de Barri del Poble Sec"},"content":{"rendered":"<hr \/>\n<h5>El sindicat de Barri del Poble Sec pret\u00e9n ser una entitat que posi al centre les persones i la pot\u00e8ncia d&#8217;una vida en com\u00fa.<\/h5>\n<hr \/>\n<p>Hem recuperat la funci\u00f3 d&#8217;un sindicat en el seu origen, actualitzant-la al context que vivim, apostant per la idea de Sindicat de Barri:<\/p>\n<p>&#8211; Un espai de suport mutu capa\u00e7 de resoldre les necessitats b\u00e0siques, construint alternatives gr\u00e0cies a la cooperaci\u00f3 i al comprom\u00e8s de les persones.<\/p>\n<p>&#8211; Un lloc on confluir les lluites de diverses generacions per empoderar-nos mitjan\u00e7ant la col\u00b7lectivitzaci\u00f3 dels nostres problemes: habitatge, subministres, cures, treball&#8230;<\/p>\n<p>&#8211; Una organitzaci\u00f3 que no vol representar les lluites, sin\u00f3 expressar-les en les seves diverses formes per millorar les condicions de vida de totes les persones que hi participen.<\/p>\n","protected":false},"excerpt":{"rendered":"<p>El sindicat de Barri del Poble Sec pret\u00e9n ser una entitat que posi al centre les persones i la pot\u00e8ncia [&hellip;]<\/p>\n","protected":false},"author":1,"featured_media":0,"parent":0,"menu_order":0,"comment_status":"closed","ping_status":"closed","template":"","meta":[],"_links":{"self":[{"href":"https:\/\/sindicatdebarri.org\/index.php\/wp-json\/wp\/v2\/pages\/168"}],"collection":[{"href":"https:\/\/sindicatdebarri.org\/index.php\/wp-json\/wp\/v2\/pages"}],"about":[{"href":"https:\/\/sindicatdebarri.org\/index.php\/wp-json\/wp\/v2\/types\/page"}],"author":[{"embeddable":true,"href":"https:\/\/sindicatdebarri.org\/index.php\/wp-json\/wp\/v2\/users\/1"}],"replies":[{"embeddable":true,"href":"https:\/\/sindicatdebarri.org\/index.php\/wp-json\/wp\/v2\/comments?post=168"}],"version-history":[{"count":13,"href":"https:\/\/sindicatdebarri.org\/index.php\/wp-json\/wp\/v2\/pages\/168\/revisions"}],"predecessor-version":[{"id":387,"href":"https:\/\/sindicatdebarri.org\/index.php\/wp-json\/wp\/v2\/pages\/168\/revisions\/387"}],"wp:attachment":[{"href":"https:\/\/sindicatdebarri.org\/index.php\/wp-json\/wp\/v2\/media?parent=168"}],"curies":[{"name":"wp","href":"https:\/\/api.w.org\/{rel}","templated":true}]}}