{"id":158,"date":"2019-11-15T18:38:01","date_gmt":"2019-11-15T17:38:01","guid":{"rendered":"http:\/\/sindicatdebarri.org\/?page_id=158"},"modified":"2020-04-07T11:05:45","modified_gmt":"2020-04-07T09:05:45","slug":"la-base","status":"publish","type":"page","link":"https:\/\/sindicatdebarri.org\/index.php\/la-base\/","title":{"rendered":"La Base"},"content":{"rendered":"<hr \/>\n<h5>El Sindicat de Barri del Poble Sec \u00e9s un col\u00b7lectiu que forma part de La Base Ateneu Cooperatiu. En som part, en fem servir l&#8217;espai i no podem entendre la nostra exist\u00e8ncia sense la seva.<\/h5>\n<hr \/>\n<h5>Qu\u00e8 \u00e9s LaBase? Presentaci\u00f3:<\/h5>\n<p>La Base \u00e9s un projecte que parteix de la necessitat que algunes persones sentim de dotar-nos de for\u00e7a material aut\u00f2noma als barris, de reconstruir la constel\u00b7laci\u00f3 d\u2019infraestructures autogestionades que els barris de Barcelona van tenir durant el primer ter\u00e7 del segle XX \u2013 cooperatives de consum, ateneus, seus sindicals, escoles racionalistes, publicacions\u2026 \u2013conformant una incre\u00efble for\u00e7a revolucion\u00e0ria.<\/p>\n<p><b>Per fer-ho, apostem per recuperar la pr\u00e0ctica del mutualisme obrer i popular.<\/b> Aix\u00ed, les persones\u00a0<i>s\u00f2cies cooperatives <\/i>posem 10 \u20ac al mes que van a un fons com\u00fa. Aquest fons com\u00fa es dota tamb\u00e9 amb una part de l\u2019activitat econ\u00f2mica dels grups amb seu a La Base.\u00a0Aquest fons ens serveix, d\u2019una banda, per pagar el lloguer de l\u2019espai i, d\u2019altra banda, ens permet dotar-nos d\u2019una for\u00e7a material que dona consist\u00e8ncia per a la materialitzaci\u00f3 dels nostres somnis.<\/p>\n<p>Arran del moviment d\u2019ocupaci\u00f3 de les places el 2011, la seva extensi\u00f3 planet\u00e0ria, per\u00f2 tamb\u00e9 per la multiplicaci\u00f3 d\u2019assemblees de barri i assemblees locals, <b>\u00e9s el moment de fer un salt qualitatiu i dotar-nos de nou, localment, d\u2019infraestructures autogestionades potents.<\/b> A Barcelona, Can Batll\u00f3 a Sants, la Flor de Maig al Poble Nou i ara La Base al Poble Sec encarnen aquesta idea.<\/p>\n<p><a href=\"http:\/\/labase.info\">labase.info<\/a><\/p>\n","protected":false},"excerpt":{"rendered":"<p>El Sindicat de Barri del Poble Sec \u00e9s un col\u00b7lectiu que forma part de La Base Ateneu Cooperatiu. En som [&hellip;]<\/p>\n","protected":false},"author":1,"featured_media":0,"parent":0,"menu_order":0,"comment_status":"closed","ping_status":"closed","template":"","meta":[],"_links":{"self":[{"href":"https:\/\/sindicatdebarri.org\/index.php\/wp-json\/wp\/v2\/pages\/158"}],"collection":[{"href":"https:\/\/sindicatdebarri.org\/index.php\/wp-json\/wp\/v2\/pages"}],"about":[{"href":"https:\/\/sindicatdebarri.org\/index.php\/wp-json\/wp\/v2\/types\/page"}],"author":[{"embeddable":true,"href":"https:\/\/sindicatdebarri.org\/index.php\/wp-json\/wp\/v2\/users\/1"}],"replies":[{"embeddable":true,"href":"https:\/\/sindicatdebarri.org\/index.php\/wp-json\/wp\/v2\/comments?post=158"}],"version-history":[{"count":11,"href":"https:\/\/sindicatdebarri.org\/index.php\/wp-json\/wp\/v2\/pages\/158\/revisions"}],"predecessor-version":[{"id":809,"href":"https:\/\/sindicatdebarri.org\/index.php\/wp-json\/wp\/v2\/pages\/158\/revisions\/809"}],"wp:attachment":[{"href":"https:\/\/sindicatdebarri.org\/index.php\/wp-json\/wp\/v2\/media?parent=158"}],"curies":[{"name":"wp","href":"https:\/\/api.w.org\/{rel}","templated":true}]}}