{"id":1076,"date":"2022-05-27T14:34:44","date_gmt":"2022-05-27T12:34:44","guid":{"rendered":"http:\/\/sindicatdebarri.org\/?page_id=1076"},"modified":"2022-05-27T14:38:46","modified_gmt":"2022-05-27T12:38:46","slug":"documentos-utiles-para-aplicar-la-nueva-llei-dhabitatge","status":"publish","type":"page","link":"https:\/\/sindicatdebarri.org\/index.php\/es\/documentos-utiles-para-aplicar-la-nueva-llei-dhabitatge\/","title":{"rendered":"Documentos \u00fatiles para aplicar la nueva Llei d&#8217;Habitatge."},"content":{"rendered":"\n<p>Enlazamos con la p\u00e1gina de ilphabitatge.cat donde encontrar\u00e9is muchos documentos \u00fatiles para hacer cumplir la nueva ley de vivienda, la 1\/2022 que modifica la Llei d&#8217;Habitatge 24\/2015.<\/p>\n\n\n\n<p><a href=\"https:\/\/ilphabitatge.cat\/documents-utils\/\">Documents \u00fatils<\/a><\/p>\n","protected":false},"excerpt":{"rendered":"<p>Enlazamos con la p\u00e1gina de ilphabitatge.cat donde encontrar\u00e9is muchos documentos \u00fatiles para hacer cumplir la nueva ley de vivienda, la [&hellip;]<\/p>\n","protected":false},"author":1,"featured_media":0,"parent":0,"menu_order":0,"comment_status":"closed","ping_status":"closed","template":"","meta":[],"_links":{"self":[{"href":"https:\/\/sindicatdebarri.org\/index.php\/wp-json\/wp\/v2\/pages\/1076"}],"collection":[{"href":"https:\/\/sindicatdebarri.org\/index.php\/wp-json\/wp\/v2\/pages"}],"about":[{"href":"https:\/\/sindicatdebarri.org\/index.php\/wp-json\/wp\/v2\/types\/page"}],"author":[{"embeddable":true,"href":"https:\/\/sindicatdebarri.org\/index.php\/wp-json\/wp\/v2\/users\/1"}],"replies":[{"embeddable":true,"href":"https:\/\/sindicatdebarri.org\/index.php\/wp-json\/wp\/v2\/comments?post=1076"}],"version-history":[{"count":2,"href":"https:\/\/sindicatdebarri.org\/index.php\/wp-json\/wp\/v2\/pages\/1076\/revisions"}],"predecessor-version":[{"id":1079,"href":"https:\/\/sindicatdebarri.org\/index.php\/wp-json\/wp\/v2\/pages\/1076\/revisions\/1079"}],"wp:attachment":[{"href":"https:\/\/sindicatdebarri.org\/index.php\/wp-json\/wp\/v2\/media?parent=1076"}],"curies":[{"name":"wp","href":"https:\/\/api.w.org\/{rel}","templated":true}]}}