{"id":932,"date":"2020-04-23T12:57:26","date_gmt":"2020-04-23T10:57:26","guid":{"rendered":"http:\/\/sindicatdebarri.org\/?page_id=932"},"modified":"2023-05-24T14:26:03","modified_gmt":"2023-05-24T12:26:03","slug":"comite-de-huelga-de-alquileres-del-poble-sec","status":"publish","type":"page","link":"http:\/\/sindicatdebarri.org\/index.php\/es\/campanas\/campanas-pasades\/huelga-de-alquileres\/comite-de-huelga-de-alquileres-del-poble-sec\/","title":{"rendered":"Comit\u00e9 de Huelga de Alquileres del Poble Sec"},"content":{"rendered":"<p id=\"tw-target-text\" class=\"tw-data-text tw-text-large tw-ta\" dir=\"ltr\" data-placeholder=\"Traducci\u00f3\"><span lang=\"es\"><img decoding=\"async\" loading=\"lazy\" class=\"size-medium wp-image-936 aligncenter\" src=\"http:\/\/sindicatdebarri.org\/wp-content\/uploads\/2020\/04\/photo_2020-04-23_11-49-22-1-300x300.jpg\" alt=\"\" width=\"300\" height=\"300\" srcset=\"http:\/\/sindicatdebarri.org\/wp-content\/uploads\/2020\/04\/photo_2020-04-23_11-49-22-1-300x300.jpg 300w, http:\/\/sindicatdebarri.org\/wp-content\/uploads\/2020\/04\/photo_2020-04-23_11-49-22-1-1024x1024.jpg 1024w, http:\/\/sindicatdebarri.org\/wp-content\/uploads\/2020\/04\/photo_2020-04-23_11-49-22-1-150x150.jpg 150w, http:\/\/sindicatdebarri.org\/wp-content\/uploads\/2020\/04\/photo_2020-04-23_11-49-22-1-768x768.jpg 768w, http:\/\/sindicatdebarri.org\/wp-content\/uploads\/2020\/04\/photo_2020-04-23_11-49-22-1.jpg 1111w\" sizes=\"(max-width: 300px) 100vw, 300px\" \/><\/span><\/p>\n<p class=\"tw-data-text tw-text-large tw-ta\" dir=\"ltr\" data-placeholder=\"Traducci\u00f3\"><span lang=\"es\">\u270a<strong>COMIT\u00c9 DE HUELGA DE ALQUILERES DEL POBLE SEC &#8211; SI NO COBRAMOS, NO PAGAMOS<\/strong>\ud83d\udcb0 <\/span><\/p>\n<p class=\"tw-data-text tw-text-large tw-ta\" dir=\"ltr\" data-placeholder=\"Traducci\u00f3\"><span lang=\"es\">En el barrio apoyamos la Huelga de Alquileres. Y desde el Sindicat de Barri tambi\u00e9n. Por eso participamos en la creaci\u00f3n del Comit\u00e9 de Huelga de Alquileres del Poble Sec. <\/span><\/p>\n<p class=\"tw-data-text tw-text-large tw-ta\" dir=\"ltr\" data-placeholder=\"Traducci\u00f3\"><span lang=\"es\">Si est\u00e1s teniendo dificultades para pagar el alquiler, los suministros o la comida: <\/span><\/p>\n<p class=\"tw-data-text tw-text-large tw-ta\" dir=\"ltr\" data-placeholder=\"Traducci\u00f3\"><strong><span lang=\"es\">No est\u00e1s sola, organ\u00edzate, defi\u00e9ndete y lucha! <\/span><\/strong><\/p>\n<ul>\n<li class=\"tw-data-text tw-text-large tw-ta\" dir=\"ltr\" data-placeholder=\"Traducci\u00f3\"><span lang=\"es\">Escr\u00edbenos a: poblesec@sindicatdebarri.org <\/span><\/li>\n<li class=\"tw-data-text tw-text-large tw-ta\" dir=\"ltr\" data-placeholder=\"Traducci\u00f3\"><span lang=\"es\">Reuni\u00f3n online de asesoramiento colectivo cada JUEVES a las 18: 00h. <a href=\"https:\/\/meet.jit.si\/sdb\">https:\/\/meet.jit.si\/sdb<\/a> (clica y entra) <\/span><\/li>\n<li class=\"tw-data-text tw-text-large tw-ta\" dir=\"ltr\" data-placeholder=\"Traducci\u00f3\"><span lang=\"es\">Tenemos tambi\u00e9n una gu\u00eda para hacer asambleas con videollamada con jitsi. <a href=\"http:\/\/sindicatdebarri.org\/wp-content\/uploads\/2020\/04\/comohacer_asambleasonline_general.pdf\">Gu\u00eda asamblea online<\/a><\/span><\/li>\n<li class=\"tw-data-text tw-text-large tw-ta\" dir=\"ltr\" data-placeholder=\"Traducci\u00f3\"><span lang=\"es\">Sigue informaciones por el canal de Telegram: <a href=\"https:\/\/t.me\/SindicatPobleSec\">https:\/\/t.me\/SindicatPobleSec <\/a><\/span><\/li>\n<li class=\"tw-data-text tw-text-large tw-ta\" dir=\"ltr\" data-placeholder=\"Traducci\u00f3\"><span lang=\"es\">Para aportar a la causa. Caja de Solidaridad:<a href=\"https:\/\/www.goteo.org\/project\/caja-de-resistencia-huelga-de-alquileres\"> https:\/\/www.goteo.org\/project\/caja-de-resistencia-huelga-de-alquileres <\/a><\/span><\/li>\n<li>Como obtener un servicio de \u00edndice para conocer todas las propiedades de alguien: <a href=\"http:\/\/sindicatdebarri.org\/wp-content\/uploads\/2020\/04\/GUIA-OBTENCION-NOTA-INVERSA-REGISTRO-PROPIEDAD.pdf\">Guia servicio indice<\/a><\/li>\n<\/ul>\n<p class=\"tw-data-text tw-text-large tw-ta\" dir=\"ltr\" data-placeholder=\"Traducci\u00f3\"><span lang=\"es\">Si quieres documentos con informaci\u00f3n de la Huelga de Alquileres, lo puedes mirar aqu\u00ed: <a href=\"http:\/\/sindicatdebarri.org\/index.php\/es\/huelga-de-alquileres\/material-de-interes\/\">+ documentaci\u00f3n<\/a><\/span><\/p>\n","protected":false},"excerpt":{"rendered":"<p>\u270aCOMIT\u00c9 DE HUELGA DE ALQUILERES DEL POBLE SEC &#8211; SI NO COBRAMOS, NO PAGAMOS\ud83d\udcb0 En el barrio apoyamos la Huelga [&hellip;]<\/p>\n","protected":false},"author":1,"featured_media":0,"parent":756,"menu_order":0,"comment_status":"closed","ping_status":"closed","template":"","meta":[],"_links":{"self":[{"href":"http:\/\/sindicatdebarri.org\/index.php\/wp-json\/wp\/v2\/pages\/932"}],"collection":[{"href":"http:\/\/sindicatdebarri.org\/index.php\/wp-json\/wp\/v2\/pages"}],"about":[{"href":"http:\/\/sindicatdebarri.org\/index.php\/wp-json\/wp\/v2\/types\/page"}],"author":[{"embeddable":true,"href":"http:\/\/sindicatdebarri.org\/index.php\/wp-json\/wp\/v2\/users\/1"}],"replies":[{"embeddable":true,"href":"http:\/\/sindicatdebarri.org\/index.php\/wp-json\/wp\/v2\/comments?post=932"}],"version-history":[{"count":4,"href":"http:\/\/sindicatdebarri.org\/index.php\/wp-json\/wp\/v2\/pages\/932\/revisions"}],"predecessor-version":[{"id":964,"href":"http:\/\/sindicatdebarri.org\/index.php\/wp-json\/wp\/v2\/pages\/932\/revisions\/964"}],"up":[{"embeddable":true,"href":"http:\/\/sindicatdebarri.org\/index.php\/wp-json\/wp\/v2\/pages\/756"}],"wp:attachment":[{"href":"http:\/\/sindicatdebarri.org\/index.php\/wp-json\/wp\/v2\/media?parent=932"}],"curies":[{"name":"wp","href":"https:\/\/api.w.org\/{rel}","templated":true}]}}