{"id":910,"date":"2020-04-23T12:57:32","date_gmt":"2020-04-23T10:57:32","guid":{"rendered":"http:\/\/sindicatdebarri.org\/?page_id=910"},"modified":"2023-05-24T14:26:03","modified_gmt":"2023-05-24T12:26:03","slug":"comite-de-vaga-de-lloguers-del-poble-sec","status":"publish","type":"page","link":"http:\/\/sindicatdebarri.org\/index.php\/campanyes\/campanyes-passades\/vaga-de-lloguers\/comite-de-vaga-de-lloguers-del-poble-sec\/","title":{"rendered":"Comit\u00e8 de Vaga de Lloguers del Poble Sec"},"content":{"rendered":"<p><strong><img decoding=\"async\" loading=\"lazy\" class=\"size-medium wp-image-909 aligncenter\" src=\"http:\/\/sindicatdebarri.org\/wp-content\/uploads\/2020\/04\/photo_2020-04-23_11-49-22-300x300.jpg\" alt=\"\" width=\"300\" height=\"300\" srcset=\"http:\/\/sindicatdebarri.org\/wp-content\/uploads\/2020\/04\/photo_2020-04-23_11-49-22-300x300.jpg 300w, http:\/\/sindicatdebarri.org\/wp-content\/uploads\/2020\/04\/photo_2020-04-23_11-49-22-1024x1024.jpg 1024w, http:\/\/sindicatdebarri.org\/wp-content\/uploads\/2020\/04\/photo_2020-04-23_11-49-22-150x150.jpg 150w, http:\/\/sindicatdebarri.org\/wp-content\/uploads\/2020\/04\/photo_2020-04-23_11-49-22-768x768.jpg 768w, http:\/\/sindicatdebarri.org\/wp-content\/uploads\/2020\/04\/photo_2020-04-23_11-49-22.jpg 1111w\" sizes=\"(max-width: 300px) 100vw, 300px\" \/><\/strong><\/p>\n<p>&nbsp;<\/p>\n<p><strong>\u270aCOMIT\u00c8 DE VAGA DE LLOGUERS DEL POBLE-SEC &#8211; SI NO COBREM, NO PAGUEM\ud83d\udcb0\ud83e\udde8<\/strong><\/p>\n<p>Al barri recolzem la Vaga de Lloguers. I des del Sindicat de Barri tamb\u00e9. Per aix\u00f2 participem en la creaci\u00f3 del Comit\u00e8 de Vaga de Lloguers del Poble Sec.<\/p>\n<p>Si est\u00e0s tenint dificultats per pagar el lloguer, els subministres o el menjar:<br \/>\n<strong>No est\u00e0s sola, organitza&#8217;t, defensa&#8217;t i lluita!<\/strong><\/p>\n<ul>\n<li>Escriu-nos a: <a href=\"mailto:poblesec@sindicatdebarri.org\">poblesec@sindicatdebarri.org<\/a><\/li>\n<li>Reuni\u00f3 online d&#8217;assessorament col\u00b7lectiu cada DIJOUS a les 18:00h. <a href=\"https:\/\/meet.jit.si\/sdb\">https:\/\/meet.jit.si\/sdb<\/a>\u00a0 (clica i entra)<\/li>\n<li>Tenim tamb\u00e9 una guia per fer assemblees amb videotrucada amb jitsi. <a href=\"http:\/\/sindicatdebarri.org\/wp-content\/uploads\/2020\/04\/comohacer_asambleasonline_general.pdf\">Guia assemblea online<\/a><\/li>\n<li>Segueix informacions pel canal de Telegram: <a href=\"https:\/\/t.me\/SindicatPobleSec\">https:\/\/t.me\/SindicatPobleSec<\/a><\/li>\n<li>Para aportar a la causa . Caixa de Solidaritat: <a href=\"https:\/\/www.goteo.org\/project\/caja-de-resistencia-huelga-de-alquileres\">https:\/\/www.goteo.org\/project\/caja-de-resistencia-huelga-de-alquileres<\/a><\/li>\n<li>Com obtenir un servei d&#8217;\u00edndex per con\u00e8ixer les propietats d&#8217;alg\u00fa: <a href=\"http:\/\/sindicatdebarri.org\/wp-content\/uploads\/2020\/04\/GUIA-OBTENCION-NOTA-INVERSA-REGISTRO-PROPIEDAD.pdf\">Guia servicio indice<\/a><\/li>\n<\/ul>\n<p>Si vols documents amb informaci\u00f3 de la Vaga de Lloguers, ho pots mirar aqu\u00ed: <a href=\"http:\/\/sindicatdebarri.org\/index.php\/vaga-de-lloguers\/material-dinteres\/\">+documentaci\u00f3<\/a><\/p>\n","protected":false},"excerpt":{"rendered":"<p>&nbsp; \u270aCOMIT\u00c8 DE VAGA DE LLOGUERS DEL POBLE-SEC &#8211; SI NO COBREM, NO PAGUEM\ud83d\udcb0\ud83e\udde8 Al barri recolzem la Vaga de [&hellip;]<\/p>\n","protected":false},"author":1,"featured_media":0,"parent":593,"menu_order":0,"comment_status":"closed","ping_status":"closed","template":"","meta":[],"_links":{"self":[{"href":"http:\/\/sindicatdebarri.org\/index.php\/wp-json\/wp\/v2\/pages\/910"}],"collection":[{"href":"http:\/\/sindicatdebarri.org\/index.php\/wp-json\/wp\/v2\/pages"}],"about":[{"href":"http:\/\/sindicatdebarri.org\/index.php\/wp-json\/wp\/v2\/types\/page"}],"author":[{"embeddable":true,"href":"http:\/\/sindicatdebarri.org\/index.php\/wp-json\/wp\/v2\/users\/1"}],"replies":[{"embeddable":true,"href":"http:\/\/sindicatdebarri.org\/index.php\/wp-json\/wp\/v2\/comments?post=910"}],"version-history":[{"count":9,"href":"http:\/\/sindicatdebarri.org\/index.php\/wp-json\/wp\/v2\/pages\/910\/revisions"}],"predecessor-version":[{"id":963,"href":"http:\/\/sindicatdebarri.org\/index.php\/wp-json\/wp\/v2\/pages\/910\/revisions\/963"}],"up":[{"embeddable":true,"href":"http:\/\/sindicatdebarri.org\/index.php\/wp-json\/wp\/v2\/pages\/593"}],"wp:attachment":[{"href":"http:\/\/sindicatdebarri.org\/index.php\/wp-json\/wp\/v2\/media?parent=910"}],"curies":[{"name":"wp","href":"https:\/\/api.w.org\/{rel}","templated":true}]}}