{"id":854,"date":"2020-04-07T19:44:52","date_gmt":"2020-04-07T17:44:52","guid":{"rendered":"http:\/\/sindicatdebarri.org\/?page_id=854"},"modified":"2020-04-08T12:08:05","modified_gmt":"2020-04-08T10:08:05","slug":"he-recibido-una-carta-de-desahucio","status":"publish","type":"page","link":"http:\/\/sindicatdebarri.org\/index.php\/es\/recursos-2\/que-hacer-si\/he-recibido-una-carta-de-desahucio\/","title":{"rendered":"&#8230;he recibido una carta de desahucio."},"content":{"rendered":"<p>Si se te acab\u00f3 el contrato o llevas uno o m\u00e1s meses sin pagar es probable que el propietario haya presentado una demanda por v\u00eda judicial. El juzgado habr\u00e1 emitido un requerimiento (correo certificado o burofax) al inquilino para que pague lo que debe en el plazo de 10 d\u00edas. Si no se paga, el juez dictaminar\u00e1 una orden de desahucio o lanzamiento<\/p>\n<p><strong>NO son avisos de desahucio<\/strong>:<\/p>\n<ul>\n<li>Que los Mossos de Esquadra lleguen a tu casa diciendo que te vayas,<\/li>\n<li>Si llega una carta del juzgado diciendo que se tiene que pagar (hipoteca o alquiler)<\/li>\n<\/ul>\n<p><strong>SI es un aviso de desahucio:<\/strong><\/p>\n<ul>\n<li>Si llega una carta del juzgado con una orden de lanzamiento con FECHA y HORA y fecha de juicio.<\/li>\n<\/ul>\n<p><strong>Cuando recibimos la notificaci\u00f3n<\/strong><\/p>\n<ul>\n<li>Aunque no recojamos la notificaci\u00f3n el proceso contin\u00faa, por lo tanto siempre es mejor recogerla.<\/li>\n<li>Ir a la Ciutat de la Just\u00edcia para que nos informen de nuestro caso.<\/li>\n<li>Tenemos 3 d\u00edas h\u00e1biles para solicitar un abogado o procurador de oficio.Hasta que no contesten, el proceso est\u00e1 paralizado. Puede ser que nos lo denieguen, pero hay que poner un recurso solicit\u00e1ndolo de nuevo (www.afectadosporlahipoteca.com\/documents)<\/li>\n<\/ul>\n<p><strong>Tener un abogado de oficio nos permite:<\/strong><\/p>\n<ul>\n<li>Ahorrarnos los costes judiciales.<\/li>\n<li>Presentar un Escrito de Oposici\u00f3n al pago de deudas (10 d\u00edas des de que recibimos la notificaci\u00f3n)<\/li>\n<li>Que pida al juez que se ponga en contacto con el SAC (coordinaci\u00f3n de Servicios Sociales)<\/li>\n<\/ul>\n<p><strong>Pasos a realizar con el abogado<\/strong><\/p>\n<ul>\n<li>Comprobar en el Registro de la Propiedad que quien hace la demanda es el leg\u00edtimo propietario, de lo contrario se paraliza el proceso.<\/li>\n<li>Decirle que presente el documento 704 (el documento 704 se usa en los casos en que la propiedad es de un GRAN PROPIETARIO o gran tenedor)<\/li>\n<li>Utilizar la sentencia de Estrasburgo (www.afectadosporlahipoteca.com\/documentos)<\/li>\n<\/ul>\n<p><strong>Condonaci\u00f3n de la deuda<\/strong><br \/>\nPara presentar la condonaci\u00f3n hay que presentar dos copias de la solicitud (colgada en la<br \/>\nweb de la PAH\/documentos \u00fatiles) al propietario de la vivienda. Una ser\u00e1 para el propietario<br \/>\ny otra, que nos tienen que devolver firmada o sellada, para el deudor.<\/p>\n","protected":false},"excerpt":{"rendered":"<p>Si se te acab\u00f3 el contrato o llevas uno o m\u00e1s meses sin pagar es probable que el propietario haya [&hellip;]<\/p>\n","protected":false},"author":1,"featured_media":0,"parent":795,"menu_order":0,"comment_status":"closed","ping_status":"closed","template":"","meta":[],"_links":{"self":[{"href":"http:\/\/sindicatdebarri.org\/index.php\/wp-json\/wp\/v2\/pages\/854"}],"collection":[{"href":"http:\/\/sindicatdebarri.org\/index.php\/wp-json\/wp\/v2\/pages"}],"about":[{"href":"http:\/\/sindicatdebarri.org\/index.php\/wp-json\/wp\/v2\/types\/page"}],"author":[{"embeddable":true,"href":"http:\/\/sindicatdebarri.org\/index.php\/wp-json\/wp\/v2\/users\/1"}],"replies":[{"embeddable":true,"href":"http:\/\/sindicatdebarri.org\/index.php\/wp-json\/wp\/v2\/comments?post=854"}],"version-history":[{"count":1,"href":"http:\/\/sindicatdebarri.org\/index.php\/wp-json\/wp\/v2\/pages\/854\/revisions"}],"predecessor-version":[{"id":855,"href":"http:\/\/sindicatdebarri.org\/index.php\/wp-json\/wp\/v2\/pages\/854\/revisions\/855"}],"up":[{"embeddable":true,"href":"http:\/\/sindicatdebarri.org\/index.php\/wp-json\/wp\/v2\/pages\/795"}],"wp:attachment":[{"href":"http:\/\/sindicatdebarri.org\/index.php\/wp-json\/wp\/v2\/media?parent=854"}],"curies":[{"name":"wp","href":"https:\/\/api.w.org\/{rel}","templated":true}]}}