{"id":852,"date":"2020-04-07T19:19:31","date_gmt":"2020-04-07T17:19:31","guid":{"rendered":"http:\/\/sindicatdebarri.org\/?page_id=852"},"modified":"2020-04-07T19:23:21","modified_gmt":"2020-04-07T17:23:21","slug":"me-suben-el-alquiler","status":"publish","type":"page","link":"http:\/\/sindicatdebarri.org\/index.php\/es\/recursos-2\/que-hacer-si\/me-suben-el-alquiler\/","title":{"rendered":"&#8230;me suben el alquiler."},"content":{"rendered":"<ul>\n<li>Durante la vigencia del contrato, el alquiler solo podr\u00e1 ser actualizado por el arrendador tras un a\u00f1o de vigencia y por mutuo acuerdo de las dos partes.<\/li>\n<li>Si el propietario quiere aumentar el precio del alquiler debe notificarlo con 30 d\u00edas de antelaci\u00f3n antes de la finalizaci\u00f3n del contrato de lo contrario se renueva con las mismas condiciones.<\/li>\n<li>Si el contrato est\u00e1 llegando a su finalizaci\u00f3n deben notificarte que no lo renovar\u00e1n con las mismas condiciones mediante un documento que acredite el contenido y la fecha de entrega (ex. burofax). NO SIRVE una llamada telef\u00f3nica o una carta informal. Si recibes una llamada o una carta no contestes, eso dar\u00e1 m\u00e1s tiempo para que vuelvan a escribir y quiz\u00e1s se agote el plazo de 30 d\u00edas.<\/li>\n<\/ul>\n<p>Si la subida de alquiler coincide con la finalizaci\u00f3n del contrato hay que abrir un canal de negociaci\u00f3n con la propiedad para poder mantener las condiciones vigentes.<\/p>\n<p><strong>E ir a la asamblea del Sindicat de Barri y exponer tu situaci\u00f3n para afrontarla colectivament!!<\/strong><\/p>\n","protected":false},"excerpt":{"rendered":"<p>Durante la vigencia del contrato, el alquiler solo podr\u00e1 ser actualizado por el arrendador tras un a\u00f1o de vigencia y [&hellip;]<\/p>\n","protected":false},"author":1,"featured_media":0,"parent":795,"menu_order":0,"comment_status":"closed","ping_status":"closed","template":"","meta":[],"_links":{"self":[{"href":"http:\/\/sindicatdebarri.org\/index.php\/wp-json\/wp\/v2\/pages\/852"}],"collection":[{"href":"http:\/\/sindicatdebarri.org\/index.php\/wp-json\/wp\/v2\/pages"}],"about":[{"href":"http:\/\/sindicatdebarri.org\/index.php\/wp-json\/wp\/v2\/types\/page"}],"author":[{"embeddable":true,"href":"http:\/\/sindicatdebarri.org\/index.php\/wp-json\/wp\/v2\/users\/1"}],"replies":[{"embeddable":true,"href":"http:\/\/sindicatdebarri.org\/index.php\/wp-json\/wp\/v2\/comments?post=852"}],"version-history":[{"count":1,"href":"http:\/\/sindicatdebarri.org\/index.php\/wp-json\/wp\/v2\/pages\/852\/revisions"}],"predecessor-version":[{"id":853,"href":"http:\/\/sindicatdebarri.org\/index.php\/wp-json\/wp\/v2\/pages\/852\/revisions\/853"}],"up":[{"embeddable":true,"href":"http:\/\/sindicatdebarri.org\/index.php\/wp-json\/wp\/v2\/pages\/795"}],"wp:attachment":[{"href":"http:\/\/sindicatdebarri.org\/index.php\/wp-json\/wp\/v2\/media?parent=852"}],"curies":[{"name":"wp","href":"https:\/\/api.w.org\/{rel}","templated":true}]}}