{"id":836,"date":"2020-04-07T18:38:06","date_gmt":"2020-04-07T16:38:06","guid":{"rendered":"http:\/\/sindicatdebarri.org\/?page_id=836"},"modified":"2020-04-07T18:47:19","modified_gmt":"2020-04-07T16:47:19","slug":"tourists-not-welcome","status":"publish","type":"page","link":"http:\/\/sindicatdebarri.org\/index.php\/es\/sindicat-de-barri-del-poble-sec-2\/tourists-not-welcome\/","title":{"rendered":"Tourists not welcome!"},"content":{"rendered":"<hr \/>\n<div class=\"oSioSc\">\n<div id=\"tw-target\">\n<div id=\"kAz1tf\" class=\"g9WsWb\">\n<div id=\"tw-target-text-container\" class=\"tw-ta-container hide-focus-ring tw-nfl\" tabindex=\"0\">\n<h4 id=\"tw-target-text\" class=\"tw-data-text tw-text-large tw-ta\" dir=\"ltr\" data-placeholder=\"Traducci\u00f3\"><span lang=\"es\">Desde el Sindicato de Barrio del Poble Sec defenderemos siempre un barrio acogedor e inclusivo, sin distinciones entre las vecinas seg\u00fan su origen o el tiempo que hace que viven en el barrio, un barrio donde todas las nuevas vecinas sean bienvenidas.<\/span><\/h4>\n<\/div>\n<\/div>\n<\/div>\n<\/div>\n<hr \/>\n<div class=\"oSioSc\">\n<div id=\"tw-target\">\n<div id=\"kAz1tf\" class=\"g9WsWb\">\n<div id=\"tw-target-text-container\" class=\"tw-ta-container hide-focus-ring tw-nfl\" tabindex=\"0\">\n<p id=\"tw-target-text\" class=\"tw-data-text tw-text-large tw-ta\" dir=\"ltr\" data-placeholder=\"Traducci\u00f3\"><strong><span lang=\"es\">Asimismo, estaremos contundentemente en contra de un barrio convertido en atracci\u00f3n tur\u00edstica. No queremos formar parte de un proyecto de ciudad-escaparate que, con el fin de atraer a los intereses del turismo, expulse las vecinas del barrio y lo vac\u00ede de contenido vital, dejando s\u00f3lo un bonito envoltorio por el disfrute del turismo. <\/span><\/strong><\/p>\n<p class=\"tw-data-text tw-text-large tw-ta\" dir=\"ltr\" data-placeholder=\"Traducci\u00f3\"><strong><span lang=\"es\">Nos encontramos un barrio con una presi\u00f3n tur\u00edstica extrema y desbocada. Estamos totalmente en contra y la queremos combatir. Turists not welcome!<\/span><\/strong><\/p>\n<\/div>\n<\/div>\n<\/div>\n<\/div>\n<hr \/>\n<p id=\"tw-target-text\" class=\"tw-data-text tw-text-large tw-ta\" dir=\"ltr\" data-placeholder=\"Traducci\u00f3\"><strong><span lang=\"es\">Tienes un piso tur\u00edstico junto a casa? <\/span><\/strong><\/p>\n<p class=\"tw-data-text tw-text-large tw-ta\" dir=\"ltr\" data-placeholder=\"Traducci\u00f3\"><span lang=\"es\">C\u00f3mo puedes hacerle frente? <\/span><\/p>\n<ul>\n<li class=\"tw-data-text tw-text-large tw-ta\" dir=\"ltr\" data-placeholder=\"Traducci\u00f3\"><span lang=\"es\">Comprueba si es legal. Para ello, puedes consultar la lista de apartamentos tur\u00edsticos que hay en estas webs: <\/span><\/li>\n<\/ul>\n<p class=\"tw-data-text tw-text-large tw-ta\" dir=\"ltr\" data-placeholder=\"Traducci\u00f3\"><span lang=\"es\">http:\/\/meet.barcelona.cat\/habitatgesturistics\/ <\/span><\/p>\n<p class=\"tw-data-text tw-text-large tw-ta\" dir=\"ltr\" data-placeholder=\"Traducci\u00f3\"><span lang=\"es\">www.sindicatdebarri.org <\/span><\/p>\n<ul>\n<li class=\"tw-data-text tw-text-large tw-ta\" dir=\"ltr\" data-placeholder=\"Traducci\u00f3\"><span lang=\"es\">Av\u00edsanos, al Sindicato de Barrio, y lo a\u00f1adiremos a una lista de apartamentos tur\u00edsticos ilegales. <\/span><\/li>\n<\/ul>\n<p class=\"tw-data-text tw-text-large tw-ta\" dir=\"ltr\" data-placeholder=\"Traducci\u00f3\"><span lang=\"es\"><strong>\u00bfPor qu\u00e9 no nos gustan los apartamentos tur\u00edsticos?<\/strong> <\/span><\/p>\n<p class=\"tw-data-text tw-text-large tw-ta\" dir=\"ltr\" data-placeholder=\"Traducci\u00f3\"><span lang=\"es\">Los apartamentos de uso tur\u00edstico en Barcelona son espacios de vivienda que en lugar de alojar a personas o familias que viven en la ciudad, se utilizan para especular y ganar dinero con el sector tur\u00edstico. Esto hace que la oferta de pisos para vivir baje y, por tanto, los precios suban. As\u00ed funciona la ley de la oferta y la demanda. Pero la cosa no acaba aqu\u00ed: para un propietario es mucho m\u00e1s rentable alquilar un piso a turistas que a personas de la ciudad, ya que generalmente los turistas est\u00e1n dispuestos a gastar m\u00e1s dinero por un alojamiento (puntual, en su caso). <\/span><\/p>\n<p class=\"tw-data-text tw-text-large tw-ta\" dir=\"ltr\" data-placeholder=\"Traducci\u00f3\"><span lang=\"es\">Por lo tanto, mientras una barcelonesa puede pagar 500 \u20ac al mes por un piso, un turista puede pagar entre 50 y 100 euros por noche, que significa entre 1.500 y 3.000 \u20ac al mes! <\/span><\/p>\n<p class=\"tw-data-text tw-text-large tw-ta\" dir=\"ltr\" data-placeholder=\"Traducci\u00f3\"><strong><span lang=\"es\">Airb &amp; b, especular o sobrevivir? <\/span><\/strong><\/p>\n<p class=\"tw-data-text tw-text-large tw-ta\" dir=\"ltr\" data-placeholder=\"Traducci\u00f3\"><span lang=\"es\">Airb &amp; b ofrece una nueva manera de especular con la vivienda y el turismo en la ciudad. <\/span><\/p>\n<p class=\"tw-data-text tw-text-large tw-ta\" dir=\"ltr\" data-placeholder=\"Traducci\u00f3\"><span lang=\"es\">Mientras algunas personas alquilan circunstancialmente alguna de las habitaciones que tienen a su vivienda con el objetivo de llegar a fin de mes, hay otros que directamente realquilan el piso para sacar provecho. Son la mayor\u00eda. Desde el Sindicat de Barri entendemos que las circunstancias no son las mismas. <\/span><\/p>\n<p class=\"tw-data-text tw-text-large tw-ta\" dir=\"ltr\" data-placeholder=\"Traducci\u00f3\"><strong><span lang=\"es\">Vivir rodeado de &#8220;guiris&#8221; <\/span><\/strong><\/p>\n<p class=\"tw-data-text tw-text-large tw-ta\" dir=\"ltr\" data-placeholder=\"Traducci\u00f3\"><span lang=\"es\">En una poblaci\u00f3n de un 1.600.000 habitantes, en la ciudad de Barcelona llegan m\u00e1s de 11 millones de turistas anuales. Esto hace que hace que la convivencia sea inc\u00f3moda, que el precio de la vivienda suba y que las calles se llenan de personas a las que probablemente no vuelvas a ver nunca m\u00e1s. Cuando los turistas est\u00e1n a tu edificio, la situaci\u00f3n puede empeorar fuerza. No s\u00f3lo por los ruidos, los horarios y la convivencia, tambi\u00e9n por la p\u00e9rdida de las vecinas de toda la vida, con quien es m\u00e1s sencillo establecer v\u00ednculos y crear comunidad.<\/span><\/p>\n","protected":false},"excerpt":{"rendered":"<p>Desde el Sindicato de Barrio del Poble Sec defenderemos siempre un barrio acogedor e inclusivo, sin distinciones entre las vecinas [&hellip;]<\/p>\n","protected":false},"author":1,"featured_media":0,"parent":826,"menu_order":0,"comment_status":"closed","ping_status":"closed","template":"","meta":[],"_links":{"self":[{"href":"http:\/\/sindicatdebarri.org\/index.php\/wp-json\/wp\/v2\/pages\/836"}],"collection":[{"href":"http:\/\/sindicatdebarri.org\/index.php\/wp-json\/wp\/v2\/pages"}],"about":[{"href":"http:\/\/sindicatdebarri.org\/index.php\/wp-json\/wp\/v2\/types\/page"}],"author":[{"embeddable":true,"href":"http:\/\/sindicatdebarri.org\/index.php\/wp-json\/wp\/v2\/users\/1"}],"replies":[{"embeddable":true,"href":"http:\/\/sindicatdebarri.org\/index.php\/wp-json\/wp\/v2\/comments?post=836"}],"version-history":[{"count":1,"href":"http:\/\/sindicatdebarri.org\/index.php\/wp-json\/wp\/v2\/pages\/836\/revisions"}],"predecessor-version":[{"id":837,"href":"http:\/\/sindicatdebarri.org\/index.php\/wp-json\/wp\/v2\/pages\/836\/revisions\/837"}],"up":[{"embeddable":true,"href":"http:\/\/sindicatdebarri.org\/index.php\/wp-json\/wp\/v2\/pages\/826"}],"wp:attachment":[{"href":"http:\/\/sindicatdebarri.org\/index.php\/wp-json\/wp\/v2\/media?parent=836"}],"curies":[{"name":"wp","href":"https:\/\/api.w.org\/{rel}","templated":true}]}}