{"id":812,"date":"2020-04-07T11:23:10","date_gmt":"2020-04-07T09:23:10","guid":{"rendered":"http:\/\/sindicatdebarri.org\/?page_id=812"},"modified":"2023-05-24T14:26:03","modified_gmt":"2023-05-24T12:26:03","slug":"las-3-xemeneies-para-el-barrio","status":"publish","type":"page","link":"http:\/\/sindicatdebarri.org\/index.php\/es\/campanas\/las-3-xemeneies-para-el-barrio\/","title":{"rendered":"Las 3 Xemeneies para el barrio"},"content":{"rendered":"<hr class=\"wp-block-separator is-style-wide\" \/>\r\n\r\n\r\n<div class=\"wp-block-image\">\r\n<figure class=\"alignleft\"><img decoding=\"async\" loading=\"lazy\" width=\"133\" height=\"108\" class=\"wp-image-269\" src=\"http:\/\/sindicatdebarri.org\/wp-content\/uploads\/2019\/12\/cropped-Icono_3xemi2.jpg\" alt=\"\" \/><\/figure>\r\n<\/div>\r\n\r\n<h4>Recuperemos las Tres Xemeneies<\/h4>\r\n<p>&nbsp;<\/p>\r\n<p>Desde el Sindicat de Barri participamos de la Campa\u00f1a &#8220;Recuperem les 3 Xemeneies&#8221;<\/p>\r\n<hr \/><header class=\"entry-header\">\r\n<h4 id=\"tw-target-text\" class=\"tw-data-text tw-text-large tw-ta\" dir=\"ltr\" data-placeholder=\"Traducci\u00f3\"><span lang=\"es\">Presentaci\u00f3n <\/span><\/h4>\r\n<p class=\"tw-data-text tw-text-large tw-ta\" dir=\"ltr\" data-placeholder=\"Traducci\u00f3\"><span lang=\"es\">El Ayuntamiento y la Generalitat suelen atribuir la culpa de la brutal emergencia habitacional actual a sus respectivos rivales pol\u00edticos. <\/span><\/p>\r\n<p class=\"tw-data-text tw-text-large tw-ta\" dir=\"ltr\" data-placeholder=\"Traducci\u00f3\"><span lang=\"es\">Pero no podemos esperar hipot\u00e9ticos cambios de gobierno central y\/o de r\u00e9gimen parlamentario para que se tomen medidas reales contra la expulsi\u00f3n masiva de vecinas, tanto de forma directa como indirecta. Adem\u00e1s, como afirman toda la gente experta en la materia: para poder reducir los precios es absolutamente imprescindible la creaci\u00f3n de un stock de viviendas, el uso y la gesti\u00f3n de los que deber\u00eda quedar fuera del mercado. Por lo menos mientras la vivienda siga siendo un bien especulativo. Otra cosa ser\u00eda si la ley protegiera realmente el derecho a la vivienda. <\/span><\/p>\r\n<p class=\"tw-data-text tw-text-large tw-ta\" dir=\"ltr\" data-placeholder=\"Traducci\u00f3\"><span lang=\"es\">Por otro lado, no es verdad que faltan espacios para crear viviendas y equipamientos comunitarios. De hecho, en el Poble Sec, hay muchos solares y edificios vac\u00edos y sin uso desde hace a\u00f1os, mientras el barrio vive una situaci\u00f3n de emergencia habitacional extrema. <\/span><\/p>\r\n<p class=\"tw-data-text tw-text-large tw-ta\" dir=\"ltr\" data-placeholder=\"Traducci\u00f3\"><span lang=\"es\">Los partidos pol\u00edticos ya han entrado en precampa\u00f1a electoral. Hacemos entender que no se pueden llenar la boca con medidas de garantizar el derecho a la vivienda si no hacen todo lo posible para recuperar los Tres Xemeneies para su uso p\u00fablico.  <\/span><\/p>\r\n<p class=\"tw-data-text tw-text-large tw-ta\" dir=\"ltr\" data-placeholder=\"Traducci\u00f3\"><span lang=\"es\"><strong>\u00a1Ha llegado la hora de pasar de los \u00abservicios t\u00e9cnicos&#8221; a los &#8220;servicios comunitarios\u00bb!<\/strong><\/span><\/p>\r\n<\/header><hr class=\"wp-block-separator is-style-wide\" \/>\r\n\r\n\r\n<h4 class=\"wp-block-heading\">Manifiesto<\/h4>\r\n\r\n\r\n\r\n\r\n\r\n<div class=\"oSioSc\">\r\n<div id=\"tw-target\">\r\n<div id=\"kAz1tf\" class=\"g9WsWb\">\r\n<div id=\"tw-target-text-container\" class=\"tw-ta-container hide-focus-ring tw-nfl\" tabindex=\"0\">\r\n<p id=\"tw-target-text\" class=\"tw-data-text tw-text-large tw-ta\" dir=\"ltr\" data-placeholder=\"Traducci\u00f3\"><span lang=\"es\">La burbuja inmobiliaria ha afectado con especial virulencia los barrios c\u00e9ntricos de la ciudad. Entre 2013 y 2018 los precios de los pisos han subido un 65% en barrios como Poble Sec, Raval y San Antonio. Los precios de alquiler se han doblado en el mismo periodo. Lo que no ha aumentado es el poder adquisitivo de la gente. Desde 2010 est\u00e1 bajando a un ritmo cada vez m\u00e1s acelerado y muy particularmente en el caso de las personas con las trabajos m\u00e1s precarios. <\/span><\/p>\r\n<p class=\"tw-data-text tw-text-large tw-ta\" dir=\"ltr\" data-placeholder=\"Traducci\u00f3\"><span lang=\"es\">Estos dos factores han expulsado a miles de vecinos y vecinas de nuestros barrios. Al mismo tiempo han excluido del acceso a la vivienda a muchos habitantes de Barcelona y han convertido en vulnerable a cualquier persona que vive de alquiler. <\/span><\/p>\r\n<p class=\"tw-data-text tw-text-large tw-ta\" dir=\"ltr\" data-placeholder=\"Traducci\u00f3\"><span lang=\"es\">Todo ello es el resultado de unas pol\u00edticas institucionales que, desde hace a\u00f1os, dan todo tipo de facilidades legales y fiscales a las inmobiliarias, bancos, fondos de inversi\u00f3n y grandes tenedores de viviendas. Asimismo han marginado sistem\u00e1ticamente la creaci\u00f3n de vivienda p\u00fablica de alquiler. De modo que en Espa\u00f1a el alquiler se ha reducido a un 2% del parque de viviendas total, mientras que los otros pa\u00edses de la UE alcanza el 30% y m\u00e1s.<\/span><\/p>\r\n<\/div>\r\n<\/div>\r\n<\/div>\r\n<\/div>\r\n\r\n\r\n\r\n<div class=\"oSioSc\">\r\n<div id=\"tw-target\">\r\n<div id=\"kAz1tf\" class=\"g9WsWb\">\r\n<div id=\"tw-target-text-container\" class=\"tw-ta-container hide-focus-ring tw-nfl\" tabindex=\"0\">\r\n<p id=\"tw-target-text\" class=\"tw-data-text tw-text-large tw-ta\" dir=\"ltr\" data-placeholder=\"Traducci\u00f3\"><span lang=\"es\">La administraci\u00f3n argumenta que no hay espacios para crear viviendas que puedan servir para aliviar la emergencia habitacional actual y la carencia de equipamientos. Pero no es verdad: en el Poble Sec hay unos cuantos. El m\u00e1s grande son las Tres Xemeneies que cuentan con m\u00e1s de 30.000 m2 y est\u00e1n vac\u00edos desde el 2012. Desde entonces, este gran s\u00edmbolo de la lucha obrera y solidaridad popular ha pasado de manos de un fondo de inversi\u00f3n a otro. Todos han intentado &#8211; sin \u00e9xito- recalificar los edificios, ya que su clave urban\u00edstica actual restringe la construcci\u00f3n de oficinas. <\/span><\/p>\r\n<p class=\"tw-data-text tw-text-large tw-ta\" dir=\"ltr\" data-placeholder=\"Traducci\u00f3\"><span lang=\"es\">A diferencia de los anteriores, los nuevos propietarios &#8211; Conren Tramway, SL- han decidido crear hechos consumados y han comenzado a derribar todo menos los elementos estructurales de los dos edificios. Los representantes de este fondo hispano-alem\u00e1n pregonan a los cuatros vientos que har\u00e1n oficinas para multinacionales \u00abpunteras\u00bb y llevaran miles de trabajadores en el barrio con un alto nivel adquisitivo. <\/span><\/p>\r\n<p class=\"tw-data-text tw-text-large tw-ta\" dir=\"ltr\" data-placeholder=\"Traducci\u00f3\"><span lang=\"es\">No sabemos si ya tienen acuerdos secretos con los poderes f\u00e1cticos de la ciudad y partidos pol\u00edticos afines para que el ayuntamiento que salga de las pr\u00f3ximas municipales los propicie la necesaria recalificaci\u00f3n. Lo que s\u00ed sabemos es que pasar\u00e1 con los alquileres y los \u00faltimos comercios de proximidad cuando miles de empleados de estas multinacionales comiencen a buscar pisos y otros atractivos a la altura de sus bolsillos. Ser\u00e1 la estocada final, tanto en nuestros barrios como uno de los s\u00edmbolos m\u00e1s importantes de la memoria hist\u00f3rica popular!<\/span><\/p>\r\n<\/div>\r\n<\/div>\r\n<\/div>\r\n<\/div>\r\n\r\n\r\n\r\n<div class=\"oSioSc\">\r\n<div id=\"tw-target\">\r\n<div id=\"kAz1tf\" class=\"g9WsWb\">\r\n<div id=\"tw-target-text-container\" class=\"tw-ta-container hide-focus-ring tw-nfl\" tabindex=\"0\">\r\n<p id=\"tw-target-text\" class=\"tw-data-text tw-text-large tw-ta\" dir=\"ltr\" data-placeholder=\"Traducci\u00f3\"><span lang=\"es\"><strong>Considerando estos hechos, las entidades y personas abajo firmantes:<\/strong><\/span><\/p>\r\n<p class=\"tw-data-text tw-text-large tw-ta\" dir=\"ltr\" data-placeholder=\"Traducci\u00f3\"><span lang=\"es\"><strong> &#8211; Pedimos un compromiso firme y definitivo de los partidos pol\u00edticos<\/strong> que se presenten a las pr\u00f3ximas elecciones municipales de detener cualquier intento presente o futuro de cambio de calificaci\u00f3n en oficinas y de asegurar que las Tres Xemeneies se queden para siempre al servicio de las necesidades del vecindario del Poble Sec y de nuestros barrios vecinos. <\/span><\/p>\r\n<p class=\"tw-data-text tw-text-large tw-ta\" dir=\"ltr\" data-placeholder=\"Traducci\u00f3\"><span lang=\"es\"><strong>&#8211; Exigimos<\/strong> la recalificaci\u00f3n de las Tres Xemeneies <strong>en un equipamiento comunitario, para las vecinas y entidades del barrio con una dotaci\u00f3n de vivienda p\u00fablica.<\/strong> Proponemos un equipamiento que pueda dar respuesta a la necesidades de los barrios adyacentes: tanto necesidades habitacionales como espacios para personas mayores, guarder\u00edas, espacio de j\u00f3venes, para los castellers, para la biblioteca del barrio, auditorio polivalente, etc. <\/span><\/p>\r\n<p class=\"tw-data-text tw-text-large tw-ta\" dir=\"ltr\" data-placeholder=\"Traducci\u00f3\"><span lang=\"es\">&#8211; En el caso contrario<strong> nos comprometemos a seguir el ejemplo de los habitantes de Berl\u00edn y Nueva York,<\/strong> los cuales, con sus movilizaciones potentes, han conseguido impedir unos proyectos especulativos similares, promovidos por las multinacionales \u00abpunteras\u00bb Amazon y Google.<\/span><\/p>\r\n<\/div>\r\n<\/div>\r\n<\/div>\r\n<\/div>\r\n\r\n\r\n\r\n<p>Web de la Campa\u00f1a: <a href=\"http:\/\/les3xemeneies.cat\/\">Les 3 Xemeneies<\/a><\/p>\r\n","protected":false},"excerpt":{"rendered":"<p>Recuperemos las Tres Xemeneies &nbsp; Desde el Sindicat de Barri participamos de la Campa\u00f1a &#8220;Recuperem les 3 Xemeneies&#8221; Presentaci\u00f3n El [&hellip;]<\/p>\n","protected":false},"author":1,"featured_media":0,"parent":841,"menu_order":0,"comment_status":"closed","ping_status":"closed","template":"","meta":[],"_links":{"self":[{"href":"http:\/\/sindicatdebarri.org\/index.php\/wp-json\/wp\/v2\/pages\/812"}],"collection":[{"href":"http:\/\/sindicatdebarri.org\/index.php\/wp-json\/wp\/v2\/pages"}],"about":[{"href":"http:\/\/sindicatdebarri.org\/index.php\/wp-json\/wp\/v2\/types\/page"}],"author":[{"embeddable":true,"href":"http:\/\/sindicatdebarri.org\/index.php\/wp-json\/wp\/v2\/users\/1"}],"replies":[{"embeddable":true,"href":"http:\/\/sindicatdebarri.org\/index.php\/wp-json\/wp\/v2\/comments?post=812"}],"version-history":[{"count":1,"href":"http:\/\/sindicatdebarri.org\/index.php\/wp-json\/wp\/v2\/pages\/812\/revisions"}],"predecessor-version":[{"id":813,"href":"http:\/\/sindicatdebarri.org\/index.php\/wp-json\/wp\/v2\/pages\/812\/revisions\/813"}],"up":[{"embeddable":true,"href":"http:\/\/sindicatdebarri.org\/index.php\/wp-json\/wp\/v2\/pages\/841"}],"wp:attachment":[{"href":"http:\/\/sindicatdebarri.org\/index.php\/wp-json\/wp\/v2\/media?parent=812"}],"curies":[{"name":"wp","href":"https:\/\/api.w.org\/{rel}","templated":true}]}}