{"id":786,"date":"2020-04-06T19:14:42","date_gmt":"2020-04-06T17:14:42","guid":{"rendered":"http:\/\/sindicatdebarri.org\/?page_id=786"},"modified":"2020-04-06T22:42:25","modified_gmt":"2020-04-06T20:42:25","slug":"la-base-2","status":"publish","type":"page","link":"http:\/\/sindicatdebarri.org\/index.php\/es\/la-base-2\/","title":{"rendered":"La Base"},"content":{"rendered":"<hr \/>\n<div id=\"tw-source-text-container\" class=\"tw-ta-container hide-focus-ring tw-nfl\">\n<h5 id=\"tw-source-rmn\" class=\"tw-data-placeholder tw-text-small tw-ta\" dir=\"ltr\"><span lang=\"es\">El Sindicato de Barrio del Poble Sec es un colectivo que forma parte de La Base Ateneu Cooperatiu. Somos parte, usamos el espacio y no podemos entender nuestra existencia sin la suya.<\/span><\/h5>\n<\/div>\n<hr \/>\n<h5 id=\"tw-target-text\" class=\"tw-data-text tw-text-large tw-ta\" dir=\"ltr\" data-placeholder=\"Traducci\u00f3\"><span lang=\"es\">Qu\u00e9 es LaBase? Presentaci\u00f3n: <\/span><\/h5>\n<p class=\"tw-data-text tw-text-large tw-ta\" dir=\"ltr\" data-placeholder=\"Traducci\u00f3\"><span lang=\"es\">La Base es un proyecto que parte de la necesidad de que algunas personas sentimos de dotarnos de fuerza material aut\u00f3noma en los barrios, de reconstruir la constelaci\u00f3n de infraestructuras autogestionadas que los barrios de Barcelona tuvieron durante el primer tercio del siglo XX &#8211; cooperativas de consumo, ateneos, sedes sindicales, escuelas racionalistas, publicaciones &#8230; -conformando una incre\u00edble fuerza revolucionaria. <\/span><\/p>\n<p class=\"tw-data-text tw-text-large tw-ta\" dir=\"ltr\" data-placeholder=\"Traducci\u00f3\"><span lang=\"es\"><strong>Para ello, apostamos por recuperar la pr\u00e1ctica del mutualismo obrero y popular<\/strong>. As\u00ed, las personas socias cooperativess ponemos 10 \u20ac al mes que van a un fondo com\u00fan. Este fondo com\u00fan se dota tambi\u00e9n con una parte de la actividad econ\u00f3mica de los grupos con sede en La Base. Este fondo nos sirve, por un lado, para pagar el alquiler del espacio y, por otro, nos permite dotarnos de una fuerza material que da consistencia para la materializaci\u00f3n de nuestros sue\u00f1os. <\/span><\/p>\n<p class=\"tw-data-text tw-text-large tw-ta\" dir=\"ltr\" data-placeholder=\"Traducci\u00f3\"><span lang=\"es\">A ra\u00edz del movimiento de ocupaci\u00f3n de las plazas en 2011, su extensi\u00f3n planetaria, pero tambi\u00e9n por la multiplicaci\u00f3n de asambleas de barrio y asambleas locales, <strong>es el momento de dar un salto cualitativo y dotarnos de nuevo, localmente, de infraestructuras autogestionadas potentes.<\/strong> En Barcelona, \u200b\u200bCan Batll\u00f3 en Sants, la Flor de Maig en el Poble Nou y ahora La Base en el Poble Sec encarnan esta idea.<\/span><\/p>\n<p><a href=\"http:\/\/labase.info\">labase.info<\/a><\/p>\n","protected":false},"excerpt":{"rendered":"<p>El Sindicato de Barrio del Poble Sec es un colectivo que forma parte de La Base Ateneu Cooperatiu. Somos parte, [&hellip;]<\/p>\n","protected":false},"author":1,"featured_media":0,"parent":0,"menu_order":0,"comment_status":"closed","ping_status":"closed","template":"","meta":[],"_links":{"self":[{"href":"http:\/\/sindicatdebarri.org\/index.php\/wp-json\/wp\/v2\/pages\/786"}],"collection":[{"href":"http:\/\/sindicatdebarri.org\/index.php\/wp-json\/wp\/v2\/pages"}],"about":[{"href":"http:\/\/sindicatdebarri.org\/index.php\/wp-json\/wp\/v2\/types\/page"}],"author":[{"embeddable":true,"href":"http:\/\/sindicatdebarri.org\/index.php\/wp-json\/wp\/v2\/users\/1"}],"replies":[{"embeddable":true,"href":"http:\/\/sindicatdebarri.org\/index.php\/wp-json\/wp\/v2\/comments?post=786"}],"version-history":[{"count":1,"href":"http:\/\/sindicatdebarri.org\/index.php\/wp-json\/wp\/v2\/pages\/786\/revisions"}],"predecessor-version":[{"id":789,"href":"http:\/\/sindicatdebarri.org\/index.php\/wp-json\/wp\/v2\/pages\/786\/revisions\/789"}],"wp:attachment":[{"href":"http:\/\/sindicatdebarri.org\/index.php\/wp-json\/wp\/v2\/media?parent=786"}],"curies":[{"name":"wp","href":"https:\/\/api.w.org\/{rel}","templated":true}]}}