{"id":733,"date":"2020-03-28T10:16:56","date_gmt":"2020-03-28T09:16:56","guid":{"rendered":"http:\/\/sindicatdebarri.org\/?page_id=425"},"modified":"2023-05-24T14:26:03","modified_gmt":"2023-05-24T12:26:03","slug":"feliciano-se-queda","status":"publish","type":"page","link":"http:\/\/sindicatdebarri.org\/index.php\/es\/campanas\/campanas-pasades\/feliciano-se-queda\/","title":{"rendered":"Feliciano se Queda"},"content":{"rendered":"<p align=\"justify\">La situaci\u00f3n de la vivienda en Barcelona se ha convertido en una pesadilla para muchos. Los barrios donde hemos crecido son objeto de una ofensiva de buitres internacionales, inmobiliarias y codiciosos propietarios que pretenden ganar mucho dinero a expensas de destruir nuestros v\u00ednculos, nuestras comunidades, en definitiva, nuestras vidas.<\/p>\n<p align=\"justify\">Los culpables de esta situaci\u00f3n tienen nombres y apellidos. En el Poble Sec Uno de los responsables es la propiedad Norvet, propiedad del israel\u00ed Alon Yunger. Estos especuladores y gentrificadores responsables de la expulsi\u00f3n de cientos de vecinos a trav\u00e9s de desalojos invisibles, mobimg inmobiliario, o la contrataci\u00f3n de los matones de la empresa Desokupa, pretenden ahora desalojar a nuestro colega Feliciano, as\u00ed como a los compa\u00f1eros del bloque de la PAH Barcelona Arag\u00f3n 477.<\/p>\n<p align=\"justify\">Norvet compr\u00f3 la finca de la calle Murillo 12, donde Feliciano vive con sus hijos desde hace m\u00e1s de 15 a\u00f1os, con el objetivo de hacer apartamentos de lujo. Desde entonces, decenas de puntales cruzan la escalera del edificio, una nube de polvo invade el espacio y el ruido persistente de las obras a diario porque las 20 familias que viv\u00edan en el bloque se han visto obligadas a abandonar sus hogares. Pr\u00e1cticamente permanecen solo Feliciano y sus hijos.<\/p>\n<p align=\"justify\">La lucha de nuestro compa\u00f1ero por mantener su hogar no ha sido f\u00e1cil. Durante este tiempo ha sufrido todo tipo de acoso y una denuncia que amenaza con expulsarlo. En el \u00faltimo a\u00f1o detuvimos, gracias a la fuerza colectiva, todos los intentos de desahucio de Feliciano. Les detuvimos las obras de construcci\u00f3n de otro bloque de pisos de lujo en el barrio, hemos okupado la sede de Norvet y visitado la tienda. Gracias a la presi\u00f3n del conflicto el ayuntamiento ha suspendido dos obras para incumplir la licencia. Sin embargo, Norvet no parece querer ceder a la presi\u00f3n del vecindario, y ahora, nos ha impuesto un desalojo con fecha abierta del 15 al 30 de marzo.<\/p>\n<p align=\"justify\">Desde el Sindicat de Barri no pensamos abandonar, pero somos conscientes de que no podemos asumir este nuevo desaf\u00edo solas. Por esta raz\u00f3n, hacemos un llamamiento a todos los colectivos y entidades, tanto del barrio como de la ciudad, para que luchar juntas para evitar que Feliciano y sus hijos sean expulsados del Poble Sec.<\/p>\n<p align=\"justify\">Exigimos la suspensi\u00f3n inmediata de la orden de desalojo por Norvet y la concesi\u00f3n de un alquiler social dentro del vecindario!<\/p>\n<p align=\"left\">Demostremosles nuestra fuerza. \u00a1Defender a Feliciano es defender a Barcelona de los especuladores!<\/p>\n<p align=\"right\">Barcelona, 14 de marzo de 2018<\/p>\n","protected":false},"excerpt":{"rendered":"<p>La situaci\u00f3n de la vivienda en Barcelona se ha convertido en una pesadilla para muchos. Los barrios donde hemos crecido [&hellip;]<\/p>\n","protected":false},"author":1,"featured_media":0,"parent":735,"menu_order":0,"comment_status":"closed","ping_status":"closed","template":"","meta":[],"_links":{"self":[{"href":"http:\/\/sindicatdebarri.org\/index.php\/wp-json\/wp\/v2\/pages\/733"}],"collection":[{"href":"http:\/\/sindicatdebarri.org\/index.php\/wp-json\/wp\/v2\/pages"}],"about":[{"href":"http:\/\/sindicatdebarri.org\/index.php\/wp-json\/wp\/v2\/types\/page"}],"author":[{"embeddable":true,"href":"http:\/\/sindicatdebarri.org\/index.php\/wp-json\/wp\/v2\/users\/1"}],"replies":[{"embeddable":true,"href":"http:\/\/sindicatdebarri.org\/index.php\/wp-json\/wp\/v2\/comments?post=733"}],"version-history":[{"count":1,"href":"http:\/\/sindicatdebarri.org\/index.php\/wp-json\/wp\/v2\/pages\/733\/revisions"}],"predecessor-version":[{"id":737,"href":"http:\/\/sindicatdebarri.org\/index.php\/wp-json\/wp\/v2\/pages\/733\/revisions\/737"}],"up":[{"embeddable":true,"href":"http:\/\/sindicatdebarri.org\/index.php\/wp-json\/wp\/v2\/pages\/735"}],"wp:attachment":[{"href":"http:\/\/sindicatdebarri.org\/index.php\/wp-json\/wp\/v2\/media?parent=733"}],"curies":[{"name":"wp","href":"https:\/\/api.w.org\/{rel}","templated":true}]}}