{"id":647,"date":"2020-04-02T16:51:30","date_gmt":"2020-04-02T14:51:30","guid":{"rendered":"http:\/\/sindicatdebarri.org\/?page_id=647"},"modified":"2020-04-23T20:13:57","modified_gmt":"2020-04-23T18:13:57","slug":"material-dinteres","status":"publish","type":"page","link":"http:\/\/sindicatdebarri.org\/index.php\/campanyes\/campanyes-passades\/vaga-de-lloguers\/material-dinteres\/","title":{"rendered":"Material d&#8217;Inter\u00e8s"},"content":{"rendered":"<h4>Compartim aqu\u00ed diversos materials que poden ser d\u2019inter\u00e8s, anirem afegint-ne a mesura que es generin nous continguts:<\/h4>\r\n<p>&nbsp;<\/p>\r\n<p><strong>Mini Guia: Com participar en una Vaga de Lloguers<\/strong>: <a href=\"http:\/\/sindicatdebarri.org\/wp-content\/uploads\/2020\/04\/Miniguia-Vaga-de-Lloguers-VKK-3.2.pdf\">AQU\u00cd<\/a><\/p>\r\n<p><strong>Com fer una assemblea online per Jitsi: <\/strong><a href=\"http:\/\/sindicatdebarri.org\/wp-content\/uploads\/2020\/04\/comohacer_asambleasonline_general.pdf\">AQU\u00cd<\/a><\/p>\r\n<p><strong>Guia Legal per la Vaga de Lloguers:<\/strong> <a href=\"http:\/\/sindicatdebarri.org\/wp-content\/uploads\/2020\/04\/guialegal.pdf\">AQU\u00cd<\/a><\/p>\r\n<p><strong>Dubtes al voltant de la Vaga de Lloguers: <\/strong><a href=\"http:\/\/sindicatdebarri.org\/wp-content\/uploads\/2020\/04\/Dudas-frecuentes_SIGC.pdf\">AQU\u00cd<\/a><\/p>\r\n<p><strong>Com obtenir un servei d&#8217;\u00edndex per con\u00e8ixer les propietats d&#8217;alg\u00fa<\/strong>: <a href=\"http:\/\/sindicatdebarri.org\/wp-content\/uploads\/2020\/04\/GUIA-OBTENCION-NOTA-INVERSA-REGISTRO-PROPIEDAD.pdf\">AQU\u00cd<\/a><\/p>\r\n\r\n<p>&nbsp;<\/p>","protected":false},"excerpt":{"rendered":"<p>Compartim aqu\u00ed diversos materials que poden ser d\u2019inter\u00e8s, anirem afegint-ne a mesura que es generin nous continguts: &nbsp; Mini Guia: [&hellip;]<\/p>\n","protected":false},"author":1,"featured_media":0,"parent":593,"menu_order":0,"comment_status":"closed","ping_status":"closed","template":"","meta":[],"_links":{"self":[{"href":"http:\/\/sindicatdebarri.org\/index.php\/wp-json\/wp\/v2\/pages\/647"}],"collection":[{"href":"http:\/\/sindicatdebarri.org\/index.php\/wp-json\/wp\/v2\/pages"}],"about":[{"href":"http:\/\/sindicatdebarri.org\/index.php\/wp-json\/wp\/v2\/types\/page"}],"author":[{"embeddable":true,"href":"http:\/\/sindicatdebarri.org\/index.php\/wp-json\/wp\/v2\/users\/1"}],"replies":[{"embeddable":true,"href":"http:\/\/sindicatdebarri.org\/index.php\/wp-json\/wp\/v2\/comments?post=647"}],"version-history":[{"count":10,"href":"http:\/\/sindicatdebarri.org\/index.php\/wp-json\/wp\/v2\/pages\/647\/revisions"}],"predecessor-version":[{"id":965,"href":"http:\/\/sindicatdebarri.org\/index.php\/wp-json\/wp\/v2\/pages\/647\/revisions\/965"}],"up":[{"embeddable":true,"href":"http:\/\/sindicatdebarri.org\/index.php\/wp-json\/wp\/v2\/pages\/593"}],"wp:attachment":[{"href":"http:\/\/sindicatdebarri.org\/index.php\/wp-json\/wp\/v2\/media?parent=647"}],"curies":[{"name":"wp","href":"https:\/\/api.w.org\/{rel}","templated":true}]}}