{"id":614,"date":"2020-04-02T15:44:19","date_gmt":"2020-04-02T13:44:19","guid":{"rendered":"http:\/\/sindicatdebarri.org\/?page_id=614"},"modified":"2020-04-03T09:58:14","modified_gmt":"2020-04-03T07:58:14","slug":"demandes-de-la-vaga-de-lloguers","status":"publish","type":"page","link":"http:\/\/sindicatdebarri.org\/index.php\/campanyes\/campanyes-passades\/vaga-de-lloguers\/demandes-de-la-vaga-de-lloguers\/","title":{"rendered":"Demandes de la Vaga de Lloguers"},"content":{"rendered":"<h3 align=\"JUSTIFY\"><span lang=\"ca-ES\">Quines s\u00f3n les demandes de la Vaga de Lloguers:<\/span><\/h3>\n<p><span lang=\"ca-ES\">M\u00e9s de 200 col\u00b7lectius s\u2019han unit en aquesta vaga de lloguers per exigir al Govern mesures que cobreixin els drets m\u00e9s b\u00e0sics durant el confinament.<br \/>\nLes demandes s\u00f3n clares:<\/span><\/p>\n<ul>\n<li><span style=\"font-size: 12pt;\"><strong><span lang=\"ca-ES\">Suspensi\u00f3 dels pagaments del lloguer i hipotecaris a l\u2019habitatge habitual.<\/span><\/strong><span lang=\"ca-ES\"><strong> I la condonaci\u00f3 dels deutes inquilines i hipotec\u00e0ries contretes arran de la pand\u00e8mia.<\/strong> Cal alleujar l\u2019asf\u00edxia econ\u00f2mica de la poblaci\u00f3. En aquest aspecte interpel\u00b7lem a la responsabilitat social dels arrendadors, tenint en compte els avantatges fiscals de qu\u00e8 gaudeixen i paguem entre totes.<\/span><\/span><\/li>\n<li><span style=\"font-size: 12pt;\"><span lang=\"ca-ES\"><b>Suspensi\u00f3 del pagament dels subministraments b\u00e0sics d\u2019aigua, llum i gas.<\/b><\/span><span lang=\"ca-ES\"> Parlem de serveis b\u00e0sics per garantir la vida de les fam\u00edlies. Endesa, Iberdrola i Naturgy van collir m\u00e9s de 5.700 milions de beneficis en l\u2019\u00faltim any. El que suposa que l\u2019encariment de les factures va augmentar 35 vegades m\u00e9s que el consum d\u2019energia.<\/span><\/span><\/li>\n<li><span style=\"font-size: 12pt;\"><span lang=\"ca-ES\"><b>Posar els habitatges buits a disposici\u00f3 de les persones que no disposen d\u2019un<\/b><\/span><span lang=\"ca-ES\">. Hi ha m\u00e9s de 35.000 persones sense llar que necessiten un habitatge.<\/span><\/span><\/li>\n<\/ul>\n<p><span lang=\"ca-ES\">Tanmateix, no ens quedem aqu\u00ed. Som conscients que les conseq\u00fc\u00e8ncies socioecon\u00f2miques es mantindran m\u00e9s enll\u00e0 del confinament.<br \/>\nPer aix\u00f2, ens avancem a aquest context proposant solucions postconfinament:<\/span><\/p>\n<ul>\n<li><span style=\"font-size: 12pt;\"><span lang=\"ca-ES\"><b>Mantenir la suspensi\u00f3 del pagament del lloguer <\/b>el temps que sigui necessari a aquelles persones en situaci\u00f3 de vulnerabilitat<\/span><span lang=\"ca-ES\">.<\/span><\/span><\/li>\n<li><span style=\"font-size: 12pt;\"><span lang=\"ca-ES\"><b>Suspensi\u00f3 indefinida dels desnonaments i persecuci\u00f3 dels desnonaments il\u00b7legals<\/b><\/span><span lang=\"ca-ES\">. No acceptem que tornin els desallotjaments despr\u00e9s del confinament. Abans de la pand\u00e8mia, el nombre de desnonaments que s\u2019havia assolit des de 2008 ja superava el mili\u00f3 de desnonaments.<\/span><\/span><\/li>\n<li><span style=\"font-size: 12pt;\"><span lang=\"ca-ES\"><b>Regulaci\u00f3 del preu del lloguer<\/b><\/span><span lang=\"ca-ES\">. Ingressos baixos enfront de preus alts \u00e9s la f\u00f3rmula de l\u2019asf\u00edxia econ\u00f2mica. A m\u00e9s, exigim la baixada immediata del preu del lloguer i que aquest vagi lligat a la renda disponible de les llars. Els contractes de lloguer han de ser estables, que es renovin de manera autom\u00e0tica, i es posi fi aix\u00ed a l\u2019actual precarietat i incertesa.<\/span><\/span><\/li>\n<li><span style=\"font-size: 12pt;\"><span lang=\"ca-ES\"><b>Que no es retrocedeixi en mesures de protecci\u00f3 preses durant el confinament<\/b><\/span><span lang=\"ca-ES\">. Mantenint l\u2019alta dels subministraments b\u00e0sics a les persones vulnerables, el r\u00e8gim d\u2019habitatges de lloguer per a pisos tur\u00edstics i sustentar la morat\u00f2ria de desnonaments.<\/span><\/span><\/li>\n<li><span style=\"font-size: 12pt;\"><span lang=\"ca-ES\"><b>Comprom\u00eds de no prendre repres\u00e0lies contra les vaguistes<\/b><\/span><span lang=\"ca-ES\">. Prohibint les demandes per impagament a les inquilines que s\u2019hagin unit a la vaga.<\/span><\/span><\/li>\n<li><span style=\"font-size: 12pt;\"><span lang=\"ca-ES\"><b>Expropiaci\u00f3 de pisos a fons voltors i bancs<\/b><\/span><span lang=\"ca-ES\">. Hem de corresponsabilitzar aquells actors que han fet negoci amb un b\u00e9 de primera necessitat com \u00e9s l\u2019habitatge. Fons voltors i bancs han de contribuir a dotar recursos per superar les conseq\u00fc\u00e8ncies residencials de la pand\u00e8mia. Recordem que la banca es va rescatar amb m\u00e9s de 65.000 milions de diners p\u00fablics i que els fons voltor s\u00f3n maquin\u00e0ries d\u2019evasi\u00f3 fiscal.<\/span><\/span><\/li>\n<\/ul>\n<p><span lang=\"ca-ES\">Cal acabar amb la l\u00f2gica perversa que les crisis siguin sufragats amb recursos p\u00fablics. Durant aquesta pand\u00e8mia ha quedat pal\u00e8s que necessitem uns serveis p\u00fablics forts. Concedir privilegis a les grans fortunes immobili\u00e0ries mentre es retallen drets socials ha posat les nostres vides en risc.<\/span><\/p>\n<p><strong><span lang=\"ca-ES\">\u00c9s l\u2019hora de rescatar les persones. \u00c9s el moment de confinar privilegis. La suspensi\u00f3 del pagament dels lloguers \u00e9s el primer pas necessari per tornar la funci\u00f3 social a l\u2019habitatge i superar les conseq\u00fc\u00e8ncies socials de la pand\u00e8mia.<\/span><\/strong><\/p>\n<h3><span lang=\"ca-ES\">Si el Govern no escolta, nosaltres ens organitzem.<\/span><\/h3>\n","protected":false},"excerpt":{"rendered":"<p>Quines s\u00f3n les demandes de la Vaga de Lloguers: M\u00e9s de 200 col\u00b7lectius s\u2019han unit en aquesta vaga de lloguers [&hellip;]<\/p>\n","protected":false},"author":1,"featured_media":0,"parent":593,"menu_order":0,"comment_status":"closed","ping_status":"closed","template":"","meta":[],"_links":{"self":[{"href":"http:\/\/sindicatdebarri.org\/index.php\/wp-json\/wp\/v2\/pages\/614"}],"collection":[{"href":"http:\/\/sindicatdebarri.org\/index.php\/wp-json\/wp\/v2\/pages"}],"about":[{"href":"http:\/\/sindicatdebarri.org\/index.php\/wp-json\/wp\/v2\/types\/page"}],"author":[{"embeddable":true,"href":"http:\/\/sindicatdebarri.org\/index.php\/wp-json\/wp\/v2\/users\/1"}],"replies":[{"embeddable":true,"href":"http:\/\/sindicatdebarri.org\/index.php\/wp-json\/wp\/v2\/comments?post=614"}],"version-history":[{"count":9,"href":"http:\/\/sindicatdebarri.org\/index.php\/wp-json\/wp\/v2\/pages\/614\/revisions"}],"predecessor-version":[{"id":674,"href":"http:\/\/sindicatdebarri.org\/index.php\/wp-json\/wp\/v2\/pages\/614\/revisions\/674"}],"up":[{"embeddable":true,"href":"http:\/\/sindicatdebarri.org\/index.php\/wp-json\/wp\/v2\/pages\/593"}],"wp:attachment":[{"href":"http:\/\/sindicatdebarri.org\/index.php\/wp-json\/wp\/v2\/media?parent=614"}],"curies":[{"name":"wp","href":"https:\/\/api.w.org\/{rel}","templated":true}]}}