{"id":431,"date":"2020-03-28T10:23:45","date_gmt":"2020-03-28T09:23:45","guid":{"rendered":"http:\/\/sindicatdebarri.org\/?page_id=431"},"modified":"2020-04-07T11:59:18","modified_gmt":"2020-04-07T09:59:18","slug":"edificis-amb-bitxos","status":"publish","type":"page","link":"http:\/\/sindicatdebarri.org\/index.php\/sindicat-de-barri-del-poble-sec\/el-barri\/edificis-amb-bitxos\/","title":{"rendered":"Edificis amb \u00abbitxos\u00bb"},"content":{"rendered":"\n<h3 class=\"wp-block-heading\">La puja pels edificis amb \u00abbitxos\u00bb al Poble Sec<\/h3>\n\n\n\n<hr class=\"wp-block-separator is-style-wide\"\/>\n\n\n\n<p>Comprar una finca de propietat vertical (d\u2019un sol \npropietari) situada a les zones c\u00e8ntriques d\u2019una ciutat bolcada al \nturisme com \u00e9s Barcelona s\u2019ha convertit en un dels objectius predilectes\n dels grans inversors immobiliaris. Hi cal afegir:<\/p>\n\n\n\n<ul><li>Una de les legislacions d\u2019arrendaments urbans m\u00e9s favorables pels propietaris de tota Europa<\/li><li>Una fiscalitat molt baixa per als inversors<\/li><li>La dilatada tradici\u00f3 d\u2019una economia especulativa amb la corrupci\u00f3 i el nepotisme corresponents<\/li><li>Un empobriment generalitzat de les classes populars que ha fet baixat els preus dels immobles<\/li><\/ul>\n\n\n\n<p>Els impulsors principals d\u2019aquesta nova bombolla s\u00f3n \nels fons d\u2019inversi\u00f3 immobili\u00e0ria internacionals. Envien persones de la \nseva confian\u00e7a, les quals \u2013 en col\u00b7laboraci\u00f3 amb agents immobiliaris, \nadvocats, arquitectes locals, etc.- adquireixen finques barates per \nrenovar-les i vendre els nous habitatges a uns preus molt elevats. Al \nllarg d\u2019aquest proc\u00e8s es desfan dels antics llogaters amb procediments \nque es coneixen pels noms de <em>desnonament invisible<\/em> i <em>mobbing<\/em> <em>immobiliari<\/em>.<\/p>\n\n\n\n<p>En el cas de ve\u00efns amb contractes indefinits, els \nnous propietaris acostumen a oferir sumes entorn a 20.000 \u20ac perqu\u00e8 \nmarxin dels seus pisos. Segons la rendibilitat de la finca i la \ncapacitat de resist\u00e8ncia de la gent, aquestes sumes poden augmentar. Els\n imports que ofereixen a gent amb contractes temporals en vigor s\u00f3n molt\n inferiors, sovint nom\u00e9s donen per pagar les despeses de gesti\u00f3 d\u2019un \naltre contracte de lloguer que, tal com estan els preus del lloguer, \nsegur que no ser\u00e0 al barri i, probablement, tampoc a la ciutat.<\/p>\n\n\n\n<p>Aquestes \u00abpastanagues\u00bb, sovint, venen acompanyades de:<\/p>\n\n\n\n<p>(a) Trucades cada cop m\u00e9s insistents per \nrepresentants de la nova propietat que intenten regatejar el preu perqu\u00e8\n els afectats marxin del seu pis<\/p>\n\n\n\n<p>(b) Mol\u00e8sties causades pels paletes encarregats de \nreformar la finca. Fins ara aquestes pressions i mol\u00e8sties \u2013 en \ncombinaci\u00f3 amb el desemparament de les persones afectades \u2013 han sigut \ntan grans que molta gent acaba per cedir a la por i la impot\u00e8ncia i \nmarxa de les seves llars.<\/p>\n\n\n\n<p>A continuaci\u00f3 van alguns exemples concretes \nd\u2019aquestes pr\u00e0ctiques al Poble Sec (per un cas especialment greu, mireu \nl\u2019entrada sobre Norvet, SL al final d\u2019aquest document):<\/p>\n\n\n\n<p><strong>Adre\u00e7a: <\/strong><strong>Tap<\/strong><strong>ioles, 29 <\/strong><\/p>\n\n\n\n<p><strong>Propietat: Norita Investments, S.L. <\/strong>Passeig de Gr\u00e0cia 12-14, 4t, pta 1era<\/p>\n\n\n\n<p>Es tracta d\u2019un edifici adquirit l\u2019any passat per un \n\u00abxiringuito\u00bb amb capital for\u00e0 darrera, d\u2019acord amb les pautes habituals:\n finca m\u00e9s o menys antiga, habitada al menys parcialment per ve\u00efns amb \ncontractes temporals, preferentment amb uns pisos buits\u2026 En aquests \nmoments queden molt pocs ve\u00efns i l\u2019edifici s\u2019est\u00e0 renovant, amb les \nconegudes mol\u00e8sties per les persones que encara hi queden.<\/p>\n\n\n\n<p>La societat limitada que figura com a propiet\u00e0ria de \nla finca va ser fundada en juliol de 2015 per un tal Andres Basilio \nSastre O\u2019Reilly que ja portava uns quants anys fent d\u2019administrador \u00fanic\n de societats limitades, algunes de les quals amb una vida molt ef\u00edmera,\n i totes amb un capital social de 3.000 \u20ac. Per exemple, Norita \nInvestments, la propiet\u00e0ria oficial de la finca Tapioles, 29, continua \nfigurant com a SL amb un capital social de 3.000 \u20ac, tot i que la finca \ndeu haver costat un mili\u00f3 llarg d\u2019euros.<\/p>\n\n\n\n<p>El 3 de maig d\u2019enguany, Sastre O\u2019Reilly va ser \nsubstitu\u00eft per un economista argent\u00ed en els c\u00e0rrecs d\u2019administrador \u00fanic\n de la Norita Investments, SL i de la CDOSEME INVEST, SL, les \u00faltimes \ndues empreses en que figurava. En l\u2019actualitat, Sastre O\u2019Reilly ha \ndesaparegut del mapa, les \u00abseves\u00bb antigues empreses continuen estant \nradicades en el Passeig de Gr\u00e0cia, 12-14.<\/p>\n\n\n\n<hr class=\"wp-block-separator\"\/>\n\n\n\n<p><strong>Adre\u00e7a: <\/strong><strong>Ros<\/strong><strong>er, 29 bis <\/strong><\/p>\n\n\n\n<p><strong>Propietat<\/strong>: Justianiano 2000, SL, Carrer Vico 21, 08021 Barcelona, Tel. 932000716<\/p>\n\n\n\n<p>La immobili\u00e0ria va adquirir la finca el 22 d\u2019octubre \nde 2015 per un import oficial d\u20191.400.000 \u20ac. A difer\u00e8ncia de les \nsocietats creades per testaferros de fons d\u2019inversi\u00f3 de capital \nestrangera, ens trobem davant d\u2019una empresa local que t\u00e9 una oficina a \nSant Gervasi, amb tel\u00e8fon i tot. La empresa pertany a alguns membres de \nles famoses 400 fam\u00edlies catalanes que controlen els assumptes del pa\u00eds.\n En concret, hi tenim un administrador \u00fanic i dos apoderats que ostenten\n c\u00e0rrecs semblants en 60 empreses m\u00e9s. Cal destacar que en tot aquest \nentramat d\u2019empreses amb m\u00faltiples vincles familiars dominen els clans \nfamiliars Gabarr\u00f3 Miquel i Miquel Chaumont.<\/p>\n\n\n\n<p>Que els seus negocis els van b\u00e9 demostra el fet que \nnom\u00e9s el capital social subscrit de la Justianiano hagi augmentat des \ndel 2012 en 16 milions d\u2019euros, per arribar en l\u2019actualitat a la xifra \nde 40.300.000 \u20ac.<\/p>\n\n\n\n<p>En aquests moments estan acabant la reforma integral \nde la finca. Sembla ser que les obres als pisos han acabat i nom\u00e9s \nresten les reformes dels locals. La bandera espanyola que ondeja d\u2019un&nbsp; \nbalc\u00f3 indica que al menys hi deu de quedar un ve\u00ed. Els paletes no s\u00f3n \nmassa loquaces sobre el dest\u00ed futur d\u2019aquest immoble. Al comen\u00e7ament de \nles obres van contestar que s\u2019anava a fer un \u00abaparthotel\u00bb, mentre que fa\n unes setmanes van respondre \u00abhabitatges\u00bb sense entrar en m\u00e9s detalls.<\/p>\n\n\n\n<hr class=\"wp-block-separator\"\/>\n\n\n\n<p><strong>Adre\u00e7a: Avda. Paral\u00b7lel 101 i Carrer Lleida, 38<\/strong><\/p>\n\n\n\n<p><strong>Propietat: <\/strong>Vauras Investment SL, Av Diagonal, 468, p. 10<\/p>\n\n\n\n<p>Vauras Investment SL, \u00e9s un altre dels nombrosos fons\n voltors que sobrevolen la ciutat. Ja ha sortit varies vegades a la \npremsa per les seves operacions. Primer en el desallotjament d\u2019una mare \namb una discapacitat del 90 % que habitava a aquesta finca del Paral\u00b7lel\n (que, per cert, torna a estar abandonada). Despr\u00e9s, per haver adquirit \nun gran edifici al carrer Xucl\u00e0 de Barcelona, on viu una congregaci\u00f3 \nreligiosa contra la qual ha iniciat un procediment de desnonament.<\/p>\n\n\n\n<p>Una altra operaci\u00f3&nbsp; pol\u00e8mica ha sigut la compra d\u2019un \nedific al Carrer Leiva 37 a Hostafrancs, on tamb\u00e9 va iniciar els \nprocediments d\u2019expulsi\u00f3 dels ve\u00efns. I com a \u00faltim cal destacar \nl\u2019adquisici\u00f3 d\u2019una finca al carrer Lleida 38.<\/p>\n\n\n\n<p>Gr\u00e0cies a les reaccions dels ve\u00efns i ve\u00efnes \nafectades, aquestes \u00faltimes dues compres no han sortit tant redones. Les\n accions continuades de protesta de la gent de Lleiva 37 ha provocat la \ncompra de l\u2019edific per part de l\u2019Ajuntament de Barcelona. I gr\u00e0cies a la\n intervenci\u00f3 de l\u2019Obra Social de la PAH, la finca de Lleida 38 s\u2019ha \nomplert amb \u00abbitxos\u00bb molt molestos per a la fauna d\u2019especuladors.<\/p>\n\n\n\n<p>Vauras Investment s\u2019ha guanyat aquesta brillant tarja\n de presentaci\u00f3 en nom\u00e9s dos anys, concretament des del 20\/7\/2015 quan \nel seu representant, el finland\u00e8s Heikki Matti Kalervo Hautsalo, va \nentrar oficialment en una empresa, que havia muntat un tal Bernat Palau \nde Belza que, segons les dades del registre mercantil, est\u00e0 vinculat a \n29 empreses m\u00e9s del sector i que en l\u2019actualitat figura com a \nadministrador \u00fanic de la firma, acompanyat pel finland\u00e8s en qualitat de <em>administrador solidari.<\/em>\n Enguany l\u2019empresari finland\u00e8s ha constitu\u00eft dues empreses m\u00e9s: Supron \nResource, SL i Barcelona Investoy Filial en Barcelona SL, en aquesta \n\u00faltima acompanyat de nou&nbsp; pel propietari de la immobili\u00e0ria de luxe \nPALAU Y MANFREDI SL.<\/p>\n\n\n\n<hr class=\"wp-block-separator\"\/>\n\n\n\n<p><strong>Adre\u00e7a: Blasco de Garay, 44<\/strong><\/p>\n\n\n\n<p><strong>Propietat: <\/strong>Nadelanve, S.L., Carrer Sant Carles 18;&nbsp;08921&nbsp;Santa Coloma de Gramenet<\/p>\n\n\n\n<p>Tamb\u00e9 aquest cas que es mou completament dins de la legalitat, si m\u00e9s\n no: formalment. Es tracta d\u2019una empresa creada el 10\/07\/2015 per un \nadvocat de&nbsp;Santa Coloma de Gramenet amb uns vincles especials amb una \nempresa radicada a Tel Aviv (on el preu mitja per metre quadrat ronda \nels 13.000 \u20ac). Dos mesos m\u00e9s tard, l\u2019advocat \u00e9s revocat i substitu\u00eft per\n un tal ELI JAVIER DYZENCHAUZ. Mig any m\u00e9s tard s\u2019augmenta el capital \nsocial de 3.000 a 873.000 \u20ac<\/p>\n\n\n\n<p>Poc temps despr\u00e9s, el mateix advocat que havia creat \nl\u2019empresa, figura com a administrador de la finca. Amb el canvi de \npropietat han empitjorat les condicions de vida dins de la mateixa. S\u2019ha\n susp\u00e8s el servei de neteja i de manteniment de l\u2019escala. Queden uns \nquants ve\u00efns amb contractes indefinits i, a m\u00e9s, es precisen fer obres a\n la fa\u00e7ana. Els ve\u00efns amb contractes temporals estan rebent cartes en \nels quals la propietat avisa que no renovaria els seus contractes si no \naccepten unes pujades de bastant m\u00e9s del 10 % del lloguer. Ignorem quins\n s\u00f3n els objectius de la nova propietat. Com tampoc sabem quins seran \nels propers passos del citat lletrat, que des de principis de 2016 \nfigura en 19 empreses m\u00e9s com a apoderat solidari. Totes elles amb uns \nnoms d\u2019arrel hebreu, al igual que Nadelanve.<\/p>\n\n\n\n<hr class=\"wp-block-separator\"\/>\n\n\n\n<p><strong>Adre\u00e7a: Fonthonrada, 39<\/strong><\/p>\n\n\n\n<p><strong>Propietat: Liminionas, SL,<\/strong> Marques De Sentmenat, 92, Local 4, 08014&nbsp;Barcelona<\/p>\n\n\n\n<p>Finca adquirida en el 4\/01\/2017 per una companyia \ncreada el 27\/07\/2015 per dos ciutadans israelians amb un capital social \nde 3.000 \u20ac. Sembla ser que la parella empresarial no t\u00e9 massa pedigr\u00ed a \nl\u2019Estat espanyol ja que nom\u00e9s un dels dos figura en una altra empresa \n(de caracter\u00edstiques semblants).<\/p>\n\n\n\n<p>Tal com \u00e9s habitual, la nova propietat no ha fet cap \nobra de millora en la finca, m\u00e9s aviat el contrari: est\u00e0 permetent que \nes degrad\u00e9s encara m\u00e9s amb l\u2019objectiu manifest de fer fora els pocs \nve\u00efns que encara hi queden. Per\u00f2 Liminionas, SL s\u2019ha trobat amb un fet \nins\u00f2lit. La den\u00fancia d\u2019un ve\u00ed sobre l\u2019estat del seu habitatge ha perm\u00e8s \nla intervenci\u00f3 d\u2019un advocat municipal que ha trobat una via legal per \npressionar aquests voltors. Aquesta via li permet la imposici\u00f3 de multes\n elevades si no acomplien amb les seves obligacions legal de propietaris\n d\u2019un immoble.<\/p>\n\n\n\n<hr class=\"wp-block-separator\"\/>\n\n\n\n<p><strong>Norvet Negotial, SL<\/strong><strong>, Av Diagonal, 418, 3\u00e91a <\/strong><\/p>\n\n\n\n<p><strong>Casa de les Punxes (Barcelona) <\/strong><\/p>\n\n\n\n<p>Norvet Negotial, SL \u00e9s un exemple emblem\u00e0tic de la \nnova tongada d\u2019especuladors i gentrificadors que amena\u00e7a els ve\u00efns i \nve\u00efnes del Poble Sec. El seu fundador i director general es diu Alon \nOzer Younger. No se sap res d\u2019ell fins abril de 2011 quan fund\u00e0, en \ncompanyia d\u2019un compatriota israeli\u00e0, una empresa dedicada a la creaci\u00f3 i\n gesti\u00f3 de resid\u00e8ncies d\u2019estudiants de luxe i apartaments tur\u00edstics. Un \nany m\u00e9s tard va fundar una altra empresa dedicada a les mateixes \nfinalitats. A finals de 2013 va crea l\u2019actual firma matriu Norvet \nNegotial SL.<\/p>\n\n\n\n<p>Al dia d\u2019avui Alon Younger figura com a administrador\n \u00fanic de 15 societats limitades m\u00e9s. Totes elles amb un capital social \nde 3.000 \u20ac. Pr\u00e0cticament una per cada nova finca adquirida. Des de final\n de 2013 va comprar cinc finques senceres al Poble Sec, tres a Gr\u00e0cia i \nsis m\u00e9s a altres barris de la ciutat.<\/p>\n\n\n\n<p>Qu\u00e8 el seu negoci va en boga mostra una breu \ncomparaci\u00f3 dels comptes anuals de Norvet Negotial, SL entre 2014 i 2015.\n En 2015, el actiu total va apujar d\u20191.296.599 a 5.780.932,96 \u20ac. En \ncanvi, a l\u2019apartat&nbsp; de p\u00e8rdues i guanys, els resultats van passar de + \n131.344 \u20ac en 2014 a -112.983,14 en 2015, amb la qual cosa podr\u00e0 comptar \namb una reducci\u00f3 important en el pagament dels impostos, tot i que el \nvolum del seu negoci s\u2019ha multiplicat per m\u00e9s de quatre. Tamb\u00e9 crida \nl\u2019atenci\u00f3 que el 72 % dels deutes a llarg terme (3.536.200 \u20ac) no estaven\n contractats amb entitats de cr\u00e8dits; en 2014, aquest percentatge fins i\n tot era el 100% (1.080.000 \u20ac).<\/p>\n\n\n\n<p>L\u2019opacitat dels patrocinadors d\u2019aquesta immobili\u00e0ria \ntamb\u00e9 val per als col\u00b7laboradors m\u00e9s estrets del fundador. Als darrers \ntres anys hi hagut un seguit d\u2019altes i baixes. L\u2019\u00faltim en desapar\u00e8ixer \nha sigut un tal Daniel Sagis que fins fa uns pocs mesos llu\u00efa a la \np\u00e0gina web com a cofundador de la firma. Es tracta d\u2019un altre \nmultiempresari i compatriota d\u2019en Younger que, entre altres negocis, \u00abva\n fundar i gestionar entre 2003 i 2006 una exitosa empresa comercial i \nd\u2019externalitzaci\u00f3 a Barcelona\u00bb. Curiosament no figura en cap de les \nempreses del Younger. S\u00ed que hi ha figurat varies vegades \u00e9s un tal Jose\n Luis Colls Peyra, cunyat del Duran i Lleida i investigat en diferents \ncasos de frau. Segons les fons consultades ha creat entre 600 i 1.200 \nsocietats limitades al llarg de la seva carrera, cadascuna amb un nom \nm\u00e9s peregr\u00ed que l\u2019altra.<\/p>\n\n\n\n<p>A continuaci\u00f3, van alguns exemples del \u00abSaber fer\u00bb de <strong>Norvet Negotial SL<\/strong> i dels seus \u00ab\u00e8xits\u00bb empresarials a Poble Sec:<\/p>\n\n\n\n<p><strong>1. Mare de Deu del Remei, 44<\/strong><\/p>\n\n\n\n<p>Va ser la primera finca que havien acabat. Les \nantigues ve\u00efnes han desaparegut sense deixar rastre. L\u2019edifici sembla \nbuit. Les \u00faniques senyals de vida s\u00f3n tres plantes de pl\u00e0stic \ncol\u00b7locades en un balc\u00f3 i en el terrat.<\/p>\n\n\n\n<p>Tot sembla indicar que el seu negoci es desenvolupa \nen circuits internacionals de compra i\/o lloguer de pisos de luxe, sigui\n com a segona, tercera o quarta resid\u00e8ncia de personatges molt \nadinerats, sigui com a allotjament temporal d\u2019alts c\u00e0rrecs de \ntransnacionals o de visitants selectes de la Fira de Barcelona. O, com a\n simples apartaments tur\u00edstics de luxe que es gestionen dins dels \nmateixos circuits.<\/p>\n\n\n\n<p>De fet, la mateixa p\u00e0gina web de l\u2019empresa ja \nevidencia a qui s\u2019adre\u00e7a. Per defecte surt en angl\u00e8s, i tant els \ncat\u00e0legs com el v\u00eddeo promocional nom\u00e9s estan disponibles en aquest \nidioma. Es de suposar que el recent trasllat de la seva seu a la famosa \nCasa de les Punxes (Diagonal, 418) respon a la mateixa estrat\u00e8gia \ncomercial.<\/p>\n\n\n\n<p><strong>2. Margarit, 25<\/strong><\/p>\n\n\n\n<p>Younger va comprar la finca a principis del 2015 del \nSareb. De seguida van posar \u00abmanos a la obra\u00bb per a buidar-la de ve\u00efns i\n ve\u00efnes, desplegant l\u2019estrat\u00e8gia habitual: petites compensacions per a \ngent amb contractes indefinits i procediments d\u2019expulsi\u00f3 per als altres \nhabitants de la finca. At\u00e8s que encara era bastant nou en el pa\u00eds, la \ncosa no anava tan rodona com havia pensat. Per exemple, va perdre al \nmenys una demanda de desnonament per un c\u00famul de defectes formals. Per\u00f2 \nal final, i a base d\u2019obres de reforma executades sense cap mena de \nconsideraci\u00f3 cap als habitants de la finca, van aconseguir que totes les\n ve\u00efnes i ve\u00efns d\u2019aquest bloc marxessin de les seves llars. Algunes hi \nhavien passat pr\u00e0cticament tota la seva vida.<\/p>\n\n\n\n<p>En l\u2019actualitat les obres han finalitzat. Segons la \nseva p\u00e0gina web, Norvet, SL ja ha venut tots els pisos, el m\u00e9s barato, \nd\u2019uns 38 m\u00b2, per 325.000 \u20ac.<\/p>\n\n\n\n<p><strong>3. Elk<\/strong><strong>ano, 15<\/strong><\/p>\n\n\n\n<p>Finca adquirida l\u2019any passat i en ple proc\u00e9s de buidatge de ve\u00efns. El\n 7 de mar\u00e7 d\u2019enguany van comen\u00e7ar les obres de remodelaci\u00f3 total de \nl\u2019edifici. Aquell dia els ve\u00efns de la finca es van trobar amb el cartell\n seg\u00fcent al vest\u00edbul:<\/p>\n\n\n\n<p>Que els redactors d\u2019aquesta missiva no guardessin les m\u00ednimes formes de cortesia no era una neglig\u00e8ncia sin\u00f3 intenci\u00f3.<\/p>\n\n\n\n<p>Segons la p\u00e0gina web de Norvet, en l\u2019actualitat, \nqueden per vendre els dos principals i els dos d\u00faplex del quart que \ncomuniquen amb sendes terrasses privades. Els preus d\u2019aquests pisos \nnom\u00e9s es comunicaran a demanda. En abril d\u2019enguany encara van oferir el \n(futur) \u00e0tic de 107 m2 (amb 45 m2 de terrassa) per <strong>950.000 \u20ac!<\/strong> No sabem perqu\u00e8 han decidit convertir l\u2019\u00e0tic en dos d\u00faplex, ni si ja estan constru\u00efts, ni si han duplicat els preus o no.<\/p>\n\n\n\n<p>De totes maneres aquests preus inflats expliquen per \nsi mateix perqu\u00e8 tenen tanta pressa en desfer-se dels ve\u00efns. A finals \nd\u2019abril nom\u00e9s quedaven quatre pisos habitats en una escala pr\u00e0cticament \nintransitable a causa de les obres. Segons els testimonis dels afectats,\n la \u00fanica llogatera restant amb contracte indefinit, finalment, va \nacceptar la suma oferida. Mentre que els altres ve\u00efns, alguns dels quals\n ja porten m\u00e9s de 18 anys vivint a la finca, resisteixen com a poden a \nles obres, al mateix temps que busquen desesperadament un altre pis. Amb\n les sumes rid\u00edcules que l\u2019empresa els ofereix, ja tenen clar que no \ntrobaran res al seu barri.<\/p>\n\n\n\n<p>El mes de maig, l\u2019ajuntament va enviar una inspecci\u00f3 \nd\u2019obres que ha tingut com a resultat una paralitzaci\u00f3 temporal de les \nmateixes per un defecte de forma. A la data d\u2019avui, tenen tota la fa\u00e7ana\n coberta amb una malla gegant darrera de la qual ressonen els cops de \nmartell i escarpa.<\/p>\n\n\n\n<p><strong>4. Poe<\/strong><strong>ta Cabanyes, 33-35 <\/strong><\/p>\n\n\n\n<p>A aquesta finca de nova construcci\u00f3 no els feia falta\n fer fora els antics habitants. D\u2019acord amb la seva p\u00e0gina web, a Poetes\n Cabanya \u00abNorvet te brinda la oportunidad de crear el marco id\u00f3neo para \ndisfrutar del estilo de vida propio de la ciudad\u00bb. Brinden aquest marc \nidoni per uns m\u00f2dics preus que arranquen des dels 447.000\u20ac per un \napartament de 58 m2. Tamb\u00e9 resulta prou il\u00b7lustrativa la fotografia amb \nla qual anuncien el futur edifici: ho presenten amb un BMW SUV aparcada \nen diagonal directament davant de l\u2019edific. A la seva esquena \nsobresurten tres o quatre palmeres en plan oasi. I als costats de \nl\u2019edifici de Norvet hi han dues construccions d\u2019un estil completament \nindefinit. Qualsevol vestigi de Poble Sec i dels seus habitants ha \ndesaparegut en la seva visi\u00f3 de futur de la vida urbana.<\/p>\n\n\n\n<p><strong>5. Murillo, 12 <\/strong><\/p>\n\n\n\n<p>Els especialistes en marketing de Norvet han \ntransformat en un \u00abedifici singular\u00bb una de les nombroses finques \nestretes que la burgesia barcelonina va construir fa uns cent anys per a\n les classes populars de la capital catalana. Ja han venut tots els \nhabitatges d\u2019uns 50 m2 (amb balc\u00f3 incl\u00f2s). Si fem cas a la seva p\u00e0gina: \nel m\u00e9s barat pel m\u00f2dic preu de 350.000 \u20ac.<\/p>\n\n\n\n<p>Per si alguna persona encara podia albergar algun \ndubte qui hi ha darrera de tot aquest muntatge, el fet que ja hagin \nvenut per aquests preus tots els apartaments a una finca com a Murillo \n12 \u2013 amb les obres llunys d\u2019acabar i&nbsp; l\u2019\u00faltim ve\u00ed encara resistent-hi \ncom a pot \u2013 indica: o b\u00e9 que Norvet Negotial, SL t\u00e9 unes relacions molt \nestretes amb un o varis fons d\u2019inversi\u00f3 immobiliari o b\u00e9 que sigui \ndirectament l\u2019encarregat d\u2019un d\u2019aquests fons.<\/p>\n\n\n\n<p>El cas \u00e9s que, nom\u00e9s amb aquesta operaci\u00f3, haurien \ningressat uns 4.200.000 \u20ac. Si descomptem un mili\u00f3 per a la compra de la \nfinca i un altre mili\u00f3 per a les reformes, Younger &amp; Cia. s\u2019haurien \nembutxacats uns 2.200.000 \u20ac.<\/p>\n\n\n\n<p>Dues perles m\u00e9s de Norvet a la resta de la ciutat:<\/p>\n\n\n\n<p><strong>1. Cal Dimoni, Carrer Josep Torres<\/strong><\/p>\n\n\n\n<p>Tal com s\u2019ha vist, Norvet SL est\u00e0 practicant amb molt\n assidu\u00eftat la t\u00e0ctica dels desnonaments invisibles i no t\u00e9 inconvenient\n en rec\u00f3rrer a t\u00e8cniques del mobbing immobiliari. Per\u00f2 cal recordar \ntamb\u00e9 que el Sr. Younger s\u2019ha fet fam\u00f3s per contractar els \u00abserveis\u00bb de \nparamilitars de l\u2019extrema dreta agrupats en l\u2019empresa Desokupa. Per \naquesta ra\u00f3 est\u00e0 encausat en un proc\u00e8s judicial promogut per \nl\u2019Observatori Desc. La querella interposada contra Younger i integrants \nde Desokupa els acusa de \u00ab<em>delictes tipificats al Codi Penal com violaci\u00f3 de domicili, coaccions, delicte continuat d\u2019amenaces i organitzaci\u00f3 criminal\u00bb. <\/em><\/p>\n\n\n\n<p>Mentre que resta pendent la sent\u00e8ncia, Younger ja \nest\u00e0 oferint \u2013 amb la virtualitat que hem vist aqu\u00ed \u2013 els futurs \napartaments fru\u00efts de la seva actuaci\u00f3, demanant preus \u00aba partir de \n600.000 \u20ac\u00bb.<\/p>\n\n\n\n<p><strong>2. Carrer d\u2019Arag\u00f3, 477<\/strong><\/p>\n\n\n\n<p>Per finalitzar volem recordar la segona aparici\u00f3 \np\u00fablica del gerent de&nbsp; Norvet, SL tamb\u00e9 en aquesta ocasi\u00f3 es va tractar \nd\u2019un entrebanc per les seves aspiracions financeres. Pot ser, fins i tot\n m\u00e9s important que el primer, ja que les antigues llogateres de la finca\n recentment adquirida per l\u2019empresa, no es van deixar acovardir pels \nseus m\u00e8todes i pressions sin\u00f3 que van obrir les portes de les seves \ncases a fam\u00edlies de la PAH, necessitades d\u2019un habitatge despr\u00e9s d\u2019haver \nsigut expulsades dels seus pels bancs.<\/p>\n\n\n\n<p>I mentre aquesta nova comunitat de ve\u00efnes i ve\u00efns es \ndedica a defensar el dret de tenir una casa, Younger i els seus empleats\n publiciten la finca \u2013 encara per \u00abremodelar\u00b7- amb el spot \u00abBarcelona \nlife to the full then come to a place that\u2019s all your own\u00bb (Viure \nBarcelona al m\u00e0xim i despr\u00e9s tornar a un indret que \u00e9s tot teu). Demanen\n preus a partir de 260.000 \u20ac pels futurs apartaments de 45 m2 , al \nmateix temps que anuncien que la disponibilitat dels mateixos est\u00e0 \nlimitada.<\/p>\n\n\n\n<p><strong>Qu\u00e8 quedi clar que no ens deixarem fer fora per canalles com a Norvet Negotial &amp; Cia!<\/strong><\/p>\n\n\n\n<p>Sindicat de Barri del Poble Sec, novembre 2017<\/p>\n","protected":false},"excerpt":{"rendered":"<p>La puja pels edificis amb \u00abbitxos\u00bb al Poble Sec Comprar una finca de propietat vertical (d\u2019un sol propietari) situada a [&hellip;]<\/p>\n","protected":false},"author":1,"featured_media":0,"parent":186,"menu_order":0,"comment_status":"closed","ping_status":"closed","template":"","meta":[],"_links":{"self":[{"href":"http:\/\/sindicatdebarri.org\/index.php\/wp-json\/wp\/v2\/pages\/431"}],"collection":[{"href":"http:\/\/sindicatdebarri.org\/index.php\/wp-json\/wp\/v2\/pages"}],"about":[{"href":"http:\/\/sindicatdebarri.org\/index.php\/wp-json\/wp\/v2\/types\/page"}],"author":[{"embeddable":true,"href":"http:\/\/sindicatdebarri.org\/index.php\/wp-json\/wp\/v2\/users\/1"}],"replies":[{"embeddable":true,"href":"http:\/\/sindicatdebarri.org\/index.php\/wp-json\/wp\/v2\/comments?post=431"}],"version-history":[{"count":4,"href":"http:\/\/sindicatdebarri.org\/index.php\/wp-json\/wp\/v2\/pages\/431\/revisions"}],"predecessor-version":[{"id":449,"href":"http:\/\/sindicatdebarri.org\/index.php\/wp-json\/wp\/v2\/pages\/431\/revisions\/449"}],"up":[{"embeddable":true,"href":"http:\/\/sindicatdebarri.org\/index.php\/wp-json\/wp\/v2\/pages\/186"}],"wp:attachment":[{"href":"http:\/\/sindicatdebarri.org\/index.php\/wp-json\/wp\/v2\/media?parent=431"}],"curies":[{"name":"wp","href":"https:\/\/api.w.org\/{rel}","templated":true}]}}