{"id":330,"date":"2019-12-05T17:00:33","date_gmt":"2019-12-05T16:00:33","guid":{"rendered":"http:\/\/sindicatdebarri.org\/?page_id=330"},"modified":"2020-04-03T09:53:27","modified_gmt":"2020-04-03T07:53:27","slug":"he-rebut-una-carta-de-desnonament","status":"publish","type":"page","link":"http:\/\/sindicatdebarri.org\/index.php\/recursos\/que-fer-si\/he-rebut-una-carta-de-desnonament\/","title":{"rendered":"&#8230;he rebut una carta de desnonament."},"content":{"rendered":"<p>Si se t\u2019ha acabat el contracte o portes un o m\u00e9s mesos sense pagar \u00e9s probable que la propietat hagi presentat una demanda per via judicial. El jutjat haur\u00e0 em\u00e8s un requeriment (correu certificat o burofax) al llogater per tal que pagui el que deu en un termini de 10 dies. Si no es paga el jutge dictaminar\u00e0 una ordre de desnonament o llan\u00e7ament.<\/p>\n<p><strong>NO son avisos de desnonament:<\/strong><\/p>\n<ul>\n<li>Que els Mossos d\u2019Esquadra arribin a casa teva dient que marxis.<\/li>\n<li>Si arriba una carta del jutjats dient que s\u2019ha de pagar (hipoteca o lloguer)<\/li>\n<\/ul>\n<p><strong>S\u00cd \u00e9s un av\u00eds de desnonament:<\/strong><\/p>\n<ul>\n<li>Si arriba una carta dels jutjats amb una ordre de llan\u00e7ament amb DATA i HORA i data del judici.<\/li>\n<\/ul>\n<p><strong>Quan rebem la notificaci\u00f3:<\/strong><\/p>\n<ul>\n<li>Encara que no recollim la notificaci\u00f3 el proc\u00e9s continua, per tant sempre \u00e9s millor recollir-la.<\/li>\n<li>Anar a la Ciutat de la Just\u00edcia per que ens informin del nostre cas.<\/li>\n<li>Tenim 3 dies h\u00e0bils per sol\u00b7licitar un advocat o procurador d\u2019ofici.<\/li>\n<\/ul>\n<p>Fins que no contestin el proc\u00e9s est\u00e0 paralitzat. Pot ser que ens el deneguin, per\u00f2 s\u2019ha de posar un recurs sol\u00b7licitant-lo de nou (www.afectadosporlahipoteca.com\/documents)<\/p>\n<p><strong>Tenir un advocat d\u2019ofici ens permet:<\/strong><\/p>\n<ul>\n<li>Estalviar-nos les costes judicials.<\/li>\n<li>Presentar un Escrit d\u2019Oposici\u00f3 al pagament de deutes (10 dies des que vam rebre la notificaci\u00f3)<\/li>\n<li>Que demani al jutge que es posi en contacte amb el SAC (coordinaci\u00f3 de Serveis Socials)<\/li>\n<\/ul>\n<p><strong>Passos a realitzar amb l\u2019advocat:<\/strong><\/p>\n<ul>\n<li>Comprovar al Registre de la Propietat que qui fa la demanda \u00e9s el leg\u00edtim propietari, en cas contrari s\u2019atura el proc\u00e9s.<\/li>\n<li>Dir-li que presenti el document 704 (el document 704 s\u2019utilitza en casos en que la propietat \u00e9s d\u2019un GRAN PROPIETARI o gran tenidor)<\/li>\n<li>Utilitzar la sent\u00e8ncia d\u2019Estrasburg (www.afectadosporlahipoteca.com\/documentos)<\/li>\n<\/ul>\n<p><strong>Condonaci\u00f3 del deute<\/strong><\/p>\n<p>Per presentar la condonaci\u00f3 s\u2019han de presentar dues c\u00f2pies de la sol\u00b7licitud (penjada a PAH\/documentos \u00fatiles) al propietari de l\u2019habitatge. Una ser\u00e0 per la propietat i l\u2019altra, que ens han de tornar signada o segellada, per al deutor.<\/p>\n<p><strong>I anar a l&#8217;assemblea de Sindicat de Barri i exposar la teva situaci\u00f3 per mirar de fer-hi front col\u00b7lectivament!!<\/strong><\/p>\n","protected":false},"excerpt":{"rendered":"<p>Si se t\u2019ha acabat el contracte o portes un o m\u00e9s mesos sense pagar \u00e9s probable que la propietat hagi [&hellip;]<\/p>\n","protected":false},"author":1,"featured_media":0,"parent":304,"menu_order":0,"comment_status":"closed","ping_status":"closed","template":"","meta":[],"_links":{"self":[{"href":"http:\/\/sindicatdebarri.org\/index.php\/wp-json\/wp\/v2\/pages\/330"}],"collection":[{"href":"http:\/\/sindicatdebarri.org\/index.php\/wp-json\/wp\/v2\/pages"}],"about":[{"href":"http:\/\/sindicatdebarri.org\/index.php\/wp-json\/wp\/v2\/types\/page"}],"author":[{"embeddable":true,"href":"http:\/\/sindicatdebarri.org\/index.php\/wp-json\/wp\/v2\/users\/1"}],"replies":[{"embeddable":true,"href":"http:\/\/sindicatdebarri.org\/index.php\/wp-json\/wp\/v2\/comments?post=330"}],"version-history":[{"count":2,"href":"http:\/\/sindicatdebarri.org\/index.php\/wp-json\/wp\/v2\/pages\/330\/revisions"}],"predecessor-version":[{"id":337,"href":"http:\/\/sindicatdebarri.org\/index.php\/wp-json\/wp\/v2\/pages\/330\/revisions\/337"}],"up":[{"embeddable":true,"href":"http:\/\/sindicatdebarri.org\/index.php\/wp-json\/wp\/v2\/pages\/304"}],"wp:attachment":[{"href":"http:\/\/sindicatdebarri.org\/index.php\/wp-json\/wp\/v2\/media?parent=330"}],"curies":[{"name":"wp","href":"https:\/\/api.w.org\/{rel}","templated":true}]}}