{"id":291,"date":"2019-12-05T14:30:14","date_gmt":"2019-12-05T13:30:14","guid":{"rendered":"http:\/\/sindicatdebarri.org\/?page_id=291"},"modified":"2020-04-03T09:54:23","modified_gmt":"2020-04-03T07:54:23","slug":"petita-guia-sdb","status":"publish","type":"page","link":"http:\/\/sindicatdebarri.org\/index.php\/recursos\/que-fer-si\/petita-guia-sdb\/","title":{"rendered":"&#8230;tinc problemes amb l&#8217;habitatge."},"content":{"rendered":"<p><span style=\"font-size: 12pt;\"><strong>Tens problemes d\u2019habitatge? Vols que ens hi enfrontem juntes?<\/strong><\/span><\/p>\n<p><span style=\"font-size: 12pt;\"><strong>Qu\u00e8 has de fer:<\/strong><\/span><\/p>\n<p><span style=\"font-size: 12pt;\"><strong><u>1\/<\/u><\/strong><u> Assistir a la sessi\u00f3 de Benvinguda del Sindicat de Barri.<\/u><\/span><\/p>\n<p><span style=\"font-size: 12pt;\"><strong>2\/<\/strong> Omplir amb les teves dades la Fitxa de Cas d\u2019Habitatge i dur-la a la propera assemblea del Sindicat el dilluns seg\u00fcent.<\/span><\/p>\n<p><span style=\"font-size: 12pt;\"><strong>3\/<\/strong> Aconseguir el m\u00e0xim d\u2019informaci\u00f3 de la propietat.<\/span><\/p>\n<p><span style=\"font-size: 12pt;\"><strong>&nbsp;&nbsp; a\/<\/strong> Porta TOTA la documentaci\u00f3: contracte de lloguer, notificacions del jutjat, burofax de la propietat&#8230;<\/span><\/p>\n<p><span style=\"font-size: 12pt;\"><strong>&nbsp;&nbsp; b\/<\/strong> Investigar qui \u00e9s el propietari anant al Registre de la Propietat (Passeig de la Zona Franca, 109, Horari: dilluns a divendres de 9 a 14h y de 15 a 17h) i aconseguir la Nota Simple de Propietat.<\/span><\/p>\n<p><span style=\"font-size: 12pt;\"><strong>&nbsp;&nbsp; c\/<\/strong> Parlar amb les ve\u00efnes de la finca i con\u00e8ixer la situaci\u00f3 de la resta de pisos. \u00c9s important saber si hi ha m\u00e9s pisos de la mateixa propietat i si la propietat tamb\u00e9 els vol pujar el lloguer o finalitzar el contracte.<\/span><\/p>\n<p><span style=\"font-size: 12pt;\"><strong>4\/<\/strong> Important: A part d\u2019anar al Sindicat has d\u2019anar a explicar el teu cas a:<\/span><\/p>\n<p><span style=\"font-size: 12pt;\"><strong>&nbsp;&nbsp; a\/ Serveis Socials <\/strong>(c\/ Roser, 15, Horari: de dilluns a divendres de 9 a 13h, i dimarts i dijous de 16 a 18h)<\/span><\/p>\n<p><span style=\"font-size: 12pt;\"><strong>&nbsp;&nbsp; b\/ Oficina d\u2019Habitatge <\/strong>(c\/Antoni de Capmany, 23. Horari : de dilluns a divendres de 8:30 a 14:30h)<\/span><\/p>\n<hr>\n<p><span style=\"font-size: 12pt;\"><strong><em>Has rebut una carta de desnonament?&nbsp;<\/em><\/strong><\/span><\/p>\n<p><span style=\"font-size: 12pt;\"><strong><em>Tranquil\u00b7la, no est\u00e0s sola, des del Sindicat de barri ens organitzarem per aturar-lo i obrir un proc\u00e9s de negociaci\u00f3 amb la Propietat<\/em><\/strong><\/span><\/p>\n<p><span style=\"font-size: 12pt;\">Si tens una carta de desnonament o saps que no et volen renovar el contracte, aquests son els passos a seguir:<\/span><\/p>\n<p><span style=\"font-size: 12pt;\"><strong>5\/ <\/strong>Obrir un proc\u00e9s negociador amb la propietat. Escriure a la propietat i\/o administrador per mostrar el nostre desacord amb la pujada, finalitzaci\u00f3 del contracte o desnonament. Des del Sindicat es facilitar\u00e0 una carta tipus per enviar.<\/span><\/p>\n<p><span style=\"font-size: 12pt;\"><strong>6\/<\/strong> En cas de no rebre resposta o que aquesta sigui negativa, s\u2019intentar\u00e0 concretar una reuni\u00f3 amb la propietat i\/o administrador. A aquesta reuni\u00f3 hi assistirem una o dues persones del Sindicat amb tu per mirar d\u2019arribar a un acord.<\/span><\/p>\n<p><span style=\"font-size: 12pt;\"><strong>7\/<\/strong> Si arribat a aquest punt la propietat no cedeix, ser\u00e0 el moment de discutir els seg\u00fcents passos a seguir col\u00b7lectivament.<\/span><\/p>\n<p><span style=\"font-size: 12pt;\"><strong><em>Per\u00f2, sobretot, molta calma!!<\/em><\/strong><\/span><\/p>\n<ul>\n<li><span style=\"font-size: 12pt;\">&gt; Ning\u00fa no va a la pres\u00f3 per deixar de pagar, no \u00e9s un delicte.<\/span><\/li>\n<li><span style=\"font-size: 12pt;\">&gt; No et poden treure els teus fills\/es per haver deixat de pagar.<\/span><\/li>\n<li><span style=\"font-size: 12pt;\">&gt; Els teus fills\/es no hereten el deute.<\/span><\/li>\n<li><span style=\"font-size: 12pt;\">&gt; No et poden expulsar del pa\u00eds per haver deixat de pagar.<\/span><\/li>\n<li><span style=\"font-size: 12pt;\">&gt; \u00c9s un procediment r\u00e0pid, ens hem d\u2019implicar r\u00e0pidament.<\/span><\/li>\n<li><span style=\"font-size: 12pt;\">&gt; No has fet res dolent, no ets un delinq\u00fcent.<\/span><\/li>\n<li><span style=\"font-size: 12pt;\">&gt; \u00c9s probable que hagis de fer front a cartes i trucades abans del judici.<\/span><\/li>\n<li><span style=\"font-size: 12pt;\">&gt; No est\u00e0s sola, no desesperis.<\/span><\/li>\n<\/ul>\n<hr>\n<p><span style=\"font-size: 12pt;\"><strong><u>SERVEIS SOCIALS<\/u><\/strong><\/span><\/p>\n<p><span style=\"font-size: 12pt;\">En qualsevol fase del proc\u00e9s \u00e9s molt important utilitzar els recursos de l\u2019Administraci\u00f3 per refor\u00e7a la nostra negociaci\u00f3: anar a Serveis Socials i demanar quina seria l\u2019opci\u00f3 de reallotjament prevista en cas de produir-se el desnonament.<\/span><\/p>\n<hr>\n<p><span style=\"font-size: 12pt;\"><strong><u>OFICINA D\u2019HABITATGE<\/u><\/strong><\/span><\/p>\n<p><span style=\"font-size: 12pt;\">Podem demanar informaci\u00f3 sobre els ajuts al lloguer. \u00c9s molt important reclamar els nostres drets per aconseguir el que \u00e9s nostre!<\/span><\/p>\n<ul>\n<li><span style=\"font-size: 12pt;\">Informaci\u00f3 i assessorament legal en mat\u00e8ria d\u2019habitatge.<\/span><\/li>\n<li><span style=\"font-size: 12pt;\">Mediaci\u00f3 en el lloguer: relaciones propietari-llogater, problem\u00e0tiques ve\u00efnals, assetjament immobiliari.<\/span><\/li>\n<li><span style=\"font-size: 12pt;\">Prestacions permanents per pagar el lloguer.<\/span><\/li>\n<li><span style=\"font-size: 12pt;\">Prestacions d\u2019especial urg\u00e8ncia: lloguer\/hipoteca i desnonament.<\/span><\/li>\n<\/ul>\n\n\n<hr class=\"wp-block-separator\"\/>\n","protected":false},"excerpt":{"rendered":"<p>Tens problemes d\u2019habitatge? Vols que ens hi enfrontem juntes? Qu\u00e8 has de fer: 1\/ Assistir a la sessi\u00f3 de Benvinguda [&hellip;]<\/p>\n","protected":false},"author":1,"featured_media":0,"parent":304,"menu_order":0,"comment_status":"closed","ping_status":"closed","template":"","meta":[],"_links":{"self":[{"href":"http:\/\/sindicatdebarri.org\/index.php\/wp-json\/wp\/v2\/pages\/291"}],"collection":[{"href":"http:\/\/sindicatdebarri.org\/index.php\/wp-json\/wp\/v2\/pages"}],"about":[{"href":"http:\/\/sindicatdebarri.org\/index.php\/wp-json\/wp\/v2\/types\/page"}],"author":[{"embeddable":true,"href":"http:\/\/sindicatdebarri.org\/index.php\/wp-json\/wp\/v2\/users\/1"}],"replies":[{"embeddable":true,"href":"http:\/\/sindicatdebarri.org\/index.php\/wp-json\/wp\/v2\/comments?post=291"}],"version-history":[{"count":12,"href":"http:\/\/sindicatdebarri.org\/index.php\/wp-json\/wp\/v2\/pages\/291\/revisions"}],"predecessor-version":[{"id":318,"href":"http:\/\/sindicatdebarri.org\/index.php\/wp-json\/wp\/v2\/pages\/291\/revisions\/318"}],"up":[{"embeddable":true,"href":"http:\/\/sindicatdebarri.org\/index.php\/wp-json\/wp\/v2\/pages\/304"}],"wp:attachment":[{"href":"http:\/\/sindicatdebarri.org\/index.php\/wp-json\/wp\/v2\/media?parent=291"}],"curies":[{"name":"wp","href":"https:\/\/api.w.org\/{rel}","templated":true}]}}