{"id":276,"date":"2019-12-03T14:36:22","date_gmt":"2019-12-03T13:36:22","guid":{"rendered":"http:\/\/sindicatdebarri.org\/?page_id=276"},"modified":"2020-04-07T18:42:24","modified_gmt":"2020-04-07T16:42:24","slug":"lafiraolavida","status":"publish","type":"page","link":"http:\/\/sindicatdebarri.org\/index.php\/campanyes\/lafiraolavida\/","title":{"rendered":"LaFiraoLaVida"},"content":{"rendered":"\n<figure class=\"wp-block-image\"><img decoding=\"async\" loading=\"lazy\" width=\"1024\" height=\"212\" src=\"http:\/\/sindicatdebarri.org\/wp-content\/uploads\/2019\/12\/cropped-cap.33-1-1024x212.jpg\" alt=\"\" class=\"wp-image-284\" srcset=\"http:\/\/sindicatdebarri.org\/wp-content\/uploads\/2019\/12\/cropped-cap.33-1-1024x212.jpg 1024w, http:\/\/sindicatdebarri.org\/wp-content\/uploads\/2019\/12\/cropped-cap.33-1-300x62.jpg 300w, http:\/\/sindicatdebarri.org\/wp-content\/uploads\/2019\/12\/cropped-cap.33-1-768x159.jpg 768w, http:\/\/sindicatdebarri.org\/wp-content\/uploads\/2019\/12\/cropped-cap.33-1.jpg 1440w\" sizes=\"(max-width: 1024px) 100vw, 1024px\" \/><\/figure>\n\n\n\n<hr class=\"wp-block-separator is-style-wide\"\/>\n\n\n\n<p>Des del Sindicat de Barri participem de la Plataforma #LaFiraOLaVida, que reclama que l&#8217;\u00fas dels terrenys municipals de la Fira Montju\u00efc passi al control de la ciutadania i serveixi per, entre d&#8217;altres coses, ajudar a satisfer la necessitat d&#8217;habitatge p\u00fablic i accessible per tothom.<\/p>\n\n\n\n<hr class=\"wp-block-separator is-style-wide\"\/>\n\n\n<header class=\"entry-header\">\n<h4 class=\"entry-title page-title\">Manifest<\/h4>\n<\/header>\n<div class=\"entry-content clearfix\">\n<p><strong>Manifest per a un debat transparent i democr\u00e0tic sobre el futur dels terrenys municipals del recinte firal de Montju\u00efc<\/strong><\/p>\n<p>Ens diuen que a Barcelona no hi ha gaireb\u00e9 s\u00f2l municipal per construir l\u2019habitatge p\u00fablic que la ciutat necessita, per\u00f2 aix\u00f2 no \u00e9s cert.<\/p>\n<p>El recinte firal de Montju\u00efc ocupa <strong>27 hect\u00e0rees de s\u00f2l p\u00fablic municipal, molt c\u00e8ntric<\/strong>, que l\u2019Ajuntament t\u00e9 llogat al Consorci de la Fira, fins al desembre de 2025, per una mensualitat de dos c\u00e8ntims d\u2019euro el metre quadrat.<\/p>\n<p>Aix\u00ed doncs, hi ha prou temps fins el 2025 per <strong>obrir un debat i decidir qu\u00e8 farem amb aquest espai de 27 hect\u00e0rees de propietat municipal<\/strong>, on seria possible construir-hi fins a 10.000 habitatges, en un projecte sostenible mod\u00e8lic i un entorn d\u2019alta qualitat ambiental.<\/p>\n<p>Per\u00f2, per una decisi\u00f3 unilateral i opaca i sense cap debat previ ni proc\u00e9s participatiu, l\u2019Ajuntament ja ha signat amb la Generalitat de Catalunya i la Cambra de Comer\u00e7 un acord que, sota el lema \u201cUna fira, dos recintes\u201d, preveu destinar 380 milions d\u2019euros a l\u2019ampliaci\u00f3 del recinte firal de l\u2019Hospitalet i la renovaci\u00f3 del de Montju\u00efc. Amb aquest acord, l\u2019Ajuntament assumeix i d\u00f3na per bo un projecte impulsat per Fira de Barcelona, anomenat \u201cUnivers Montju\u00efc\u201d, del qual no s\u2019han donat a con\u00e8ixer m\u00e9s detalls, tret que seguir\u00e0 sent un recinte tancat destinat a acollir grans esdeveniments i que ja s\u2019ha previst inaugurar amb motiu de la celebraci\u00f3 del centenari de l\u2019Exposici\u00f3 Universal del 1929.<\/p>\n<p>Com a ciutadania i veinat de Barcelona, ens preguntem: <strong>qui ha decidit que \u00e9s prioritari per a la ciutat invertir recursos p\u00fablics en acollir grans esdeveniments?<\/strong><\/p>\n<p>Barcelona no necessita m\u00e9s Fira, ni m\u00e9s gentrificaci\u00f3, ni m\u00e9s feina prec\u00e0ria, ni m\u00e9s economia extractiva, ni m\u00e9s corbates, ni m\u00e9s contaminaci\u00f3, ni m\u00e9s pistes a l\u2019aeroport del Prat, ni m\u00e9s creuers al port, ni m\u00e9s turisme de congressos\u2026. No necessita aprofundir encara m\u00e9s en un model econ\u00f2mic que ent\u00e9n la ciutat com un gran espai de negoci, mentre externalitza tots els problemes que el propi model provoca.<\/p>\n<p>El que ens cal a Barcelona \u00e9s <strong>m\u00e9s habitatge p\u00fablic i posar fi a un model de ciutat que beneficia les elits i esclafa les classes populars.<\/strong><\/p>\n<p>Tenim la possibilitat de <strong>construir al peu del Montju\u00efc un barri obert i ple de vida<\/strong>, amb zones verdes, carrers transversals que relliguin el Poble-sec i la Font de la Guatlla, equipaments, tallers, petit comer\u00e7 i habitatge per milers de ve\u00efnes.<\/p>\n<p><strong>Qu\u00e8 triarem?<\/strong><br>Recinte tancat per a les elits o barri obert per a les ve\u00efnes? La Fira o la vida?<\/p>\n<p><strong>-Exigim que l\u2019Ajuntament renunci\u00ef a ratificar l\u2019acord signat el passat mes de febrer i faci p\u00fablics tots els detalls del projecte \u201cUnivers Montju\u00efc\u201d, de renovaci\u00f3 del recinte firal.<\/strong><\/p>\n<p><strong>-Exigim que l\u2019Ajuntament obri un debat per deliberar amb la societat civil organitzada, des d\u2019ara fins al desembre de 2025, quin ha de ser el dest\u00ed dels terrenys municipals que ara ocupa la Fira de Montju\u00efc.<\/strong><\/p>\n<\/div>\n\n\n<p>m\u00e9s info: <a href=\"http:\/\/www.lafiraolavida.cat\">lafiraolavida.cat<\/a><\/p>\n","protected":false},"excerpt":{"rendered":"<p>Des del Sindicat de Barri participem de la Plataforma #LaFiraOLaVida, que reclama que l&#8217;\u00fas dels terrenys municipals de la Fira [&hellip;]<\/p>\n","protected":false},"author":1,"featured_media":0,"parent":838,"menu_order":0,"comment_status":"closed","ping_status":"closed","template":"","meta":[],"_links":{"self":[{"href":"http:\/\/sindicatdebarri.org\/index.php\/wp-json\/wp\/v2\/pages\/276"}],"collection":[{"href":"http:\/\/sindicatdebarri.org\/index.php\/wp-json\/wp\/v2\/pages"}],"about":[{"href":"http:\/\/sindicatdebarri.org\/index.php\/wp-json\/wp\/v2\/types\/page"}],"author":[{"embeddable":true,"href":"http:\/\/sindicatdebarri.org\/index.php\/wp-json\/wp\/v2\/users\/1"}],"replies":[{"embeddable":true,"href":"http:\/\/sindicatdebarri.org\/index.php\/wp-json\/wp\/v2\/comments?post=276"}],"version-history":[{"count":5,"href":"http:\/\/sindicatdebarri.org\/index.php\/wp-json\/wp\/v2\/pages\/276\/revisions"}],"predecessor-version":[{"id":351,"href":"http:\/\/sindicatdebarri.org\/index.php\/wp-json\/wp\/v2\/pages\/276\/revisions\/351"}],"up":[{"embeddable":true,"href":"http:\/\/sindicatdebarri.org\/index.php\/wp-json\/wp\/v2\/pages\/838"}],"wp:attachment":[{"href":"http:\/\/sindicatdebarri.org\/index.php\/wp-json\/wp\/v2\/media?parent=276"}],"curies":[{"name":"wp","href":"https:\/\/api.w.org\/{rel}","templated":true}]}}