{"id":264,"date":"2019-12-03T12:41:48","date_gmt":"2019-12-03T11:41:48","guid":{"rendered":"http:\/\/sindicatdebarri.org\/?page_id=264"},"modified":"2020-04-07T18:42:56","modified_gmt":"2020-04-07T16:42:56","slug":"les-3-xemeneies","status":"publish","type":"page","link":"http:\/\/sindicatdebarri.org\/index.php\/campanyes\/les-3-xemeneies\/","title":{"rendered":"Les 3 Xemeneies per al barri"},"content":{"rendered":"\n<hr class=\"wp-block-separator is-style-wide\"\/>\n\n\n\n<div class=\"wp-block-image\"><figure class=\"alignleft\"><img decoding=\"async\" loading=\"lazy\" width=\"133\" height=\"108\" src=\"http:\/\/sindicatdebarri.org\/wp-content\/uploads\/2019\/12\/cropped-Icono_3xemi2.jpg\" alt=\"\" class=\"wp-image-269\"\/><\/figure><\/div>\n\n\n<h4>Recuperem les Tres Xemeneies<\/h4>\n<p>\u00a0<\/p>\n<p>Des del Sindicat de Barri participem de la Campanya &#8220;Recuperem les 3 Xemeneies&#8221;<\/p>\n<hr \/><header class=\"entry-header\">\n<h4 style=\"text-align: left;\" align=\"center\"><strong>Presentaci\u00f3<\/strong><\/h4>\n<\/header>\n<div class=\"entry-content\">\n<p align=\"justify\">L\u2019Ajuntament i la Generalitat acostumen a atribuir la culpa de la brutal emerg\u00e8ncia habitacional actual als seus respectius rivals pol\u00edtics.<\/p>\n<p align=\"justify\">Per\u00f2 no podem esperar hipot\u00e8tics canvis de govern central i\/o de r\u00e8gim parlamentari perqu\u00e8 es prenguin mesures reals contra la expulsi\u00f3 massiva de ve\u00efnes, tant de forma directa com indirecta. A m\u00e9s a m\u00e9s, com afirmen tota la gent experta en la mat\u00e8ria: per poder reduir els preus \u00e9s absolutament imprescindible la creaci\u00f3 d\u2019un estoc d\u2019habitatges, l\u2019\u00fas i la gesti\u00f3 dels quals hauria de quedar fora del mercat. Si m\u00e9s no mentre l\u2019habitatge segueixi sent un b\u00e9 especulatiu. Altra cosa seria si la llei proteg\u00eds realment el dret a l\u2019habitatge.<\/p>\n<p align=\"justify\">Per l\u2019altra banda, no \u00e9s veritat que manquen espais per crear habitatges i equipaments comunitaris. De fet, al Poble Sec, hi ha molts solars i edificis buits i sense cap \u00fas des de fa anys, mentre el barri viu una situaci\u00f3 d\u2019emerg\u00e8ncia habitacional extrema.<\/p>\n<p align=\"justify\">Els partits pol\u00edtics ja han entrat en precampanya electoral. Fem-los entendre que no es poden omplir la boca amb mesures de garantir el dret a l\u2019habitatge si no fan tot el possible per recuperar els Tres Xemeneies per al seu \u00fas p\u00fablic.<\/p>\n<p><strong>Ha arribat l\u2019hora de passar dels \u00abserveis t\u00e8cnics\u00bb als \u00abserveis comunitaris\u00bb!<\/strong><\/p>\n<\/div>\n\n\n<hr class=\"wp-block-separator is-style-wide\"\/>\n\n\n\n<h4 class=\"wp-block-heading\">Manifest<\/h4>\n\n\n\n<p><\/p>\n\n\n\n<p>La nova bombolla immobili\u00e0ria ha afectat amb una virul\u00e8ncia especial els barris c\u00e8ntrics de la ciutat. Entre 2013 i 2018 els preus dels pisos han pujat un 65% a barris com Poble Sec, Raval i Sant Antoni. Els preus de lloguer s\u2019han doblat en el mateix per\u00edode. El que no ha augmentat \u00e9s el poder adquisitiu de la gent. Des de 2010 est\u00e0 baixant a un ritme cada vegada m\u00e9s accelerat i molt particularment en el cas de les persones amb les feines m\u00e9s prec\u00e0ries.<\/p>\n\n\n\n<p>Aquests dos factors han expulsat a milers de ve\u00efns i ve\u00efnes dels nostres\nbarris. Al mateix temps han excl\u00f2s de l\u2019acc\u00e9s a l\u2019habitatge a molts habitants\nde Barcelona i han convertit en vulnerable a qualsevol persona que hi viu de\nlloguer.<\/p>\n\n\n\n<p>Tot plegat \u00e9s el resultat d\u2019unes pol\u00edtiques institucionals que, des de fa\nanys, donen tota mena de facilitats legals i fiscals a les immobili\u00e0ries,\nbancs, fons d\u2019inversi\u00f3 i grans tenidors d\u2019habitatges. Alhora han marginat\nsistem\u00e0ticament la creaci\u00f3 d\u2019habitatge p\u00fablic de lloguer. De manera que a\nl\u2019Estat espanyol el lloguer s\u2019ha redu\u00eft a un 2% del parc d\u2019habitatge total,\nmentre que als altres pa\u00efsos de la UE arriba al 30% i m\u00e9s.<\/p>\n\n\n\n<p>L\u2019administraci\u00f3 argumenta que no hi ha espais per crear habitatges que\npuguin servir per alleugerir l\u2019emerg\u00e8ncia habitacional actual i la mancan\u00e7a\nd\u2019equipaments. Per\u00f2 no \u00e9s veritat: al Poble Sec n\u2019hi ha uns quants. El m\u00e9s gran\ns\u00f3n les Tres Xemeneies que compten amb m\u00e9s de 30.000 m2 i estan buits des del\n2012. Des d\u2019en\u00e7\u00e0, aquest gran s\u00edmbol de la lluita obrera i solidaritat popular\nha passat de mans d\u2019un fons de inversi\u00f3 a l\u2019altre. Tots han intentat \u2013 sense\n\u00e8xit- requalificar els edificis, ja que la seva clau urban\u00edstica actual\nrestringeix la construcci\u00f3 d\u2019oficines.<\/p>\n\n\n\n<p>A difer\u00e8ncia dels anteriors, els nous propietaris \u2013 Conren Tramway, SL- han\ndecidit de crear fets consumats i han comen\u00e7at a enderrocar tot menys els\nelements estructurals dels dos edificis. Els representants d\u2019aquest fons\nhispano-alemany pregonen als quatres vents que hi faran oficines per a\nmultinacionals \u00abpunteres\u00bb i hi portaren milers de treballadors al barri amb un\nalt nivell adquisitiu.<\/p>\n\n\n\n<p>No sabem si ja tenen acords secrets amb els poders f\u00e0ctics de la ciutat i\npartits pol\u00edtics afins perqu\u00e8 l\u2019ajuntament que surti de les properes municipals\nels propici\u00ef la necess\u00e0ria requalificaci\u00f3. El que s\u00ed sabem \u00e9s que passar\u00e0 amb\nels lloguers i els \u00faltims comer\u00e7os de proximitat quan milers d\u2019empleats\nd\u2019aquestes multinacionals comencin a buscar pisos i altres atractius a l\u2019al\u00e7ada\nde les seves butxaques. Ser\u00e0 l\u2019estocada final, tant als nostres barris com a un\ndels s\u00edmbols m\u00e9s importants de la mem\u00f2ria hist\u00f2rica popular!<\/p>\n\n\n\n<p><strong>Considerant aquests fets, les entitats i persones sota-signants:<\/strong>\n<\/p>\n\n\n\n<p>\u2013 <strong>Demanem un comprom\u00eds ferm i definitiu dels partits pol\u00edtics <\/strong>que\nes presentin a les properes eleccions municipals d\u2019aturar qualsevol intent\npresent o futur de canvi de qualificaci\u00f3 en oficines i d\u2019assegurar que les Tres\nXemeneies es quedin per sempre al servei de les necessitats del ve\u00efnat del\nPoble Sec i dels nostres barris ve\u00efns.<\/p>\n\n\n\n<p><strong>\u2013 Exigim<\/strong> la requalificaci\u00f3 de les Tres Xemeneies<strong> en\nun equipament comunitari, per a les ve\u00efnes i entitats del barri amb una dotaci\u00f3\nd\u2019habitatge p\u00fablic.<\/strong> Proposem un equipament que pugui donar resposta a\nla necessitats dels barris adjacents: tant necessitats habitacionals com a\nespais per a gent gran, escoles bressol, espai de joves, per als castellers,\nper a la biblioteca del barri, auditori polivalent, etc.<\/p>\n\n\n\n<p><strong>\u2013 <\/strong>En el cas contrari <strong>ens comprometem a seguir l\u2019exemple dels habitants de Berl\u00edn i Nova York<\/strong>, els quals, amb les seves mobilitzacions potents, han aconseguit impedir uns projectes especulatius semblants, promoguts per les multinacionals \u00abpunteres\u00bb Amazon i Google.<\/p>\n\n\n\n<p>Web de la Campanya: <a href=\"http:\/\/les3xemeneies.cat\/\">Les 3 Xemeneies<\/a><\/p>\n","protected":false},"excerpt":{"rendered":"<p>Recuperem les Tres Xemeneies \u00a0 Des del Sindicat de Barri participem de la Campanya &#8220;Recuperem les 3 Xemeneies&#8221; Presentaci\u00f3 L\u2019Ajuntament [&hellip;]<\/p>\n","protected":false},"author":1,"featured_media":0,"parent":838,"menu_order":0,"comment_status":"closed","ping_status":"closed","template":"","meta":[],"_links":{"self":[{"href":"http:\/\/sindicatdebarri.org\/index.php\/wp-json\/wp\/v2\/pages\/264"}],"collection":[{"href":"http:\/\/sindicatdebarri.org\/index.php\/wp-json\/wp\/v2\/pages"}],"about":[{"href":"http:\/\/sindicatdebarri.org\/index.php\/wp-json\/wp\/v2\/types\/page"}],"author":[{"embeddable":true,"href":"http:\/\/sindicatdebarri.org\/index.php\/wp-json\/wp\/v2\/users\/1"}],"replies":[{"embeddable":true,"href":"http:\/\/sindicatdebarri.org\/index.php\/wp-json\/wp\/v2\/comments?post=264"}],"version-history":[{"count":8,"href":"http:\/\/sindicatdebarri.org\/index.php\/wp-json\/wp\/v2\/pages\/264\/revisions"}],"predecessor-version":[{"id":275,"href":"http:\/\/sindicatdebarri.org\/index.php\/wp-json\/wp\/v2\/pages\/264\/revisions\/275"}],"up":[{"embeddable":true,"href":"http:\/\/sindicatdebarri.org\/index.php\/wp-json\/wp\/v2\/pages\/838"}],"wp:attachment":[{"href":"http:\/\/sindicatdebarri.org\/index.php\/wp-json\/wp\/v2\/media?parent=264"}],"curies":[{"name":"wp","href":"https:\/\/api.w.org\/{rel}","templated":true}]}}