{"id":228,"date":"2019-11-28T13:58:08","date_gmt":"2019-11-28T12:58:08","guid":{"rendered":"http:\/\/sindicatdebarri.org\/?page_id=228"},"modified":"2020-04-07T18:29:56","modified_gmt":"2020-04-07T16:29:56","slug":"que-fem-com-funcionem","status":"publish","type":"page","link":"http:\/\/sindicatdebarri.org\/index.php\/sindicat-de-barri-del-poble-sec\/que-fem-com-funcionem\/","title":{"rendered":"Qui som? Com funcionem?"},"content":{"rendered":"<h4>Som el Sindicat de Barri del Poble Sec<\/h4>\n<hr \/>\n<h4>Qui som?<\/h4>\n<hr \/>\n<p>Vivim en un moment en el que cal tornar a organitzar-se per defensar-nos de l\u2019explotaci\u00f3 i la reconfiguraci\u00f3 capitalista dels nostres entorns. Els habitatges, els barris i fins i tot els territoris s\u2019han transformat en espais al servei del consum i de la propietat de grans empreses privades. En aquest proc\u00e9s, la nostra vida \u00e9s cada vegada m\u00e9s individualitzada, fins al punt que desconeixem a les persones i les necessitats de qui viu al nostre voltant.<\/p>\n<p>Aix\u00ed, <strong>estem creant les condicions per a una nova organitzaci\u00f3 en els nostres barris que posi en el centre a les persones i a la pot\u00e8ncia d\u2019una vida en com\u00fa<\/strong>. Hem recuperat, per fer-ho, la funci\u00f3 d\u2019un sindicat en el seu origen, actualitzant-la al context on vivim, apostant per la idea del Sindicat de Barri:<\/p>\n<p>\u2013 Un <strong>espai de suport mutu<\/strong> que podr\u00e0 resoldre les necessitats b\u00e0siques, construint alternatives gr\u00e0cies a la cooperaci\u00f3 i al comprom\u00eds de les persones.<\/p>\n<p>\u2013 Un <strong>lloc on ajuntar les lluites de totes les generacions<\/strong> per empoderar-nos a trav\u00e9s de la col\u00b7lectivitzaci\u00f3 dels nostres problemes: habitatge, subministraments, cures, feina\u2026<\/p>\n<p>-Un dispositiu que no adquireix representar les lluites, sin\u00f3 expressar-les en les seves diferents formes per <strong>millorar les condicions de vida de totes les persones que participen<\/strong> en aix\u00f2, creant nous lla\u00e7os i noves amistats.<\/p>\n<p>Un sindicat tradicional servia, i serveix en teoria, per incidir a trav\u00e9s de la visibilitat i la pres\u00e8ncia de l\u2019organitzaci\u00f3 en les condicions d\u2019aquelles persones invisibilitzades i sotmeses al seu lloc de treball, i sobretot a les f\u00e0briques. Ara, quan el treball \u00e9s cada vegada m\u00e9s esc\u00e0s i l\u2019extracci\u00f3 de la riquesa s\u2019est\u00e9n fora de les f\u00e0briques, <strong>\u00e9s m\u00e9s que necessari visibilitzar el que est\u00e0 invisibilitzat en la solitud dels nostres carrers i llars<\/strong>.<\/p>\n<hr \/>\n<h4>Com funcionem?<\/h4>\n<hr \/>\n<p>El Sindicat es reuneix tots els dilluns en Assemblea per donar un assessorament col\u00b7lectiu a totes les persones afectades. Aquest \u00e9s l&#8217;espai on exposem la nostra situaci\u00f3 i conjuntament pensem l&#8217;estrat\u00e8gia per resoldre-la.<br \/>\nA m\u00e9s a m\u00e9s de les assemblees, treballem en comissions per aprofundir en les diverses tasques del Sindicat.<\/p>\n","protected":false},"excerpt":{"rendered":"<p>Som el Sindicat de Barri del Poble Sec Qui som? Vivim en un moment en el que cal tornar a [&hellip;]<\/p>\n","protected":false},"author":1,"featured_media":0,"parent":168,"menu_order":0,"comment_status":"closed","ping_status":"closed","template":"","meta":[],"_links":{"self":[{"href":"http:\/\/sindicatdebarri.org\/index.php\/wp-json\/wp\/v2\/pages\/228"}],"collection":[{"href":"http:\/\/sindicatdebarri.org\/index.php\/wp-json\/wp\/v2\/pages"}],"about":[{"href":"http:\/\/sindicatdebarri.org\/index.php\/wp-json\/wp\/v2\/types\/page"}],"author":[{"embeddable":true,"href":"http:\/\/sindicatdebarri.org\/index.php\/wp-json\/wp\/v2\/users\/1"}],"replies":[{"embeddable":true,"href":"http:\/\/sindicatdebarri.org\/index.php\/wp-json\/wp\/v2\/comments?post=228"}],"version-history":[{"count":6,"href":"http:\/\/sindicatdebarri.org\/index.php\/wp-json\/wp\/v2\/pages\/228\/revisions"}],"predecessor-version":[{"id":283,"href":"http:\/\/sindicatdebarri.org\/index.php\/wp-json\/wp\/v2\/pages\/228\/revisions\/283"}],"up":[{"embeddable":true,"href":"http:\/\/sindicatdebarri.org\/index.php\/wp-json\/wp\/v2\/pages\/168"}],"wp:attachment":[{"href":"http:\/\/sindicatdebarri.org\/index.php\/wp-json\/wp\/v2\/media?parent=228"}],"curies":[{"name":"wp","href":"https:\/\/api.w.org\/{rel}","templated":true}]}}