{"id":190,"date":"2019-11-15T19:55:08","date_gmt":"2019-11-15T18:55:08","guid":{"rendered":"http:\/\/sindicatdebarri.org\/?page_id=190"},"modified":"2020-04-07T18:45:23","modified_gmt":"2020-04-07T16:45:23","slug":"els-5-punts","status":"publish","type":"page","link":"http:\/\/sindicatdebarri.org\/index.php\/campanyes\/els-5-punts\/","title":{"rendered":"Els 5 punts per la defensa de l\u2019habitatge al barri"},"content":{"rendered":"<hr class=\"wp-block-separator is-style-wide\" \/>\r\n<div class=\"entry-content\">\r\n<p><b>Manifest dels 5 punts<\/b><\/p>\r\n<hr \/>\r\n<p><b>DEFENSEM EL NOSTRE BARRI<\/b><\/p>\r\n<p align=\"justify\">La situaci\u00f3 de l\u2019habitatge s\u2019ha convertit en un malson per a la gent que vivim de lloguer al Poble Sec. Durant els \u00faltims dos anys els preus han apujat en m\u00e9s del 20%. La majoria dels ve\u00efns i ve\u00efnes hem de dedicar la major part dels nostres ingressos per pagar-ho. Quan s\u2019acaben els nous contractes de tres anys els propietaris i les ag\u00e8ncies immobili\u00e0ries et poden demanar el preu que vulguin. Qui no ho pot pagar va directament al carrer. I si necessites buscar un altre pis de lloguer, haur\u00e0s de pagar uns quants milers d\u2019euros de dip\u00f2sit al propietari i d\u2019honoraris a l\u2019ag\u00e8ncia immobili\u00e0ria de torn. Aquesta situaci\u00f3 no ha caigut de cel sin\u00f3 t\u00e9 noms i cognoms. Uns fons d\u2019inversions internacionals que han descobert els grans beneficis que ofereix el mercat immobiliari en una ciutat tur\u00edstica com a Barcelona. Una legislaci\u00f3 en mat\u00e8ria de lloguer que d\u00f3na totes les facilitats a la propietat. Uns propietaris locals que ja ho sabien i aprofiten la conjuntura. Unes ag\u00e8ncies immobili\u00e0ries que inflen els preus per augmentar les seves comissions. Una ind\u00fastria tur\u00edstica que margina i expulsa els ve\u00efns i ve\u00efnes dels barris c\u00e8ntrics de la ciutat.<\/p>\r\n<p align=\"justify\">Tot plegat ha creat una situaco d\u2019emerg\u00e8ncia que exigeix l\u2019adopcio de mesures dr\u00e0stiques per impedir que ens facin fora del barri. Per aix\u00f2 diem:<br \/><b><\/b><\/p>\r\n<p align=\"justify\"><b>1. \u2029Limitaci\u00f3 dels preus de lloguer!<\/b>\u00a0Tots els economistes i organismes internacionals coincideixen que les despeses per a l\u2019habitatge no poden superar el 30% dels ingressos disponibles. Per aquesta ra\u00f3 el preu delmetre quadrat al Poble Sec, mai no podr\u00e0 superar els 8 \u20ac , ja que la renda mitjana mensual al barri \u00e9s de 1086 \u20ac.<\/p>\r\n<p align=\"justify\"><b>2. Renovaci\u00f3 autom\u00e0tica dels contractes de lloguer<\/b>! Els contractes de lloguer s\u2019hauran de prorrogar autom\u00e0ticament pel mateix per\u00edode. No acceptarem ni un augment de lloguer superior a la variaci\u00f3 de l\u2019IPC, ni una rescissi\u00f3 arbitr\u00e0ria del contracte.<br \/><b><\/b><\/p>\r\n<p align=\"justify\"><b>3. Ni un desnonament m\u00e9s!<\/b>\u00a0Durant els \u00faltims dos anys hem perdut un gran nombre de ve\u00efns i ve\u00efnes a causa de la precarietat laboral i els preus desorbitats dels pisos. No acceptarem m\u00e9s desnonaments de ve\u00efns\u00a0 En cas de que s\u2019executi un desnonament, el reallotjament haur\u00e0 de ser dins del barri.<br \/><b><\/b><\/p>\r\n<p align=\"justify\"><b>4. Reducci\u00f3 dr\u00e0stica dels allotjaments tur\u00edstics!\u00a0<\/b>El barri ha perdut molts habitatges a causa de la construcci\u00f3 d\u2019hotels i obertura d\u2019apartaments tur\u00edstics. Aquest fet ha imposat una escassetat d\u2019habitatges que ha multiplicat els guanys dels propietaris i especuladors. Cal impedir que s\u2019obrin m\u00e9s allotjaments tur\u00edstics, i redu\u00efr els seu nombre revocant una part important de les llic\u00e8ncies i tancant els que no estan regularitzats.<br \/><b><\/b><\/p>\r\n<p align=\"justify\"><b>5. L\u2019habitatge no pot ser un negoci!<\/b>\u00a0Perqu\u00e8 \u00e9s una necessitat b\u00e0sica com l\u2019educaci\u00f3 i sanitat de qualitat. Cal impulsr altres models com cooperatives d\u2019habitatges i altres formes de conviv\u00e8ncia comunals. No nom\u00e9s s\u00f3n m\u00e9s barates, tamb\u00e9 ajudaran a reconstruir una vida comunit\u00e0ria que aquest model de ciutat ha destrossat amb la l\u00f2gica dels beneficis.<\/p>\r\n<p>Per tot aix\u00f2\u2026<\/p>\r\n<p><b>EXIGIM:<\/b><\/p>\r\n<p align=\"justify\">A immobili\u00e0ries i propietaris: deixar d\u2019especular amb el preu dels lloguers, comen\u00e7ant per revertir la pujada\u00a0 des darrers temps.<\/p>\r\n<p align=\"justify\">A les institucions: aturar de forma immediata els desnonaments i evitar el despla\u00e7ament de poblaci\u00f3 mitjan\u00e7ant reallotjaments dins el propi barri, augmentant el parc d\u2019habitatge social i cooperatiu i assegurant l\u2019\u00fas social de l\u2019habitatge for\u00e7ant la mobilitzaci\u00f3 dels pisos bu\u00efts.<\/p>\r\n<p><b>ENS COMPROMETEM:<\/b><\/p>\r\n<p align=\"justify\">A lluitar plegades perqu\u00e8 cap ve\u00efna hagi de marxar del barri per raons econ\u00f2miques i per culpa de l\u2019especulaci\u00f3.<\/p>\r\n<\/div>\r\n<p>&nbsp;<\/p>\r\n<p><span style=\"font-size: 14pt;\"><strong>Entitas que recolzen els 5 punts:<\/strong><\/span><br \/>Coordinadora de Jubilats i Pensionistes de AAVV BCN \/ AMPA CEIP Jacint Verdaguer \/ Parr\u00f2quies de Poble Sec \/ La Raposa Llibreria feminista \/ Plataforma Som Paral\u00b7lel \/ Coordinadora d\u2019entitats \/ Bab\u00e0lia Crian\u00e7a Compartida \/ Castellers de Poble Sec \/ Laboratori Reversible \/ Banc del temps de Poble Sec \/ L\u2019Etnogr\u00e0fica. Antropologia per a la transformaci\u00f3 social \/ AFA Escola Poble Sec \/ Altaveu de Poble Sec \/ Associaci\u00f3 C\u00farcuma \/ El Monstre de Paper \/ Raons P\u00fabliques \/ Sindicat de Barri \/ Ateneu La Base \/ Cooperasec \/ Trocasec<\/p>\r\n<p>&nbsp;<\/p>","protected":false},"excerpt":{"rendered":"<p>Manifest dels 5 punts DEFENSEM EL NOSTRE BARRI La situaci\u00f3 de l\u2019habitatge s\u2019ha convertit en un malson per a la [&hellip;]<\/p>\n","protected":false},"author":1,"featured_media":0,"parent":838,"menu_order":0,"comment_status":"closed","ping_status":"closed","template":"","meta":[],"_links":{"self":[{"href":"http:\/\/sindicatdebarri.org\/index.php\/wp-json\/wp\/v2\/pages\/190"}],"collection":[{"href":"http:\/\/sindicatdebarri.org\/index.php\/wp-json\/wp\/v2\/pages"}],"about":[{"href":"http:\/\/sindicatdebarri.org\/index.php\/wp-json\/wp\/v2\/types\/page"}],"author":[{"embeddable":true,"href":"http:\/\/sindicatdebarri.org\/index.php\/wp-json\/wp\/v2\/users\/1"}],"replies":[{"embeddable":true,"href":"http:\/\/sindicatdebarri.org\/index.php\/wp-json\/wp\/v2\/comments?post=190"}],"version-history":[{"count":7,"href":"http:\/\/sindicatdebarri.org\/index.php\/wp-json\/wp\/v2\/pages\/190\/revisions"}],"predecessor-version":[{"id":778,"href":"http:\/\/sindicatdebarri.org\/index.php\/wp-json\/wp\/v2\/pages\/190\/revisions\/778"}],"up":[{"embeddable":true,"href":"http:\/\/sindicatdebarri.org\/index.php\/wp-json\/wp\/v2\/pages\/838"}],"wp:attachment":[{"href":"http:\/\/sindicatdebarri.org\/index.php\/wp-json\/wp\/v2\/media?parent=190"}],"curies":[{"name":"wp","href":"https:\/\/api.w.org\/{rel}","templated":true}]}}