{"id":1326,"date":"2023-11-24T15:27:15","date_gmt":"2023-11-24T14:27:15","guid":{"rendered":"http:\/\/sindicatdebarri.org\/?page_id=1326"},"modified":"2023-11-27T11:00:18","modified_gmt":"2023-11-27T10:00:18","slug":"el-dimecres-29-de-novembre-totes-juntes-per-guanyar","status":"publish","type":"page","link":"http:\/\/sindicatdebarri.org\/index.php\/campanyes\/el-dimecres-29-de-novembre-totes-juntes-per-guanyar\/","title":{"rendered":"\u26a1\ufe0fEl dimecres 29 de novembre totes juntes per guanyar!\u26a1\ufe0f"},"content":{"rendered":"\n<p>A dos mesos d\u2019haver aturat el primer llan\u00e7ament, ja ens preparem per enfrontar el segon intent de fer fora l\u2019Elo\u00edsa. Sabem que no \u00e9s l\u2019\u00fanic desnonament que hi haur\u00e0. Cada dia n\u2019hi ha 23 a Catalunya.<\/p>\n\n\n\n<p>Totes ens enfrontem a desnonaments invisibles, pujades de preus i contractes abusius. Sabem que doneu suport a aquesta lluita i que sempre que podeu us apropeu a la porta per posar el cos. I tamb\u00e9 que moltes simpatitzeu amb nosaltres quan ens escolteu a la r\u00e0dio en els debats amb els especuladors.<\/p>\n\n\n\n<p>Per tot aix\u00f2 us demanem que fem un esfor\u00e7 per ser-hi totes fent un canvi de torn a la feina, agafant un dia de festa, abaixant la persiana\u2026 1, 2, 3 hores, cadasc\u00fa el que pugui. <strong>Si aquell dia, ben d\u2019hora, hi som totes, ho aconseguirem.<\/strong><\/p>\n\n\n\n<p>\ud83d\udca5<strong> dimecres 29 de novembre al mat\u00ed (hora per confirmar), carrer Parlament 1, Barcelona<\/strong> \ud83d\udca5<\/p>\n\n\n\n<p><strong><a href=\"https:\/\/descontrol.cat\/form-view\/23?preview=true\" target=\"_blank\" rel=\"noreferrer noopener\">Signa al manifest<\/a><\/strong><\/p>\n\n\n\n<figure class=\"wp-block-image size-large is-resized\"><img decoding=\"async\" loading=\"lazy\" src=\"http:\/\/sindicatdebarri.org\/wp-content\/uploads\/2023\/11\/photo_2023-11-23_10-50-26-1024x1024.jpg\" alt=\"For\u00e7a Sindicat\" class=\"wp-image-1332\" width=\"768\" height=\"768\" srcset=\"http:\/\/sindicatdebarri.org\/wp-content\/uploads\/2023\/11\/photo_2023-11-23_10-50-26-1024x1024.jpg 1024w, http:\/\/sindicatdebarri.org\/wp-content\/uploads\/2023\/11\/photo_2023-11-23_10-50-26-300x300.jpg 300w, http:\/\/sindicatdebarri.org\/wp-content\/uploads\/2023\/11\/photo_2023-11-23_10-50-26-150x150.jpg 150w, http:\/\/sindicatdebarri.org\/wp-content\/uploads\/2023\/11\/photo_2023-11-23_10-50-26-768x768.jpg 768w, http:\/\/sindicatdebarri.org\/wp-content\/uploads\/2023\/11\/photo_2023-11-23_10-50-26.jpg 1280w\" sizes=\"(max-width: 768px) 100vw, 768px\" \/><\/figure>\n\n\n\n<p><\/p>\n\n\n\n<p><strong><em>Signants:<\/em><\/strong><br>Descontrol Editorial<br>Lacol Arquitectura Cooperativa<br>ZUMZEIG CINECOOPERATIVA<br>Psicoopera<br>La Dinamo Fundaci\u00f3<br>LA PERA COMUNICACI\u00d3 SCCL<br>CoopNet SCCL<br>Associaci\u00f3 Arc\u00e0dia de Can Batll\u00f3<br>La Lleialtat Santsenca<br>Xarxa CooperaSec<br>Cuidem Montju\u00efc<br>Associaci\u00f3 M\u00e9s que Cures<br>Mujeres Unidas Entre Tierras MUET<br>Sindicat d&#8217;Habitatge de Gr\u00e0cia<br>La Raposa del Poble sec<br>Sindicat d&#8217;Habitatge de Vallcarca<br>Heura Negra<br>Sindicat d\u2019Habitatge de Nou Barris<br>Feministes del Poble-sec<br>Sindicat d&#8217;Habitatge de Cassoles<br>CREARSA SCCL<br>Associaci\u00f3 Cultural el Raval &#8211; el Lokal<br>Fem sant antoni<br>CooperAci\u00f3<br>Asamblea de defensa de derechos<br>Ateneu Cooperatiu La Base<br>Grup habitatge sants<br>Ateneu del Raval<\/p>\n","protected":false},"excerpt":{"rendered":"<p>A dos mesos d\u2019haver aturat el primer llan\u00e7ament, ja ens preparem per enfrontar el segon intent de fer fora l\u2019Elo\u00edsa. [&hellip;]<\/p>\n","protected":false},"author":1,"featured_media":0,"parent":838,"menu_order":0,"comment_status":"closed","ping_status":"closed","template":"","meta":[],"_links":{"self":[{"href":"http:\/\/sindicatdebarri.org\/index.php\/wp-json\/wp\/v2\/pages\/1326"}],"collection":[{"href":"http:\/\/sindicatdebarri.org\/index.php\/wp-json\/wp\/v2\/pages"}],"about":[{"href":"http:\/\/sindicatdebarri.org\/index.php\/wp-json\/wp\/v2\/types\/page"}],"author":[{"embeddable":true,"href":"http:\/\/sindicatdebarri.org\/index.php\/wp-json\/wp\/v2\/users\/1"}],"replies":[{"embeddable":true,"href":"http:\/\/sindicatdebarri.org\/index.php\/wp-json\/wp\/v2\/comments?post=1326"}],"version-history":[{"count":6,"href":"http:\/\/sindicatdebarri.org\/index.php\/wp-json\/wp\/v2\/pages\/1326\/revisions"}],"predecessor-version":[{"id":1371,"href":"http:\/\/sindicatdebarri.org\/index.php\/wp-json\/wp\/v2\/pages\/1326\/revisions\/1371"}],"up":[{"embeddable":true,"href":"http:\/\/sindicatdebarri.org\/index.php\/wp-json\/wp\/v2\/pages\/838"}],"wp:attachment":[{"href":"http:\/\/sindicatdebarri.org\/index.php\/wp-json\/wp\/v2\/media?parent=1326"}],"curies":[{"name":"wp","href":"https:\/\/api.w.org\/{rel}","templated":true}]}}