{"id":1007,"date":"2021-10-17T12:01:09","date_gmt":"2021-10-17T10:01:09","guid":{"rendered":"http:\/\/sindicatdebarri.org\/?page_id=1007"},"modified":"2021-11-08T12:49:46","modified_gmt":"2021-11-08T11:49:46","slug":"defensem-el-barri","status":"publish","type":"page","link":"http:\/\/sindicatdebarri.org\/index.php\/defensem-el-barri\/","title":{"rendered":"Defensem El Barri"},"content":{"rendered":"\n<figure class=\"wp-block-image size-large\"><img decoding=\"async\" loading=\"lazy\" width=\"1024\" height=\"423\" src=\"http:\/\/sindicatdebarri.org\/wp-content\/uploads\/2021\/11\/Artboard-3-1024x423.png\" alt=\"\" class=\"wp-image-1016\" srcset=\"http:\/\/sindicatdebarri.org\/wp-content\/uploads\/2021\/11\/Artboard-3-1024x423.png 1024w, http:\/\/sindicatdebarri.org\/wp-content\/uploads\/2021\/11\/Artboard-3-300x124.png 300w, http:\/\/sindicatdebarri.org\/wp-content\/uploads\/2021\/11\/Artboard-3-768x317.png 768w, http:\/\/sindicatdebarri.org\/wp-content\/uploads\/2021\/11\/Artboard-3-1536x635.png 1536w, http:\/\/sindicatdebarri.org\/wp-content\/uploads\/2021\/11\/Artboard-3.png 2048w\" sizes=\"(max-width: 1024px) 100vw, 1024px\" \/><\/figure>\n\n\n\n<figure class=\"wp-block-pullquote\"><blockquote><p>Ning\u00fa marxa del Poble Sec<\/p><\/blockquote><\/figure>\n\n\n<div id=\"magicdomid79\" class=\"ace-line\"><span class=\"author-a-9z82zz70zz75zz71zz66zz66zz70zvz80zkv2az70zz73z b\"><b>D&#8217;ON VENIM<\/b><\/span><\/div>\n<div id=\"magicdomid68\" class=\"ace-line\">\n<div id=\"magicdomid80\" class=\"ace-line\"><span class=\"author-a-9z82zz70zz75zz71zz66zz66zz70zvz80zkv2az70zz73z\">\u00a0\u00a0\u00a0\u00a0\u00a0\u00a0\u00a0\u00a0\u00a0\u00a0\u00a0\u00a0\u00a0\u00a0\u00a0\u00a0\u00a0\u00a0\u00a0\u00a0\u00a0\u00a0\u00a0\u00a0\u00a0\u00a0\u00a0\u00a0\u00a0\u00a0\u00a0\u00a0\u00a0\u00a0\u00a0\u00a0\u00a0\u00a0\u00a0\u00a0\u00a0\u00a0\u00a0<\/span><\/div>\n<div id=\"magicdomid81\" class=\"ace-line\"><span class=\"author-a-uvz88zfz80zz74zz80z1kutz71z0lez66z\">Dins la l\u00f2gica del sistema capitalista en qu<\/span><span class=\"author-a-0pc0qjz69z9z75zz80zdz72z9z77zz68zz88z\">\u00e8<\/span><span class=\"author-a-uvz88zfz80zz74zz80z1kutz71z0lez66z\"> vivim, <\/span><span class=\"author-a-uvz88zfz80zz74zz80z1kutz71z0lez66z b\"><b>l&#8217;habitatge s&#8217;ha convertit en una mercaderia<\/b><\/span><span class=\"author-a-uvz88zfz80zz74zz80z1kutz71z0lez66z\">.<\/span><span class=\"author-a-9z82zz70zz75zz71zz66zz66zz70zvz80zkv2az70zz73z\"> Com ja denunci\u00e0vem al 2015 amb el naixement del Sindicat de Barri; les hipoteques i els lloguer s\u00f3n abusius en comparaci\u00f3 a la precarietat laboral; especialment en un barri com <\/span><span class=\"author-a-0pc0qjz69z9z75zz80zdz72z9z77zz68zz88z\">P<\/span><span class=\"author-a-9z82zz70zz75zz71zz66zz66zz70zvz80zkv2az70zz73z\">oble <\/span><span class=\"author-a-0pc0qjz69z9z75zz80zdz72z9z77zz68zz88z\">S<\/span><span class=\"author-a-9z82zz70zz75zz71zz66zz66zz70zvz80zkv2az70zz73z\">ec on <\/span><span class=\"author-a-0pc0qjz69z9z75zz80zdz72z9z77zz68zz88z\">l<\/span><span class=\"author-a-9z82zz70zz75zz71zz66zz66zz70zvz80zkv2az70zz73z\">a gentrificaci\u00f3 i la <\/span><span class=\"author-a-9z82zz70zz75zz71zz66zz66zz70zvz80zkv2az70zz73z b\"><b>turistificaci\u00f3<\/b><\/span><span class=\"author-a-9z82zz70zz75zz71zz66zz66zz70zvz80zkv2az70zz73z\"> tamb\u00e9 juguen un paper clau en el proc\u00e9s de l&#8217;<\/span><span class=\"author-a-9z82zz70zz75zz71zz66zz66zz70zvz80zkv2az70zz73z b\"><b>especulaci\u00f3<\/b><\/span><span class=\"author-a-9z82zz70zz75zz71zz66zz66zz70zvz80zkv2az70zz73z\"> immobili\u00e0ria.<\/span><span class=\"author-a-uvz88zfz80zz74zz80z1kutz71z0lez66z\">Aquest context<\/span><span class=\"author-a-9z82zz70zz75zz71zz66zz66zz70zvz80zkv2az70zz73z\"> ens aboca a la precarietat o directament ens<\/span><span class=\"author-a-uvz88zfz80zz74zz80z1kutz71z0lez66z\"> deixa a moltes fam\u00edlies sense acc\u00e9s legal a l&#8217;habitatge<\/span><span class=\"author-a-0pc0qjz69z9z75zz80zdz72z9z77zz68zz88z\">,<\/span><span class=\"author-a-uvz88zfz80zz74zz80z1kutz71z0lez66z\"> amb tota la viol\u00e8ncia estructural que aix\u00f2 suposa: processos judicials, viol\u00e8ncia policial, estigmatitzaci\u00f3 i desestructuraci\u00f3 familiar.<\/span><\/div>\n<div id=\"magicdomid82\" class=\"ace-line\">\u00a0<\/div>\n<div id=\"magicdomid83\" class=\"ace-line\"><span class=\"author-a-9z82zz70zz75zz71zz66zz66zz70zvz80zkv2az70zz73z\">Davant d&#8217;aquest context, s&#8217;organitza el Moviment per l&#8217;Habitatge, un conjunt d&#8217;estructures populars autogestionades i basades en la solidaritat i el suport mutu per defensar les ve\u00efnes davant de propietaris especuladors. En els darrers anys, aquestes estructures han aconseguit grans vict\u00f2ries en defensa d&#8217;un habitatge digne, com l&#8217;aprovaci\u00f3 de la llei de regulaci\u00f3 dels lloguers, mesures per la protecci\u00f3 de l&#8217;habitatge durant la pand\u00e8mia COVID o l&#8217;aturada de desenes de desnonaments diaris gr\u00e0cies a la for\u00e7a popular.<\/span><\/div>\n<div id=\"magicdomid84\" class=\"ace-line\">\u00a0<\/div>\n<div id=\"magicdomid874\" class=\"ace-line\"><span class=\"author-a-9z82zz70zz75zz71zz66zz66zz70zvz80zkv2az70zz73z\">Seguint aquesta premisa, el Sindicat de Barri \u00e9s un col\u00b7lectiu anticapitalista que s&#8217;articula al voltant de la defensa del dret a un habitatge digne. El nostre objectiu \u00e9s ser una for\u00e7a de lluita capa\u00e7 de defensar el barri de les amenaces sist\u00e8miques d&#8217;un context capitalista, racista, masclista i de col\u00b7lapse clim\u00e0tic. Just despr\u00e9s de la seva fundaci\u00f3, aquest col\u00b7lectiu pioner va engegar una campanya que va permetre estructurar el barri al voltant de 5 Punts en defensa per l&#8217;habitatge (<\/span><span class=\"author-a-9z82zz70zz75zz71zz66zz66zz70zvz80zkv2az70zz73z url\"><a href=\"http:\/\/sindicatdebarri.org\/index.php\/campanyes\/els-5-punts\/\" rel=\"noreferrer noopener\">http:\/\/sindicatdebarri.org\/index.php\/campanyes\/els-5-punts\/<\/a><\/span><span class=\"author-a-9z82zz70zz75zz71zz66zz66zz70zvz80zkv2az70zz73z\">)<\/span><\/div>\n<div id=\"magicdomid86\" class=\"ace-line\">\u00a0<\/div>\n<div id=\"magicdomid87\" class=\"ace-line\"><span class=\"author-a-uvz88zfz80zz74zz80z1kutz71z0lez66z\">El Sindicat ha evolucionat i<\/span><span class=\"author-a-0pc0qjz69z9z75zz80zdz72z9z77zz68zz88z\"> hi<\/span> <span class=\"author-a-9z82zz70zz75zz71zz66zz66zz70zvz80zkv2az70zz73z\">han passat moltes persones, actualment som m\u00e9s de 100<\/span><span class=\"author-a-uvz88zfz80zz74zz80z1kutz71z0lez66z\"> ve\u00efnes teixint una xarxa de suport mutu <\/span><span class=\"author-a-9z82zz70zz75zz71zz66zz66zz70zvz80zkv2az70zz73z\">al barri <\/span><span class=\"author-a-uvz88zfz80zz74zz80z1kutz71z0lez66z\">que va m\u00e9s enll\u00e0 de l&#8217;acompanyament en els casos d&#8217;habitatge. No nom\u00e9s parem desnonaments, hem <\/span><span class=\"author-a-9z82zz70zz75zz71zz66zz66zz70zvz80zkv2az70zz73z\">constru\u00eft<\/span><span class=\"author-a-uvz88zfz80zz74zz80z1kutz71z0lez66z\"> una gran fam\u00edlia que acull persones d&#8217;or\u00edgens, cultures, edats i coneixements diversos, i un espai d&#8217;aprenentatge transversal tant en q\u00fcestions legals i d&#8217;autogesti\u00f3 com en valors <\/span><span class=\"author-a-9z82zz70zz75zz71zz66zz66zz70zvz80zkv2az70zz73z\">de transformaci\u00f3 social<\/span><span class=\"author-a-uvz88zfz80zz74zz80z1kutz71z0lez66z\">.<\/span> <span class=\"author-a-uvz88zfz80zz74zz80z1kutz71z0lez66z\">Volem seguir creixent per ser una for\u00e7a al barri, i per fer-ho necessitem el suport de les ve\u00efnes i el teixit associatiu!<\/span><\/div>\n<div id=\"magicdomid88\" class=\"ace-line\">\u00a0<\/div>\n<div id=\"magicdomid89\" class=\"ace-line\"><span class=\"author-a-9z82zz70zz75zz71zz66zz66zz70zvz80zkv2az70zz73z b\"><b>LA SITUACI\u00d3 ACTUAL AL BARRI<\/b><\/span><\/div>\n<div id=\"magicdomid90\" class=\"ace-line\">\u00a0<\/div>\n<div id=\"magicdomid91\" class=\"ace-line\"><span class=\"author-a-9z82zz70zz75zz71zz66zz66zz70zvz80zkv2az70zz73z\">Malgrat totes aquestes vict\u00f2ries i la for\u00e7a que hem aconseguit aglutinar en els darrers anys, actualment ens trobem en un <\/span><span class=\"author-a-9z82zz70zz75zz71zz66zz66zz70zvz80zkv2az70zz73z b\"><b>moment hist\u00f2ric cr\u00edtic<\/b><\/span><span class=\"author-a-9z82zz70zz75zz71zz66zz66zz70zvz80zkv2az70zz73z\"> en <\/span><span class=\"author-a-0pc0qjz69z9z75zz80zdz72z9z77zz68zz88z\">qu\u00e8<\/span><span class=\"author-a-9z82zz70zz75zz71zz66zz66zz70zvz80zkv2az70zz73z\"> necessitem el suport de totes les ve\u00efnes del Poble<\/span><span class=\"author-a-0pc0qjz69z9z75zz80zdz72z9z77zz68zz88z\"> S<\/span><span class=\"author-a-9z82zz70zz75zz71zz66zz66zz70zvz80zkv2az70zz73z\">ec per poder seguir lluitant <\/span><span class=\"author-a-0pc0qjz69z9z75zz80zdz72z9z77zz68zz88z\">en els mesos que venen <\/span><span class=\"author-a-9z82zz70zz75zz71zz66zz66zz70zvz80zkv2az70zz73z\">contra les noves ofensives que prev<\/span><span class=\"author-a-0pc0qjz69z9z75zz80zdz72z9z77zz68zz88z\">\u00e8<\/span><span class=\"author-a-9z82zz70zz75zz71zz66zz66zz70zvz80zkv2az70zz73z\">iem.\u00a0<\/span><\/div>\n<div id=\"magicdomid92\" class=\"ace-line\">\u00a0<\/div>\n<div id=\"magicdomid93\" class=\"ace-line\">\n<div id=\"magicdomid1274\" class=\"ace-line\"><span class=\"author-a-9z82zz70zz75zz71zz66zz66zz70zvz80zkv2az70zz73z\">En aquest context postpand\u00e8mic<\/span><span class=\"author-a-0pc0qjz69z9z75zz80zdz72z9z77zz68zz88z\">,<\/span><span class=\"author-a-9z82zz70zz75zz71zz66zz66zz70zvz80zkv2az70zz73z\"> moltes fam\u00edlies s&#8217;han trobat amb problemes per poder pagar el lloguer. Si b\u00e9 \u00e9s cert que s&#8217;han implementat (gr\u00e0cies a la lluita del moviment) mesures de morat\u00f2ria de desnonaments, aquests no cobreixen tots els casos i en els que s\u00ed que es cobreixen, molts cops el sistema judicial no funciona d&#8217;ofici i s&#8217;ha de pressionar permanentment per garantir els drets b\u00e0sics de les persones afectades. La sangria de ve\u00efnes del barri no s&#8217;ha aturat en el darrer any i mig i <\/span><span class=\"author-a-9z82zz70zz75zz71zz66zz66zz70zvz80zkv2az70zz73z b\"><b>preveiem que amb el final de la morat\u00f2ria de desnonaments al febrer hi haur\u00e0 un gran creixement en el n\u00famero de desnonaments al barri<\/b><\/span><span class=\"author-a-9z82zz70zz75zz71zz66zz66zz70zvz80zkv2az70zz73z\">.\u00a0<\/span><\/div>\n<\/div>\n<div id=\"magicdomid94\" class=\"ace-line\">\u00a0<\/div>\n<div id=\"magicdomid95\" class=\"ace-line\"><span class=\"author-a-0pc0qjz69z9z75zz80zdz72z9z77zz68zz88z\">A m\u00e9s, <\/span><span class=\"author-a-0pc0qjz69z9z75zz80zdz72z9z77zz68zz88z b\"><b>malgrat les noves lleis que ens permeten negociar<\/b><\/span><span class=\"author-a-0pc0qjz69z9z75zz80zdz72z9z77zz68zz88z\"> i pressionar als grans tenidors, sovint <\/span><span class=\"author-a-0pc0qjz69z9z75zz80zdz72z9z77zz68zz88z b\"><b>ens trobem amb moltes barreres<\/b><\/span><span class=\"author-a-0pc0qjz69z9z75zz80zdz72z9z77zz68zz88z\">: molta burocr\u00e0cia, un sistema p\u00fablic desbordat i racisme i clasisme estructurals. Tot aix\u00f2 fa necessari un acompanyament i una pressi\u00f3 permanents, ja que \u00e9s l&#8217;\u00fanica manera de garantir els drets de les nostres ve\u00efnes. A m\u00e9s, dia a dia lidiem amb altres problemes com la negaci\u00f3 de la just\u00edcia gratu\u00efta a fam\u00edlies sense ingressos, llistes d&#8217;espera d&#8217;anys per accedir a l&#8217;habitatge d&#8217;emerg\u00e8ncia, mesures racistes que deixen fora a persones sense perm\u00eds de resid\u00e8ncia, advocats d&#8217;ofici que desconeixen les darreres lleis en mat\u00e8ria d&#8217;habitatge, etc.<\/span><\/div>\n<div id=\"magicdomid96\" class=\"ace-line\">\u00a0<\/div>\n<div id=\"magicdomid97\" class=\"ace-line\"><span class=\"author-a-9z82zz70zz75zz71zz66zz66zz70zvz80zkv2az70zz73z\">Juntament amb aquesta repressi\u00f3 judicial i les barreres burocr\u00e0tiques, ens estem trobant amb un <\/span><span class=\"author-a-9z82zz70zz75zz71zz66zz66zz70zvz80zkv2az70zz73z b\"><b>augment de la repressi\u00f3 policial <\/b><\/span><span class=\"author-a-9z82zz70zz75zz71zz66zz66zz70zvz80zkv2az70zz73z\">amb detencions i processos judicials oberts i sobretot<\/span><span class=\"author-a-9z82zz70zz75zz71zz66zz66zz70zvz80zkv2az70zz73z b\"><b> amb l&#8217;aplicaci\u00f3 de multes massives a participants d&#8217;accions pac\u00edfiques<\/b><\/span><span class=\"author-a-0pc0qjz69z9z75zz80zdz72z9z77zz68zz88z b\"><b>,<\/b><\/span><span class=\"author-a-9z82zz70zz75zz71zz66zz66zz70zvz80zkv2az70zz73z\"> com desnonaments o visites a immobili\u00e0ries o bancs. Aquest augment exponencial de les sancions afecta a molts grups del moviment per l&#8217;habitatge a Barcelona i es recolzen en la <\/span><span class=\"author-a-0pc0qjz69z9z75zz80zdz72z9z77zz68zz88z\">L<\/span><span class=\"author-a-9z82zz70zz75zz71zz66zz66zz70zvz80zkv2az70zz73z\">lei <\/span><span class=\"author-a-0pc0qjz69z9z75zz80zdz72z9z77zz68zz88z\">M<\/span><span class=\"author-a-9z82zz70zz75zz71zz66zz66zz70zvz80zkv2az70zz73z\">orda\u00e7a per poder aplicar multes <\/span><span class=\"author-a-9z82zz70zz75zz71zz66zz66zz70zvz80zkv2az70zz73z b\"><b>amb imports de 30 fins a 600\u20ac per persona, amb desenes de persones identificades per cada acci\u00f3<\/b><\/span><span class=\"author-a-9z82zz70zz75zz71zz66zz66zz70zvz80zkv2az70zz73z\">. L&#8217;estrat\u00e8gia \u00e9s clara<\/span><span class=\"author-a-0pc0qjz69z9z75zz80zdz72z9z77zz68zz88z\">:<\/span><span class=\"author-a-9z82zz70zz75zz71zz66zz66zz70zvz80zkv2az70zz73z\"> pretenen desmobilitzar-nos posant-nos en la tessitura d&#8217;haver de supeditar la resist\u00e8ncia a les conseq\u00fc\u00e8ncies econ\u00f2miques d&#8217;aquesta. Des del <\/span><span class=\"author-a-0pc0qjz69z9z75zz80zdz72z9z77zz68zz88z\">s<\/span><span class=\"author-a-9z82zz70zz75zz71zz66zz66zz70zvz80zkv2az70zz73z\">indicat tenim clar que <\/span><span class=\"author-a-9z82zz70zz75zz71zz66zz66zz70zvz80zkv2az70zz73z b\"><b>no deixarem a ning\u00fa a l&#8217;estacada<\/b><\/span><span class=\"author-a-9z82zz70zz75zz71zz66zz66zz70zvz80zkv2az70zz73z\"> i que cap companya ha d&#8217;afrontar el pagament d&#8217;aquestes multes de manera individual, \u00e9s <\/span><span class=\"author-a-9z82zz70zz75zz71zz66zz66zz70zvz80zkv2az70zz73z b\"><b>per aix\u00f2 que necessitem solidaritat econ\u00f2mica de ve\u00efnes i col\u00b7lectius per tal de poder fer front a aquesta onada de multes<\/b><\/span><span class=\"author-a-9z82zz70zz75zz71zz66zz66zz70zvz80zkv2az70zz73z\"> evitant la desmobilitzaci\u00f3 que ens pretenen imposar.<\/span><\/div>\n<div id=\"magicdomid98\" class=\"ace-line\">\u00a0<\/div>\n<div id=\"magicdomid889\" class=\"ace-line\"><span class=\"author-a-9z82zz70zz75zz71zz66zz66zz70zvz80zkv2az70zz73z b\"><b>Estem davant d&#8217;un curs complicat amb un previsible augment dels desnonaments i dels casos que arribaran al sindicat, amb problemes <\/b><\/span><span class=\"author-a-7q25az82z7z76zz79zg931gz71zc b\"><b>d&#8217;<\/b><\/span><span class=\"author-a-9z82zz70zz75zz71zz66zz66zz70zvz80zkv2az70zz73z b\"><b>acc\u00e8s als serveis d&#8217;habitatge p\u00fablics i una repressi\u00f3 en augment. Per tant, la gran fam\u00edlia del sindicat necessita moltes mans, cors i ments i la solidaritat de tot un barri per poder acompanyar la lluita.<\/b><\/span><span class=\"author-a-9z82zz70zz75zz71zz66zz66zz70zvz80zkv2az70zz73z\">\u00a0<\/span><\/div>\n<div id=\"magicdomid100\" class=\"ace-line\">\u00a0<\/div>\n<div id=\"magicdomid101\" class=\"ace-line\"><span class=\"author-a-9z82zz70zz75zz71zz66zz66zz70zvz80zkv2az70zz73z b\"><b>COM PARTICIPAR I\/O SOLIDARITZ<\/b><\/span><span class=\"author-a-0pc0qjz69z9z75zz80zdz72z9z77zz68zz88z b\"><b>AR-SE<\/b><\/span><\/div>\n<div id=\"magicdomid102\" class=\"ace-line\">\u00a0<\/div>\n<div id=\"magicdomid103\" class=\"ace-line\"><span class=\"author-a-0pc0qjz69z9z75zz80zdz72z9z77zz68zz88z\">Per tot aix\u00f2, fem una crida al barri perqu\u00e8 les ve\u00efnes s&#8217;impliquin i se solidaritzin amb el sindicat. Hi ha moltes maneres de col\u00b7laborar:<\/span><\/div>\n<div id=\"magicdomid104\" class=\"ace-line\">\u00a0<\/div>\n<div id=\"magicdomid929\" class=\"ace-line\"><span class=\"author-a-9z82zz70zz75zz71zz66zz66zz70zvz80zkv2az70zz73z\">\u00a0\u00a0\u00a0 &#8211; <\/span><span class=\"author-a-9z82zz70zz75zz71zz66zz66zz70zvz80zkv2az70zz73z b\"><b>Milita<\/b><\/span><span class=\"author-a-9z82zz70zz75zz71zz66zz66zz70zvz80zkv2az70zz73z\"> amb nosaltres: les assemblees s\u00f3n cada dilluns a les 18.00h a l&#8217;Ateneu la Base (Carrer Hortes 10). Hi ha una comissi\u00f3 de benvinguda que us rebr\u00e0 i explicar\u00e0 com funciona el sindicat!<\/span><\/div>\n<div id=\"magicdomid106\" class=\"ace-line\">\u00a0<\/div>\n<div id=\"magicdomid932\" class=\"ace-line\"><span class=\"author-a-9z82zz70zz75zz71zz66zz66zz70zvz80zkv2az70zz73z\">\u00a0\u00a0\u00a0 &#8211; Vine a <\/span><span class=\"author-a-9z82zz70zz75zz71zz66zz66zz70zvz80zkv2az70zz73z b\"><b>aturar els desnonaments<\/b><\/span><span class=\"author-a-9z82zz70zz75zz71zz66zz66zz70zvz80zkv2az70zz73z\">. Quan som molta gent <\/span><span class=\"author-a-0pc0qjz69z9z75zz80zdz72z9z77zz68zz88z\">davant<\/span><span class=\"author-a-9z82zz70zz75zz71zz66zz66zz70zvz80zkv2az70zz73z\"> la porta<\/span><span class=\"author-a-0pc0qjz69z9z75zz80zdz72z9z77zz68zz88z\">,<\/span><span class=\"author-a-9z82zz70zz75zz71zz66zz66zz70zvz80zkv2az70zz73z\"> podem fer pressi\u00f3 p<\/span><span class=\"author-a-0pc0qjz69z9z75zz80zdz72z9z77zz68zz88z\">erqu\u00e8<\/span><span class=\"author-a-9z82zz70zz75zz71zz66zz66zz70zvz80zkv2az70zz73z\"> la comitiva <\/span><span class=\"author-a-0pc0qjz69z9z75zz80zdz72z9z77zz68zz88z\">judicial <\/span><span class=\"author-a-9z82zz70zz75zz71zz66zz66zz70zvz80zkv2az70zz73z\">aturi el desnonament. Qualsevol nivell d&#8217;implicaci\u00f3 \u00e9s \u00fatil, ning\u00fa s&#8217;ha d&#8217;exposar m\u00e9s enll\u00e0 del que se senti c\u00f2mode<\/span><span class=\"author-a-0pc0qjz69z9z75zz80zdz72z9z77zz68zz88z\">. Per saber els desnonaments que hi ha cada setmana, pots unir-te al canal de Telegram<\/span><span class=\"author-a-9z82zz70zz75zz71zz66zz66zz70zvz80zkv2az70zz73z\">.<\/span><\/div>\n<div id=\"magicdomid108\" class=\"ace-line\">\u00a0<\/div>\n<div id=\"magicdomid1004\" class=\"ace-line\"><span class=\"author-a-0pc0qjz69z9z75zz80zdz72z9z77zz68zz88z\">\u00a0\u00a0\u00a0 &#8211; <\/span><span class=\"author-a-0pc0qjz69z9z75zz80zdz72z9z77zz68zz88z b\"><b>Acompanya <\/b><\/span><span class=\"author-a-0pc0qjz69z9z75zz80zdz72z9z77zz68zz88z\">a persones afectades: Si tens disponibilitat als <\/span><span class=\"author-a-0pc0qjz69z9z75zz80zdz72z9z77zz68zz88z b\"><b>matins<\/b><\/span><span class=\"author-a-0pc0qjz69z9z75zz80zdz72z9z77zz68zz88z\">, ens pots donar un cop dem\u00e0 amb les gestions burocr\u00e0tiques. Les ve\u00efnes afectades necessiten anar a serveis socials o d&#8217;habitatge a tramitar documentaci\u00f3, per\u00f2 sovint hi ha barreres, sobretot idiom\u00e0tiques, que els impedeixen o dificulten dur-les a terme. Si no tens dificultat amb el catal\u00e0 i t&#8217;animes a fer aquest rol, escriu-nos un whatsapp o telegram al <\/span><span class=\"author-a-9z82zz70zz75zz71zz66zz66zz70zvz80zkv2az70zz73z\">tel\u00e8fon del sindicat<\/span><span class=\"author-a-0pc0qjz69z9z75zz80zdz72z9z77zz68zz88z\"> o vine a una assemblea.<\/span><\/div>\n<div id=\"magicdomid110\" class=\"ace-line\">\u00a0<\/div>\n<div id=\"magicdomid538\" class=\"ace-line\"><span class=\"author-a-0pc0qjz69z9z75zz80zdz72z9z77zz68zz88z\">\u00a0\u00a0\u00a0 &#8211; Fes una <\/span><span class=\"author-a-0pc0qjz69z9z75zz80zdz72z9z77zz68zz88z b\"><b>aportaci\u00f3 solid\u00e0ria<\/b><\/span><span class=\"author-a-0pc0qjz69z9z75zz80zdz72z9z77zz68zz88z\"> al fons antirrepressiu: Necessitem cobrir les multes que ens estan arribant per aturar desnonaments. Amb aquestes sancions, amparades en la llei mordassa, ens acusen de delictes de desobedi\u00e8ncia i pugen als 600 euros cadascuna. Per col\u00b7laborar amb el fons antirrepressiu, pots fer un ingr\u00e8s a <\/span><span class=\"author-a-9z82zz70zz75zz71zz66zz66zz70zvz80zkv2az70zz73z\">ES23 3035 0175 8317 5001 4046<\/span><span class=\"author-a-0pc0qjz69z9z75zz80zdz72z9z77zz68zz88z\"> amb el concepte &#8220;<\/span><span class=\"author-a-9z82zz70zz75zz71zz66zz66zz70zvz80zkv2az70zz73z\">Donatiu <\/span><span class=\"author-a-0pc0qjz69z9z75zz80zdz72z9z77zz68zz88z\">Sd<\/span><span class=\"author-a-9z82zz70zz75zz71zz66zz66zz70zvz80zkv2az70zz73z\">B&#8221; + [EL VOSTRE NOM]. Si voleu rebre un comprovant del donatiu, podeu escriure a economialabase@gmail.com indicant el vostre dni i adre\u00e7a.<\/span><\/div>\n<div id=\"magicdomid112\" class=\"ace-line\">\u00a0<\/div>\n<div id=\"magicdomid113\" class=\"ace-line\"><span class=\"author-a-0pc0qjz69z9z75zz80zdz72z9z77zz68zz88z\">\u00a0\u00a0\u00a0 &#8211; <\/span><span class=\"author-a-0pc0qjz69z9z75zz80zdz72z9z77zz68zz88z b\"><b>Propietaris no abusius<\/b><\/span><span class=\"author-a-0pc0qjz69z9z75zz80zdz72z9z77zz68zz88z\">: Si coneixes algun propietari que faci lloguers assequibles, posa&#8217;t en contacte amb nosaltres. Al Sindicat hi ha moltes fam\u00edlies que volen quedar-se al barri pagant un lloguer, el problema \u00e9s que els seus propietaris demanen preus desorbitats i es neguen a negociar. Per aix\u00f2, si ets propietari o en coneixes algun que vulgui llogar un pis a un preu raonable, truca&#8217;ns a TELF SINDICAT.<\/span><\/div>\n<div id=\"magicdomid114\" class=\"ace-line\"><span class=\"author-a-9z82zz70zz75zz71zz66zz66zz70zvz80zkv2az70zz73z\">\u00a0\u00a0\u00a0\u00a0<\/span><\/div>\n<div id=\"magicdomid1051\" class=\"ace-line\"><span class=\"author-a-0pc0qjz69z9z75zz80zdz72z9z77zz68zz88z\">\u00a0\u00a0\u00a0 &#8211; Si tens <\/span><span class=\"author-a-0pc0qjz69z9z75zz80zdz72z9z77zz68zz88z b\"><b>coneixements legals<\/b><\/span><span class=\"author-a-0pc0qjz69z9z75zz80zdz72z9z77zz68zz88z\"> i ens pots assessorar amb documents judicials, molts cops necessitem consultar alguns dubtes puntuals. Et pots posar en contacte amb nosaltres a<\/span><span class=\"author-a-9z82zz70zz75zz71zz66zz66zz70zvz80zkv2az70zz73z\"> trav\u00e9s de correu electr\u00f2nic o tel\u00e8fon<\/span><\/div>\n<div id=\"magicdomid116\" class=\"ace-line\"><span class=\"author-a-9z82zz70zz75zz71zz66zz66zz70zvz80zkv2az70zz73z\">\u00a0\u00a0\u00a0\u00a0<\/span><\/div>\n<div id=\"magicdomid1130\" class=\"ace-line\"><span class=\"author-a-0pc0qjz69z9z75zz80zdz72z9z77zz68zz88z\">\u00a0\u00a0 &#8211; <\/span><span class=\"author-a-0pc0qjz69z9z75zz80zdz72z9z77zz68zz88z b\"><b>Dona&#8217;ns a con\u00e9ixer!<\/b><\/span><span class=\"author-a-0pc0qjz69z9z75zz80zdz72z9z77zz68zz88z\"> D\u00f3na <\/span><span class=\"author-a-9z82zz70zz75zz71zz66zz66zz70zvz80zkv2az70zz73z\">suport a aquesta campanya i a la lluita per l&#8217;habitatge a Poble Sec!<\/span><\/div>\n<div id=\"magicdomid1133\" class=\"ace-line\"><span class=\"author-a-9z82zz70zz75zz71zz66zz66zz70zvz80zkv2az70zz73z\">\u00a0\u00a0\u00a0<\/span><\/div>\n<div id=\"magicdomid1239\" class=\"ace-line\"><span class=\"author-a-9z82zz70zz75zz71zz66zz66zz70zvz80zkv2az70zz73z\">\u00a0\u00a0 &#8211; Si ets un col\u00b7lectiu del Poble Sec, ens pots donar suport explicit omplint aquest formulari: <\/span><span class=\"author-a-9z82zz70zz75zz71zz66zz66zz70zvz80zkv2az70zz73z url\"><a href=\"https:\/\/framaforms.org\/defensem-el-barri-1636367716\" rel=\"noreferrer noopener\">https:\/\/framaforms.org\/defensem-el-barri-1636367716<\/a><\/span><\/div>\n<div id=\"magicdomid118\" class=\"ace-line\"><span class=\"author-a-9z82zz70zz75zz71zz66zz66zz70zvz80zkv2az70zz73z\">\u00a0\u00a0\u00a0<\/span><\/div>\n<div id=\"magicdomid119\" class=\"ace-line\"><span class=\"author-a-9z82zz70zz75zz71zz66zz66zz70zvz80zkv2az70zz73z\">CONTACTE:<\/span><\/div>\n<div id=\"magicdomid977\" class=\"ace-line\">\n<ul class=\"list-bullet1\">\n<li><span class=\"author-a-9z82zz70zz75zz71zz66zz66zz70zvz80zkv2az70zz73z\">Tel\u00e8fon: +34 693 59 41 44<\/span><\/li>\n<\/ul>\n<\/div>\n<div id=\"magicdomid978\" class=\"ace-line\">\n<ul class=\"list-bullet1\">\n<li><span class=\"author-a-9z82zz70zz75zz71zz66zz66zz70zvz80zkv2az70zz73z\">Correu electr\u00f2nic: poblesec@sindicatdebarri.org<\/span><\/li>\n<\/ul>\n<\/div>\n<div id=\"magicdomid983\" class=\"ace-line\">\n<ul class=\"list-bullet1\">\n<li><span class=\"author-a-9z82zz70zz75zz71zz66zz66zz70zvz80zkv2az70zz73z\">Canal de telegram: <\/span><span class=\"author-a-9z82zz70zz75zz71zz66zz66zz70zvz80zkv2az70zz73z url\"><a href=\"https:\/\/t.me\/SindicatPobleSec\" rel=\"noreferrer noopener\">https:\/\/t.me\/SindicatPobleSec<\/a><\/span><\/li>\n<\/ul>\n<\/div>\n<div id=\"magicdomid1243\" class=\"ace-line\">\n<ul class=\"list-bullet1\">\n<li><span class=\"author-a-9z82zz70zz75zz71zz66zz66zz70zvz80zkv2az70zz73z\">N\u00famero de compte: ES23 3035 0175 8317 5001 4046 (&#8220;Donatiu SdB&#8221;+NOM)<\/span><\/li>\n<li>\u00a0<\/li>\n<li>Canal de Telegram (per les convocat\u00f2ries): https:\/\/t.me\/SindicatPobleSec<\/li>\n<\/ul>\n<\/div>\n<\/div>\n\n\n<p><\/p>\n","protected":false},"excerpt":{"rendered":"<p>Ning\u00fa marxa del Poble Sec D&#8217;ON VENIM \u00a0\u00a0\u00a0\u00a0\u00a0\u00a0\u00a0\u00a0\u00a0\u00a0\u00a0\u00a0\u00a0\u00a0\u00a0\u00a0\u00a0\u00a0\u00a0\u00a0\u00a0\u00a0\u00a0\u00a0\u00a0\u00a0\u00a0\u00a0\u00a0\u00a0\u00a0\u00a0\u00a0\u00a0\u00a0\u00a0\u00a0\u00a0\u00a0\u00a0\u00a0\u00a0\u00a0 Dins la l\u00f2gica del sistema capitalista en qu\u00e8 vivim, l&#8217;habitatge s&#8217;ha convertit [&hellip;]<\/p>\n","protected":false},"author":1,"featured_media":0,"parent":0,"menu_order":0,"comment_status":"closed","ping_status":"closed","template":"","meta":[],"_links":{"self":[{"href":"http:\/\/sindicatdebarri.org\/index.php\/wp-json\/wp\/v2\/pages\/1007"}],"collection":[{"href":"http:\/\/sindicatdebarri.org\/index.php\/wp-json\/wp\/v2\/pages"}],"about":[{"href":"http:\/\/sindicatdebarri.org\/index.php\/wp-json\/wp\/v2\/types\/page"}],"author":[{"embeddable":true,"href":"http:\/\/sindicatdebarri.org\/index.php\/wp-json\/wp\/v2\/users\/1"}],"replies":[{"embeddable":true,"href":"http:\/\/sindicatdebarri.org\/index.php\/wp-json\/wp\/v2\/comments?post=1007"}],"version-history":[{"count":5,"href":"http:\/\/sindicatdebarri.org\/index.php\/wp-json\/wp\/v2\/pages\/1007\/revisions"}],"predecessor-version":[{"id":1035,"href":"http:\/\/sindicatdebarri.org\/index.php\/wp-json\/wp\/v2\/pages\/1007\/revisions\/1035"}],"wp:attachment":[{"href":"http:\/\/sindicatdebarri.org\/index.php\/wp-json\/wp\/v2\/media?parent=1007"}],"curies":[{"name":"wp","href":"https:\/\/api.w.org\/{rel}","templated":true}]}}